{"id":454,"date":"2021-09-09T10:59:42","date_gmt":"2021-09-09T10:59:42","guid":{"rendered":"https:\/\/2bmfg.com\/home\/"},"modified":"2024-05-14T10:52:19","modified_gmt":"2024-05-14T08:52:19","slug":"home","status":"publish","type":"page","link":"https:\/\/2bmfg.com\/es\/","title":{"rendered":"Home"},"content":{"rendered":"<section class=\"wpb-content-wrapper\"><p>[vc_row full_width=\u00bbstretch_row_content\u00bb][vc_column css=\u00bb.vc_custom_1634292536409{margin-bottom: 100px !important;}\u00bb el_class=\u00bbhome-slider\u00bb][vc_egluu_project_slider ids=\u00bb364, 27, 147, 398, 423, 161&#8243; orderby=\u00bbmodified\u00bb cats=\u00bbaltres,calculs-estructurals,docents-i-de-recerca,equipaments,esportius,habitatge-plurifamiliar,habitatge-unifamiliar,habitatges,obra-nova,reforcos-estructurals-i-actuacions-massives,reformes,rehabilitacions-i-reformes\u00bb slides=\u00bb4&#8243; count=\u00bb6&#8243;][\/vc_column][\/vc_row][vc_row css=\u00bb.vc_custom_1632745357529{margin-bottom: 100px !important;}\u00bb][vc_column mobile_mb=\u00bbmargin-xs-30b\u00bb][vc_headings]<\/p>\n<h1><strong>Estudio de Arquitectura en Barcelona<\/strong><\/h1>\n<p>[\/vc_headings][vc_column_text css=\u00bb.vc_custom_1643652894126{margin-bottom: 30px !important;}\u00bb el_class=\u00bbmt-2&#8243;]Bienvenidos a 2BMFG,<br \/>\nun <strong>estudio de arquitectura barcelon\u00e9s con 50 a\u00f1os de experiencia<\/strong> en rehabilitaci\u00f3n de edificios y obra nueva.<br \/>\nSomos referentes en c\u00e1lculo estructural e innovamos desde el ecodise\u00f1o para construir un futuro habitable m\u00e1s sostenible y humano.[\/vc_column_text][vc_column_text el_class=\u00bbtext-medium\u00bb]<strong>\u00abSi la experiencia es un grado, la innovaci\u00f3n es nuestro motor y el <span class=\"underline\">ecodise\u00f1o<\/span> <i class=\"custom-icon leaf-icon\"><\/i>, nuestra convicci\u00f3n.\u00bb<\/strong>[\/vc_column_text][\/vc_column][\/vc_row][vc_row disable_element=\u00bbyes\u00bb css=\u00bb.vc_custom_1705405470577{margin-bottom: 100px !important;}\u00bb][vc_column width=\u00bb1\/4&#8243; mobile_mb=\u00bbmargin-xs-30b\u00bb][vc_column_text css=\u00bb.vc_custom_1643652894126{margin-bottom: 30px !important;}\u00bb el_class=\u00bbmt-2&#8243;]Bienvenidos a 2BMFG,<br \/>\nun <strong>estudio de arquitectura barcelon\u00e9s con 50 a\u00f1os de experiencia<\/strong> en rehabilitaci\u00f3n de edificios y obra nueva.<br \/>\nSomos referentes en c\u00e1lculo estructural e innovamos desde el ecodise\u00f1o para construir un futuro habitable m\u00e1s sostenible y humano.[\/vc_column_text][vc_column_text el_class=\u00bbtext-medium\u00bb]<strong>\u00abSi la experiencia es un grado, la innovaci\u00f3n es nuestro motor y el <span class=\"underline\">ecodise\u00f1o<\/span> <i class=\"custom-icon leaf-icon\"><\/i>, nuestra convicci\u00f3n.\u00bb<\/strong>[\/vc_column_text][\/vc_column][vc_column width=\u00bb3\/4&#8243;][vc_raw_html]JTVCd2RpX2ZlZWQlMjBpZCUzRCUyMjElMjIlNUQlMEElM0NkaXYlMjBjbGFzcyUzRCUyMnRleHQtcmlnaHQlMjIlM0UlMEElM0NhJTIwaHJlZiUzRCUyMmh0dHBzJTNBJTJGJTJGd3d3Lmluc3RhZ3JhbS5jb20lMkYyYm1mZyUyRiUyMiUyMHRhcmdldCUzRCUyMl9ibGFuayUyMiUyMHRpdGxlJTNEJTIySW5zdGFncmFtJTIyJTNFUyVDMyVBRGd1ZW5vcyUyMGVuJTIwSW5zdGFncmFtJTNDJTJGYSUzRSUwQSUzQyUyRmRpdiUzRQ==[\/vc_raw_html][\/vc_column][\/vc_row][vc_row][vc_column][vc_column_text css=\u00bb.vc_custom_1715676737379{border-bottom-width: 1px !important;padding-bottom: 10px !important;border-bottom-color: #000000 !important;}\u00bb]<\/p>\n<p style=\"text-align: center;\"><strong>Proyectos destacados<br \/>\n<\/strong><\/p>\n<p>[\/vc_column_text][vc_separator][\/vc_column][\/vc_row][vc_row][vc_column][vc_empty_space height=\u00bb4rem\u00bb][vc_egluu_project_gallery source=\u00bbprojects\u00bb projects_ids=\u00bb18115,17941,16186,16172&#8243; title=\u00bbRehabilitaciones y reformas\u00bb desc=\u00bbLa rehabilitaci\u00f3n es para nosotros una labor fundamental para mejorar y conservar el patrimonio arquitect\u00f3nico.\u00bb][\/vc_column][\/vc_row][vc_row][vc_column][vc_empty_space height=\u00bb4rem\u00bb][vc_egluu_project_gallery source=\u00bbprojects\u00bb projects_ids=\u00bb16403,16411,16409,16407&#8243; title=\u00bbC\u00e1lculo estructural\u00bb desc=\u00bbCalculamos estructuras de obra nueva, de rehabilitaciones y hacemos refuerzos estructurales de cualquier complejidad.\u00bb][\/vc_column][\/vc_row][vc_row][vc_column][vc_empty_space height=\u00bb4rem\u00bb][vc_egluu_project_gallery source=\u00bbprojects\u00bb projects_ids=\u00bb15628,15277,15631&#8243; title=\u00bbEquipamientos\u00bb desc=\u00bbCentros de investigaci\u00f3n, edificios institucionales, deportivos, sociales, sanitarios y de oficinas entre otros.\u00bb][\/vc_column][\/vc_row][vc_row][vc_column][vc_empty_space height=\u00bb4rem\u00bb][vc_egluu_project_gallery source=\u00bbrandom\u00bb cat=\u00bbhabitatges\u00bb title=\u00bbProyectos de vivienda\u00bb count=\u00bb3&#8243; desc=\u00bbLa vivienda es una de nuestras mayores ilusiones y fortalezas, ya sean unifamiliares o plurifamiliares.\u00bb][\/vc_column][\/vc_row][vc_row][vc_column][vc_empty_space height=\u00bb4rem\u00bb][vc_egluu_project_gallery source=\u00bbprojects\u00bb projects_ids=\u00bb14218&#8243; title=\u00bbEstructura Sagrada Familia\u00bb desc=\u00bbDise\u00f1o, c\u00e1lculo y direcci\u00f3n de obra de la estructura de la nave, el crucero y el \u00e1bside.\u00bb additional=\u00bb3&#8243;][vc_empty_space height=\u00bb4rem\u00bb][\/vc_column][\/vc_row][vc_row][vc_column][vc_headings]<\/p>\n<h2 style=\"text-align: center;\">Proyectos de arquitectura en Barcelona<\/h2>\n<p>[\/vc_headings][vc_column_text]Con m\u00e1s de 50 a\u00f1os en el sector, hemos desarrollado un profundo conocimiento y dominio de las t\u00e9cnicas y procesos necesarios para realizar proyectos arquitect\u00f3nicos de alta calidad.<\/p>\n<p>Nuestra especialidad se centra en el <strong>c\u00e1lculo estructural y la innovaci\u00f3n desde el ecodise\u00f1o<\/strong>. Somos reconocidos como referentes en este \u00e1mbito utilizando t\u00e9cnicas y metodolog\u00edas vanguardistas para crear un futuro habitable m\u00e1s sostenible y humano. Nuestro enfoque se basa en la b\u00fasqueda constante de soluciones arquitect\u00f3nicas que minimicen el impacto ambiental y promuevan la eficiencia energ\u00e9tica.<\/p>\n<p>Gracias a nuestra amplia experiencia y especializaci\u00f3n, hemos conseguido llevar a cabo numerosos proyectos exitosos en Barcelona y en Catalu\u00f1a. Nuestra capacidad para abordar tanto la rehabilitaci\u00f3n de edificios existentes como la construcci\u00f3n de nuevas obras, nos ha posicionado como uno de los estudios de arquitectura m\u00e1s reconocidos de la ciudad.<\/p>\n<p>Barcelona, \u200b\u200bconocida por su enfoque en la <strong>rehabilitaci\u00f3n de edificios hist\u00f3ricos<\/strong>, gracias a estudios de arquitectura como el nuestro hemos liderado importantes proyectos de recuperaci\u00f3n y restauraci\u00f3n de edificaciones emblem\u00e1ticas, preservando su valor arquitect\u00f3nico y cultural.[\/vc_column_text][vc_empty_space height=\u00bb8rem\u00bb][\/vc_column][\/vc_row][vc_row][vc_column][vc_column_text css=\u00bb.vc_custom_1705493089082{border-bottom-width: 1px !important;padding-bottom: 10px !important;border-bottom-color: #000000 !important;}\u00bb]<\/p>\n<h4 style=\"text-align: center;\">ACTUALIDAD<\/h4>\n<p>[\/vc_column_text][\/vc_column][\/vc_row]<\/p>\n<\/section>","protected":false},"excerpt":{"rendered":"<p>[vc_row full_width=\u00bbstretch_row_content\u00bb][vc_column css=\u00bb.vc_custom_1634292536409{margin-bottom: 100px !important;}\u00bb el_class=\u00bbhome-slider\u00bb][vc_egluu_project_slider ids=\u00bb364, 27, 147, 398, 423, 161&#8243; orderby=\u00bbmodified\u00bb cats=\u00bbaltres,calculs-estructurals,docents-i-de-recerca,equipaments,esportius,habitatge-plurifamiliar,habitatge-unifamiliar,habitatges,obra-nova,reforcos-estructurals-i-actuacions-massives,reformes,rehabilitacions-i-reformes\u00bb slides=\u00bb4&#8243; count=\u00bb6&#8243;][\/vc_column][\/vc_row][vc_row css=\u00bb.vc_custom_1632745357529{margin-bottom: 100px !important;}\u00bb][vc_column mobile_mb=\u00bbmargin-xs-30b\u00bb][vc_headings]<\/p>\n","protected":false},"author":3,"featured_media":17360,"parent":0,"menu_order":0,"comment_status":"closed","ping_status":"closed","template":"home-template.php","meta":{"footnotes":""},"class_list":["post-454","page","type-page","status-publish","has-post-thumbnail","hentry"],"yoast_head":"<!-- This site is optimized with the Yoast SEO plugin v23.4 - https:\/\/yoast.com\/wordpress\/plugins\/seo\/ -->\n<title>Estudio de Arquitectura en Barcelona | 2BMFG arquitectes<\/title>\n<meta name=\"description\" content=\"2BMFG es un estudio de arquitectura en Barcelona que ofrece servicios con esencia innovadora y sostenible, comprometida con la sociedad.\" \/>\n<meta name=\"robots\" content=\"index, follow, max-snippet:-1, max-image-preview:large, max-video-preview:-1\" \/>\n<link rel=\"canonical\" href=\"https:\/\/2bmfg.com\/es\/\" \/>\n<meta property=\"og:locale\" content=\"es_ES\" \/>\n<meta property=\"og:type\" content=\"article\" \/>\n<meta property=\"og:title\" content=\"Estudio de Arquitectura en Barcelona | 2BMFG arquitectes\" \/>\n<meta property=\"og:description\" content=\"2BMFG es un estudio de arquitectura en Barcelona que ofrece servicios con esencia innovadora y sostenible, comprometida con la sociedad.\" \/>\n<meta property=\"og:url\" content=\"https:\/\/2bmfg.com\/es\/\" \/>\n<meta property=\"og:site_name\" content=\"2BMFG Arquitectes\" \/>\n<meta property=\"article:modified_time\" content=\"2024-05-14T08:52:19+00:00\" \/>\n<meta property=\"og:image\" content=\"https:\/\/2bmfg.com\/wp-content\/uploads\/2022\/09\/PAGINAINICI_HABITATGES2.jpg\" \/>\n\t<meta property=\"og:image:width\" content=\"1366\" \/>\n\t<meta property=\"og:image:height\" content=\"2048\" \/>\n\t<meta property=\"og:image:type\" content=\"image\/jpeg\" \/>\n<meta name=\"twitter:card\" content=\"summary_large_image\" \/>\n<meta name=\"twitter:label1\" content=\"Est. reading time\" \/>\n\t<meta name=\"twitter:data1\" content=\"3 minutos\" \/>\n<script type=\"application\/ld+json\" class=\"yoast-schema-graph\">{\"@context\":\"https:\/\/schema.org\",\"@graph\":[{\"@type\":\"WebPage\",\"@id\":\"https:\/\/2bmfg.com\/es\/\",\"url\":\"https:\/\/2bmfg.com\/es\/\",\"name\":\"Estudio de Arquitectura en Barcelona | 2BMFG arquitectes\",\"isPartOf\":{\"@id\":\"https:\/\/2bmfg.com\/es\/#website\"},\"primaryImageOfPage\":{\"@id\":\"https:\/\/2bmfg.com\/es\/#primaryimage\"},\"image\":{\"@id\":\"https:\/\/2bmfg.com\/es\/#primaryimage\"},\"thumbnailUrl\":\"https:\/\/2bmfg.com\/wp-content\/uploads\/2022\/09\/PAGINAINICI_HABITATGES2.jpg\",\"datePublished\":\"2021-09-09T10:59:42+00:00\",\"dateModified\":\"2024-05-14T08:52:19+00:00\",\"description\":\"2BMFG es un estudio de arquitectura en Barcelona que ofrece servicios con esencia innovadora y sostenible, comprometida con la sociedad.\",\"breadcrumb\":{\"@id\":\"https:\/\/2bmfg.com\/es\/#breadcrumb\"},\"inLanguage\":\"es\",\"potentialAction\":[{\"@type\":\"ReadAction\",\"target\":[\"https:\/\/2bmfg.com\/es\/\"]}]},{\"@type\":\"ImageObject\",\"inLanguage\":\"es\",\"@id\":\"https:\/\/2bmfg.com\/es\/#primaryimage\",\"url\":\"https:\/\/2bmfg.com\/wp-content\/uploads\/2022\/09\/PAGINAINICI_HABITATGES2.jpg\",\"contentUrl\":\"https:\/\/2bmfg.com\/wp-content\/uploads\/2022\/09\/PAGINAINICI_HABITATGES2.jpg\",\"width\":1366,\"height\":2048,\"caption\":\"ARQUITECTOS\"},{\"@type\":\"BreadcrumbList\",\"@id\":\"https:\/\/2bmfg.com\/es\/#breadcrumb\",\"itemListElement\":[{\"@type\":\"ListItem\",\"position\":1,\"name\":\"Home\",\"item\":\"https:\/\/2bmfg.com\/es\/\"},{\"@type\":\"ListItem\",\"position\":2,\"name\":\"Home\"}]},{\"@type\":\"WebSite\",\"@id\":\"https:\/\/2bmfg.com\/es\/#website\",\"url\":\"https:\/\/2bmfg.com\/es\/\",\"name\":\"2BMFG Arquitectes\",\"description\":\"arquitectes\",\"publisher\":{\"@id\":\"https:\/\/2bmfg.com\/es\/#organization\"},\"potentialAction\":[{\"@type\":\"SearchAction\",\"target\":{\"@type\":\"EntryPoint\",\"urlTemplate\":\"https:\/\/2bmfg.com\/es\/?s={search_term_string}\"},\"query-input\":{\"@type\":\"PropertyValueSpecification\",\"valueRequired\":true,\"valueName\":\"search_term_string\"}}],\"inLanguage\":\"es\"},{\"@type\":\"Organization\",\"@id\":\"https:\/\/2bmfg.com\/es\/#organization\",\"name\":\"2BMFG Arquitectes\",\"url\":\"https:\/\/2bmfg.com\/es\/\",\"logo\":{\"@type\":\"ImageObject\",\"inLanguage\":\"es\",\"@id\":\"https:\/\/2bmfg.com\/es\/#\/schema\/logo\/image\/\",\"url\":\"https:\/\/2bmfg.com\/wp-content\/uploads\/2022\/09\/cropped-favicon_2BMFG_arquitectes.png\",\"contentUrl\":\"https:\/\/2bmfg.com\/wp-content\/uploads\/2022\/09\/cropped-favicon_2BMFG_arquitectes.png\",\"width\":512,\"height\":512,\"caption\":\"2BMFG Arquitectes\"},\"image\":{\"@id\":\"https:\/\/2bmfg.com\/es\/#\/schema\/logo\/image\/\"},\"sameAs\":[\"https:\/\/www.instagram.com\/2bmfg\/\"]}]}<\/script>\n<!-- \/ Yoast SEO plugin. -->","yoast_head_json":{"title":"Estudio de Arquitectura en Barcelona | 2BMFG arquitectes","description":"2BMFG es un estudio de arquitectura en Barcelona que ofrece servicios con esencia innovadora y sostenible, comprometida con la sociedad.","robots":{"index":"index","follow":"follow","max-snippet":"max-snippet:-1","max-image-preview":"max-image-preview:large","max-video-preview":"max-video-preview:-1"},"canonical":"https:\/\/2bmfg.com\/es\/","og_locale":"es_ES","og_type":"article","og_title":"Estudio de Arquitectura en Barcelona | 2BMFG arquitectes","og_description":"2BMFG es un estudio de arquitectura en Barcelona que ofrece servicios con esencia innovadora y sostenible, comprometida con la sociedad.","og_url":"https:\/\/2bmfg.com\/es\/","og_site_name":"2BMFG Arquitectes","article_modified_time":"2024-05-14T08:52:19+00:00","og_image":[{"width":1366,"height":2048,"url":"https:\/\/2bmfg.com\/wp-content\/uploads\/2022\/09\/PAGINAINICI_HABITATGES2.jpg","type":"image\/jpeg"}],"twitter_card":"summary_large_image","twitter_misc":{"Est. reading time":"3 minutos"},"schema":{"@context":"https:\/\/schema.org","@graph":[{"@type":"WebPage","@id":"https:\/\/2bmfg.com\/es\/","url":"https:\/\/2bmfg.com\/es\/","name":"Estudio de Arquitectura en Barcelona | 2BMFG arquitectes","isPartOf":{"@id":"https:\/\/2bmfg.com\/es\/#website"},"primaryImageOfPage":{"@id":"https:\/\/2bmfg.com\/es\/#primaryimage"},"image":{"@id":"https:\/\/2bmfg.com\/es\/#primaryimage"},"thumbnailUrl":"https:\/\/2bmfg.com\/wp-content\/uploads\/2022\/09\/PAGINAINICI_HABITATGES2.jpg","datePublished":"2021-09-09T10:59:42+00:00","dateModified":"2024-05-14T08:52:19+00:00","description":"2BMFG es un estudio de arquitectura en Barcelona que ofrece servicios con esencia innovadora y sostenible, comprometida con la sociedad.","breadcrumb":{"@id":"https:\/\/2bmfg.com\/es\/#breadcrumb"},"inLanguage":"es","potentialAction":[{"@type":"ReadAction","target":["https:\/\/2bmfg.com\/es\/"]}]},{"@type":"ImageObject","inLanguage":"es","@id":"https:\/\/2bmfg.com\/es\/#primaryimage","url":"https:\/\/2bmfg.com\/wp-content\/uploads\/2022\/09\/PAGINAINICI_HABITATGES2.jpg","contentUrl":"https:\/\/2bmfg.com\/wp-content\/uploads\/2022\/09\/PAGINAINICI_HABITATGES2.jpg","width":1366,"height":2048,"caption":"ARQUITECTOS"},{"@type":"BreadcrumbList","@id":"https:\/\/2bmfg.com\/es\/#breadcrumb","itemListElement":[{"@type":"ListItem","position":1,"name":"Home","item":"https:\/\/2bmfg.com\/es\/"},{"@type":"ListItem","position":2,"name":"Home"}]},{"@type":"WebSite","@id":"https:\/\/2bmfg.com\/es\/#website","url":"https:\/\/2bmfg.com\/es\/","name":"2BMFG Arquitectes","description":"arquitectes","publisher":{"@id":"https:\/\/2bmfg.com\/es\/#organization"},"potentialAction":[{"@type":"SearchAction","target":{"@type":"EntryPoint","urlTemplate":"https:\/\/2bmfg.com\/es\/?s={search_term_string}"},"query-input":{"@type":"PropertyValueSpecification","valueRequired":true,"valueName":"search_term_string"}}],"inLanguage":"es"},{"@type":"Organization","@id":"https:\/\/2bmfg.com\/es\/#organization","name":"2BMFG Arquitectes","url":"https:\/\/2bmfg.com\/es\/","logo":{"@type":"ImageObject","inLanguage":"es","@id":"https:\/\/2bmfg.com\/es\/#\/schema\/logo\/image\/","url":"https:\/\/2bmfg.com\/wp-content\/uploads\/2022\/09\/cropped-favicon_2BMFG_arquitectes.png","contentUrl":"https:\/\/2bmfg.com\/wp-content\/uploads\/2022\/09\/cropped-favicon_2BMFG_arquitectes.png","width":512,"height":512,"caption":"2BMFG Arquitectes"},"image":{"@id":"https:\/\/2bmfg.com\/es\/#\/schema\/logo\/image\/"},"sameAs":["https:\/\/www.instagram.com\/2bmfg\/"]}]}},"_links":{"self":[{"href":"https:\/\/2bmfg.com\/es\/wp-json\/wp\/v2\/pages\/454"}],"collection":[{"href":"https:\/\/2bmfg.com\/es\/wp-json\/wp\/v2\/pages"}],"about":[{"href":"https:\/\/2bmfg.com\/es\/wp-json\/wp\/v2\/types\/page"}],"author":[{"embeddable":true,"href":"https:\/\/2bmfg.com\/es\/wp-json\/wp\/v2\/users\/3"}],"replies":[{"embeddable":true,"href":"https:\/\/2bmfg.com\/es\/wp-json\/wp\/v2\/comments?post=454"}],"version-history":[{"count":20,"href":"https:\/\/2bmfg.com\/es\/wp-json\/wp\/v2\/pages\/454\/revisions"}],"predecessor-version":[{"id":18379,"href":"https:\/\/2bmfg.com\/es\/wp-json\/wp\/v2\/pages\/454\/revisions\/18379"}],"wp:featuredmedia":[{"embeddable":true,"href":"https:\/\/2bmfg.com\/es\/wp-json\/wp\/v2\/media\/17360"}],"wp:attachment":[{"href":"https:\/\/2bmfg.com\/es\/wp-json\/wp\/v2\/media?parent=454"}],"curies":[{"name":"wp","href":"https:\/\/api.w.org\/{rel}","templated":true}]}}