{"id":17252,"date":"2021-12-14T12:49:41","date_gmt":"2021-12-14T11:49:41","guid":{"rendered":"https:\/\/2bmfg.com\/clients-publics-i-privats\/"},"modified":"2022-09-09T11:23:51","modified_gmt":"2022-09-09T09:23:51","slug":"clientes-publicos-y-privados","status":"publish","type":"page","link":"https:\/\/2bmfg.com\/es\/clientes-publicos-y-privados\/","title":{"rendered":"Clientes p\u00fablicos y privados"},"content":{"rendered":"<section class=\"wpb-content-wrapper\"><p>[vc_row][vc_column width=\u00bb1\/2&#8243;][vc_column_text el_class=\u00bbmb-5&#8243;]<\/p>\n<h1 class=\"uppercase letter-spaced\">Clientes p\u00fablicos y privados<\/h1>\n<p>2BMFG es un estudio de arquitectura especializado en diferentes \u00e1reas: viviendas, rehabilitaciones y reformas, equipamientos, estructuras y dict\u00e1menes y diagnosis. Hemos llevado a cabo m\u00e1s de 200 proyectos de distinta escala, tanto en el sector p\u00fablico como privado. Siempre nos comprometemos al m\u00e1ximo y creamos sinergias con cada cliente desde la comunicaci\u00f3n y el di\u00e1logo. Las certificaciones ISO 9001 y 14006 en calidad y ecodise\u00f1o avalan nuestro trabajo.[\/vc_column_text][\/vc_column][vc_column width=\u00bb1\/2&#8243;][\/vc_column][\/vc_row][vc_row][vc_column width=\u00bb1\/4&#8243;][vc_single_image image=\u00bb16646&#8243; img_size=\u00bbfull\u00bb alignment=\u00bbcenter\u00bb el_class=\u00bbmb-3&#8243;][vc_column_text el_class=\u00bbmb-5&#8243;]<\/p>\n<p class=\"text-center\">Societat General d\u2019Aig\u00fces de Barcelona<\/p>\n<p>[\/vc_column_text][\/vc_column][vc_column width=\u00bb1\/4&#8243;][vc_single_image image=\u00bb16658&#8243; img_size=\u00bbfull\u00bb alignment=\u00bbcenter\u00bb el_class=\u00bbmb-3&#8243;][vc_column_text el_class=\u00bbmb-5&#8243;]Ag\u00e8ncia de Promoci\u00f3 del Carmel i Entorns, S.A.[\/vc_column_text][\/vc_column][vc_column width=\u00bb1\/4&#8243;][vc_single_image image=\u00bb16628&#8243; img_size=\u00bbfull\u00bb alignment=\u00bbcenter\u00bb el_class=\u00bbmb-3&#8243;][vc_column_text el_class=\u00bbmb-5&#8243;]<\/p>\n<p style=\"text-align: center;\">Ajuntament de Barcelona<\/p>\n<p>[\/vc_column_text][\/vc_column][vc_column width=\u00bb1\/4&#8243;][vc_single_image image=\u00bb16637&#8243; img_size=\u00bbfull\u00bb alignment=\u00bbcenter\u00bb el_class=\u00bbmb-3&#8243;][vc_column_text el_class=\u00bbmb-5&#8243;]<\/p>\n<p style=\"text-align: center;\">Ajuntament de Sant Boi del Llobregat<\/p>\n<p>[\/vc_column_text][\/vc_column][\/vc_row][vc_row][vc_column width=\u00bb1\/4&#8243;][vc_single_image image=\u00bb16631&#8243; img_size=\u00bbfull\u00bb alignment=\u00bbcenter\u00bb el_class=\u00bbmb-3&#8243;][vc_column_text el_class=\u00bbmb-5&#8243;]<\/p>\n<p style=\"text-align: center;\">Ajuntament de Granollers<\/p>\n<p>[\/vc_column_text][\/vc_column][vc_column width=\u00bb1\/4&#8243;][vc_single_image image=\u00bb16640&#8243; img_size=\u00bbfull\u00bb alignment=\u00bbcenter\u00bb el_class=\u00bbmb-3&#8243;][vc_column_text el_class=\u00bbmb-5&#8243;]<\/p>\n<p style=\"text-align: center;\">Ajuntament de Sant Just Desvern<\/p>\n<p>[\/vc_column_text][\/vc_column][vc_column width=\u00bb1\/4&#8243;][vc_single_image image=\u00bb16652&#8243; img_size=\u00bbfull\u00bb alignment=\u00bbcenter\u00bb el_class=\u00bbmb-3&#8243;][vc_column_text el_class=\u00bbmb-5&#8243;]<\/p>\n<p style=\"text-align: center;\">Ajuntament de L&#8217;Hospitalet del Llobregat<\/p>\n<p>[\/vc_column_text][\/vc_column][vc_column width=\u00bb1\/4&#8243;][vc_single_image image=\u00bb16634&#8243; img_size=\u00bbfull\u00bb alignment=\u00bbcenter\u00bb el_class=\u00bbmb-3&#8243;][vc_column_text el_class=\u00bbmb-5&#8243;]<\/p>\n<p style=\"text-align: center;\">Ajuntament de Navarcles<\/p>\n<p>[\/vc_column_text][\/vc_column][\/vc_row][vc_row][vc_column width=\u00bb1\/4&#8243;][vc_single_image image=\u00bb16643&#8243; img_size=\u00bbfull\u00bb alignment=\u00bbcenter\u00bb el_class=\u00bbmb-3&#8243;][vc_column_text el_class=\u00bbmb-5&#8243;]Ajuntament de Vilafranca del Pened\u00e8s[\/vc_column_text][\/vc_column][vc_column width=\u00bb1\/4&#8243;][vc_single_image image=\u00bb16655&#8243; img_size=\u00bbfull\u00bb alignment=\u00bbcenter\u00bb el_class=\u00bbmb-3&#8243;][vc_column_text el_class=\u00bbmb-5&#8243;]<\/p>\n<p class=\"text-center\">\u00c0rea metropolitana de Barcelona<\/p>\n<p>[\/vc_column_text][\/vc_column][vc_column width=\u00bb1\/4&#8243;][vc_single_image image=\u00bb16661&#8243; img_size=\u00bbfull\u00bb alignment=\u00bbcenter\u00bb el_class=\u00bbmb-3&#8243;][vc_column_text el_class=\u00bbmb-5&#8243;]<\/p>\n<p class=\"text-center\">Barcelona d\u2019Infraestructures Municipals S.A.<\/p>\n<p>[\/vc_column_text][\/vc_column][vc_column width=\u00bb1\/4&#8243;][vc_single_image image=\u00bb16664&#8243; img_size=\u00bbfull\u00bb alignment=\u00bbcenter\u00bb el_class=\u00bbmb-3&#8243;][vc_column_text el_class=\u00bbmb-5&#8243;]<\/p>\n<p class=\"text-center\">Barcelona de Serveis Municipals<\/p>\n<p>[\/vc_column_text][\/vc_column][\/vc_row][vc_row][vc_column width=\u00bb1\/4&#8243;][vc_single_image image=\u00bb16667&#8243; img_size=\u00bbfull\u00bb alignment=\u00bbcenter\u00bb el_class=\u00bbmb-3&#8243;][vc_column_text el_class=\u00bbmb-5&#8243;]<\/p>\n<p class=\"text-center\">Consejo Superior de Investigaciones Cient\u00edficas<\/p>\n<p>[\/vc_column_text][\/vc_column][vc_column width=\u00bb1\/4&#8243;][vc_single_image image=\u00bb16670&#8243; img_size=\u00bbfull\u00bb alignment=\u00bbcenter\u00bb el_class=\u00bbmb-3&#8243;][vc_column_text el_class=\u00bbmb-5&#8243;]<\/p>\n<p style=\"text-align: center;\">Diputaci\u00f3 de Barcelona<\/p>\n<p>[\/vc_column_text][\/vc_column][vc_column width=\u00bb1\/4&#8243;][vc_single_image image=\u00bb16685&#8243; img_size=\u00bbfull\u00bb alignment=\u00bbcenter\u00bb el_class=\u00bbmb-3&#8243;][vc_column_text el_class=\u00bbmb-5&#8243;]<\/p>\n<p style=\"text-align: center;\">Fundaci\u00f3 Privada de L&#8217;Hospital de la Santa Creu i Sant Pau<\/p>\n<p>[\/vc_column_text][\/vc_column][vc_column width=\u00bb1\/4&#8243;][vc_single_image image=\u00bb16679&#8243; img_size=\u00bbfull\u00bb alignment=\u00bbcenter\u00bb el_class=\u00bbmb-3&#8243;][vc_column_text el_class=\u00bbmb-5&#8243;]<\/p>\n<p class=\"text-center\">Departament d\u2019Interior<\/p>\n<p>[\/vc_column_text][\/vc_column][\/vc_row][vc_row][vc_column width=\u00bb1\/4&#8243;][vc_single_image image=\u00bb16682&#8243; img_size=\u00bbfull\u00bb alignment=\u00bbcenter\u00bb el_class=\u00bbmb-3&#8243;][vc_column_text el_class=\u00bbmb-5&#8243;]<\/p>\n<p class=\"text-center\">Departament de Just\u00edcia<\/p>\n<p>[\/vc_column_text][\/vc_column][vc_column width=\u00bb1\/4&#8243;][vc_single_image image=\u00bb16688&#8243; img_size=\u00bbfull\u00bb alignment=\u00bbcenter\u00bb el_class=\u00bbmb-3&#8243;][vc_column_text el_class=\u00bbmb-5&#8243;]<\/p>\n<p class=\"text-center\">Institut Municipal del S\u00f3l<\/p>\n<p>[\/vc_column_text][\/vc_column][vc_column width=\u00bb1\/4&#8243;][vc_single_image image=\u00bb16691&#8243; img_size=\u00bbfull\u00bb alignment=\u00bbcenter\u00bb el_class=\u00bbmb-3&#8243;][vc_column_text el_class=\u00bbmb-5&#8243;]<\/p>\n<p class=\"text-center\">Institut Catal\u00e0 del S\u00f3l<\/p>\n<p>[\/vc_column_text][\/vc_column][vc_column width=\u00bb1\/4&#8243;][vc_single_image image=\u00bb16694&#8243; img_size=\u00bbfull\u00bb alignment=\u00bbcenter\u00bb el_class=\u00bbmb-3&#8243;][vc_column_text el_class=\u00bbmb-5&#8243;]<\/p>\n<p class=\"text-center\" style=\"text-align: center;\">Patronat Municipal de l\u2019Habitatge<\/p>\n<p>[\/vc_column_text][\/vc_column][\/vc_row][vc_row][vc_column width=\u00bb1\/4&#8243;][vc_single_image image=\u00bb16697&#8243; img_size=\u00bbfull\u00bb alignment=\u00bbcenter\u00bb el_class=\u00bbmb-3&#8243;][vc_column_text el_class=\u00bbmb-5&#8243;]<\/p>\n<p class=\"text-center\">Sociedad Estatal de Gesti\u00f3n Inmobiliaria de Patrimonio S.A.<\/p>\n<p>[\/vc_column_text][\/vc_column][vc_column width=\u00bb1\/4&#8243;][vc_single_image image=\u00bb16703&#8243; img_size=\u00bbfull\u00bb alignment=\u00bbcenter\u00bb el_class=\u00bbmb-3&#8243;][vc_column_text el_class=\u00bbmb-5&#8243;]<\/p>\n<p style=\"text-align: center;\">Universitat de Barcelona<\/p>\n<p>[\/vc_column_text][\/vc_column][vc_column width=\u00bb1\/4&#8243;][vc_single_image image=\u00bb16700&#8243; img_size=\u00bbfull\u00bb alignment=\u00bbcenter\u00bb el_class=\u00bbmb-3&#8243;][vc_column_text el_class=\u00bbmb-5&#8243;]Universitat Aut\u00f2noma de Barcelona[\/vc_column_text][\/vc_column][vc_column width=\u00bb1\/4&#8243;][vc_single_image image=\u00bb16649&#8243; img_size=\u00bbfull\u00bb alignment=\u00bbcenter\u00bb el_class=\u00bbmb-3&#8243;][vc_column_text el_class=\u00bbmb-5&#8243;]<\/p>\n<p class=\"text-center\">Ag\u00e8ncia de l\u2019Habitatge de Catalunya<\/p>\n<p>[\/vc_column_text][\/vc_column][\/vc_row][vc_row][vc_column width=\u00bb1\/4&#8243;][vc_single_image image=\u00bb17106&#8243; img_size=\u00bbfull\u00bb alignment=\u00bbcenter\u00bb el_class=\u00bbmb-3&#8243;][vc_column_text el_class=\u00bbmb-5&#8243;]<\/p>\n<p class=\"text-center\">Infraestructures de la Generalitat de Catalunya SAU<\/p>\n<p>[\/vc_column_text][\/vc_column][vc_column width=\u00bb1\/4&#8243;][vc_single_image image=\u00bb17109&#8243; img_size=\u00bbfull\u00bb alignment=\u00bbcenter\u00bb el_class=\u00bbmb-3&#8243;][vc_column_text el_class=\u00bbmb-5&#8243;]<\/p>\n<p style=\"text-align: center;\">Futbol Club Barcelona<\/p>\n<p>[\/vc_column_text][\/vc_column][vc_column width=\u00bb1\/4&#8243;][vc_single_image image=\u00bb17218&#8243; img_size=\u00bbfull\u00bb alignment=\u00bbcenter\u00bb el_class=\u00bbmb-3&#8243;][vc_column_text el_class=\u00bbmb-5&#8243;]<\/p>\n<p style=\"text-align: center;\">Ajuntament d&#8217;Alp<\/p>\n<p>[\/vc_column_text][\/vc_column][vc_column width=\u00bb1\/4&#8243;][vc_single_image image=\u00bb17222&#8243; img_size=\u00bbfull\u00bb alignment=\u00bbcenter\u00bb el_class=\u00bbmb-3&#8243;][vc_column_text el_class=\u00bbmb-5&#8243;]<\/p>\n<p class=\"text-center\">Centre Excursionista de Catalunya<\/p>\n<p>[\/vc_column_text][\/vc_column][\/vc_row][vc_row][vc_column width=\u00bb1\/4&#8243;][vc_single_image image=\u00bb17227&#8243; img_size=\u00bbfull\u00bb alignment=\u00bbcenter\u00bb el_class=\u00bbmb-3&#8243;][vc_column_text el_class=\u00bbmb-5&#8243;]<\/p>\n<p style=\"text-align: center;\">Consorci d&#8217;Educaci\u00f3 de Barcelona<\/p>\n<p>[\/vc_column_text][\/vc_column][vc_column width=\u00bb1\/4&#8243;][vc_single_image image=\u00bb17230&#8243; img_size=\u00bbfull\u00bb alignment=\u00bbcenter\u00bb el_class=\u00bbmb-3&#8243;][vc_column_text el_class=\u00bbmb-5&#8243;]<\/p>\n<p style=\"text-align: center;\">Fundaci\u00f3 Parc Cient\u00edfic de Barcelona<\/p>\n<p>[\/vc_column_text][\/vc_column][vc_column width=\u00bb1\/4&#8243;][vc_single_image image=\u00bb17233&#8243; img_size=\u00bbfull\u00bb alignment=\u00bbcenter\u00bb el_class=\u00bbmb-3&#8243;][vc_column_text el_class=\u00bbmb-5&#8243;]<\/p>\n<p class=\"text-center\">Departament d\u2019Ensenyament<\/p>\n<p>[\/vc_column_text][\/vc_column][vc_column width=\u00bb1\/4&#8243;][vc_single_image image=\u00bb17236&#8243; img_size=\u00bbfull\u00bb alignment=\u00bbcenter\u00bb el_class=\u00bbmb-3&#8243;][vc_column_text el_class=\u00bbmb-5&#8243;]<\/p>\n<p class=\"text-center\">Departament de Salut<\/p>\n<p>[\/vc_column_text][\/vc_column][\/vc_row][vc_row][vc_column width=\u00bb1\/4&#8243;][vc_single_image image=\u00bb17239&#8243; img_size=\u00bbfull\u00bb alignment=\u00bbcenter\u00bb el_class=\u00bbmb-3&#8243;][vc_column_text el_class=\u00bbmb-5&#8243;]<\/p>\n<p style=\"text-align: center;\">Junta Constructora del Temple de la Sagrada Fam\u00edlia<\/p>\n<p>[\/vc_column_text][\/vc_column][vc_column width=\u00bb1\/4&#8243;][vc_single_image image=\u00bb17243&#8243; img_size=\u00bbfull\u00bb alignment=\u00bbcenter\u00bb el_class=\u00bbmb-3&#8243;][vc_column_text el_class=\u00bbmb-5&#8243;]<\/p>\n<p class=\"text-center\" style=\"text-align: center;\">Gobierno del Estado<\/p>\n<p>[\/vc_column_text][\/vc_column][vc_column width=\u00bb1\/4&#8243;][vc_single_image image=\u00bb17249&#8243; img_size=\u00bbfull\u00bb alignment=\u00bbcenter\u00bb el_class=\u00bbmb-3&#8243;][vc_column_text el_class=\u00bbmb-5&#8243;]<\/p>\n<p style=\"text-align: center;\">Uni\u00f3 Esportiva Santboiana<\/p>\n<p>[\/vc_column_text][\/vc_column][vc_column width=\u00bb1\/4&#8243;][\/vc_column][\/vc_row]<\/p>\n<\/section>","protected":false},"excerpt":{"rendered":"<p>[vc_row][vc_column width=\u00bb1\/2&#8243;][vc_column_text el_class=\u00bbmb-5&#8243;] Clientes p\u00fablicos y privados 2BMFG es un estudio de arquitectura especializado en diferentes \u00e1reas: viviendas, rehabilitaciones y<\/p>\n","protected":false},"author":2,"featured_media":0,"parent":0,"menu_order":0,"comment_status":"closed","ping_status":"closed","template":"page-template.php","meta":{"footnotes":""},"class_list":["post-17252","page","type-page","status-publish","hentry"],"yoast_head":"<!-- This site is optimized with the Yoast SEO plugin v23.4 - https:\/\/yoast.com\/wordpress\/plugins\/seo\/ -->\n<title>Clientes p\u00fablicos y privados - 2BMFG Arquitectes<\/title>\n<meta name=\"robots\" content=\"index, follow, max-snippet:-1, max-image-preview:large, max-video-preview:-1\" \/>\n<link rel=\"canonical\" href=\"https:\/\/2bmfg.com\/es\/clientes-publicos-y-privados\/\" \/>\n<meta property=\"og:locale\" content=\"es_ES\" \/>\n<meta property=\"og:type\" content=\"article\" \/>\n<meta property=\"og:title\" content=\"Clientes p\u00fablicos y privados - 2BMFG Arquitectes\" \/>\n<meta property=\"og:description\" content=\"[vc_row][vc_column width=\u00bb1\/2&#8243;][vc_column_text el_class=\u00bbmb-5&#8243;] Clientes p\u00fablicos y privados 2BMFG es un estudio de arquitectura especializado en diferentes \u00e1reas: viviendas, rehabilitaciones y\" \/>\n<meta property=\"og:url\" content=\"https:\/\/2bmfg.com\/es\/clientes-publicos-y-privados\/\" \/>\n<meta property=\"og:site_name\" content=\"2BMFG Arquitectes\" \/>\n<meta property=\"article:modified_time\" content=\"2022-09-09T09:23:51+00:00\" \/>\n<meta name=\"twitter:card\" content=\"summary_large_image\" \/>\n<meta name=\"twitter:label1\" content=\"Est. reading time\" \/>\n\t<meta name=\"twitter:data1\" content=\"6 minutos\" \/>\n<script type=\"application\/ld+json\" class=\"yoast-schema-graph\">{\"@context\":\"https:\/\/schema.org\",\"@graph\":[{\"@type\":\"WebPage\",\"@id\":\"https:\/\/2bmfg.com\/es\/clientes-publicos-y-privados\/\",\"url\":\"https:\/\/2bmfg.com\/es\/clientes-publicos-y-privados\/\",\"name\":\"Clientes p\u00fablicos y privados - 2BMFG Arquitectes\",\"isPartOf\":{\"@id\":\"https:\/\/2bmfg.com\/es\/#website\"},\"datePublished\":\"2021-12-14T11:49:41+00:00\",\"dateModified\":\"2022-09-09T09:23:51+00:00\",\"breadcrumb\":{\"@id\":\"https:\/\/2bmfg.com\/es\/clientes-publicos-y-privados\/#breadcrumb\"},\"inLanguage\":\"es\",\"potentialAction\":[{\"@type\":\"ReadAction\",\"target\":[\"https:\/\/2bmfg.com\/es\/clientes-publicos-y-privados\/\"]}]},{\"@type\":\"BreadcrumbList\",\"@id\":\"https:\/\/2bmfg.com\/es\/clientes-publicos-y-privados\/#breadcrumb\",\"itemListElement\":[{\"@type\":\"ListItem\",\"position\":1,\"name\":\"Home\",\"item\":\"https:\/\/2bmfg.com\/es\/\"},{\"@type\":\"ListItem\",\"position\":2,\"name\":\"Clientes p\u00fablicos y privados\"}]},{\"@type\":\"WebSite\",\"@id\":\"https:\/\/2bmfg.com\/es\/#website\",\"url\":\"https:\/\/2bmfg.com\/es\/\",\"name\":\"2BMFG Arquitectes\",\"description\":\"arquitectes\",\"publisher\":{\"@id\":\"https:\/\/2bmfg.com\/es\/#organization\"},\"potentialAction\":[{\"@type\":\"SearchAction\",\"target\":{\"@type\":\"EntryPoint\",\"urlTemplate\":\"https:\/\/2bmfg.com\/es\/?s={search_term_string}\"},\"query-input\":{\"@type\":\"PropertyValueSpecification\",\"valueRequired\":true,\"valueName\":\"search_term_string\"}}],\"inLanguage\":\"es\"},{\"@type\":\"Organization\",\"@id\":\"https:\/\/2bmfg.com\/es\/#organization\",\"name\":\"2BMFG Arquitectes\",\"url\":\"https:\/\/2bmfg.com\/es\/\",\"logo\":{\"@type\":\"ImageObject\",\"inLanguage\":\"es\",\"@id\":\"https:\/\/2bmfg.com\/es\/#\/schema\/logo\/image\/\",\"url\":\"https:\/\/2bmfg.com\/wp-content\/uploads\/2022\/09\/cropped-favicon_2BMFG_arquitectes.png\",\"contentUrl\":\"https:\/\/2bmfg.com\/wp-content\/uploads\/2022\/09\/cropped-favicon_2BMFG_arquitectes.png\",\"width\":512,\"height\":512,\"caption\":\"2BMFG Arquitectes\"},\"image\":{\"@id\":\"https:\/\/2bmfg.com\/es\/#\/schema\/logo\/image\/\"},\"sameAs\":[\"https:\/\/www.instagram.com\/2bmfg\/\"]}]}<\/script>\n<!-- \/ Yoast SEO plugin. -->","yoast_head_json":{"title":"Clientes p\u00fablicos y privados - 2BMFG Arquitectes","robots":{"index":"index","follow":"follow","max-snippet":"max-snippet:-1","max-image-preview":"max-image-preview:large","max-video-preview":"max-video-preview:-1"},"canonical":"https:\/\/2bmfg.com\/es\/clientes-publicos-y-privados\/","og_locale":"es_ES","og_type":"article","og_title":"Clientes p\u00fablicos y privados - 2BMFG Arquitectes","og_description":"[vc_row][vc_column width=\u00bb1\/2&#8243;][vc_column_text el_class=\u00bbmb-5&#8243;] Clientes p\u00fablicos y privados 2BMFG es un estudio de arquitectura especializado en diferentes \u00e1reas: viviendas, rehabilitaciones y","og_url":"https:\/\/2bmfg.com\/es\/clientes-publicos-y-privados\/","og_site_name":"2BMFG Arquitectes","article_modified_time":"2022-09-09T09:23:51+00:00","twitter_card":"summary_large_image","twitter_misc":{"Est. reading time":"6 minutos"},"schema":{"@context":"https:\/\/schema.org","@graph":[{"@type":"WebPage","@id":"https:\/\/2bmfg.com\/es\/clientes-publicos-y-privados\/","url":"https:\/\/2bmfg.com\/es\/clientes-publicos-y-privados\/","name":"Clientes p\u00fablicos y privados - 2BMFG Arquitectes","isPartOf":{"@id":"https:\/\/2bmfg.com\/es\/#website"},"datePublished":"2021-12-14T11:49:41+00:00","dateModified":"2022-09-09T09:23:51+00:00","breadcrumb":{"@id":"https:\/\/2bmfg.com\/es\/clientes-publicos-y-privados\/#breadcrumb"},"inLanguage":"es","potentialAction":[{"@type":"ReadAction","target":["https:\/\/2bmfg.com\/es\/clientes-publicos-y-privados\/"]}]},{"@type":"BreadcrumbList","@id":"https:\/\/2bmfg.com\/es\/clientes-publicos-y-privados\/#breadcrumb","itemListElement":[{"@type":"ListItem","position":1,"name":"Home","item":"https:\/\/2bmfg.com\/es\/"},{"@type":"ListItem","position":2,"name":"Clientes p\u00fablicos y privados"}]},{"@type":"WebSite","@id":"https:\/\/2bmfg.com\/es\/#website","url":"https:\/\/2bmfg.com\/es\/","name":"2BMFG Arquitectes","description":"arquitectes","publisher":{"@id":"https:\/\/2bmfg.com\/es\/#organization"},"potentialAction":[{"@type":"SearchAction","target":{"@type":"EntryPoint","urlTemplate":"https:\/\/2bmfg.com\/es\/?s={search_term_string}"},"query-input":{"@type":"PropertyValueSpecification","valueRequired":true,"valueName":"search_term_string"}}],"inLanguage":"es"},{"@type":"Organization","@id":"https:\/\/2bmfg.com\/es\/#organization","name":"2BMFG Arquitectes","url":"https:\/\/2bmfg.com\/es\/","logo":{"@type":"ImageObject","inLanguage":"es","@id":"https:\/\/2bmfg.com\/es\/#\/schema\/logo\/image\/","url":"https:\/\/2bmfg.com\/wp-content\/uploads\/2022\/09\/cropped-favicon_2BMFG_arquitectes.png","contentUrl":"https:\/\/2bmfg.com\/wp-content\/uploads\/2022\/09\/cropped-favicon_2BMFG_arquitectes.png","width":512,"height":512,"caption":"2BMFG Arquitectes"},"image":{"@id":"https:\/\/2bmfg.com\/es\/#\/schema\/logo\/image\/"},"sameAs":["https:\/\/www.instagram.com\/2bmfg\/"]}]}},"_links":{"self":[{"href":"https:\/\/2bmfg.com\/es\/wp-json\/wp\/v2\/pages\/17252"}],"collection":[{"href":"https:\/\/2bmfg.com\/es\/wp-json\/wp\/v2\/pages"}],"about":[{"href":"https:\/\/2bmfg.com\/es\/wp-json\/wp\/v2\/types\/page"}],"author":[{"embeddable":true,"href":"https:\/\/2bmfg.com\/es\/wp-json\/wp\/v2\/users\/2"}],"replies":[{"embeddable":true,"href":"https:\/\/2bmfg.com\/es\/wp-json\/wp\/v2\/comments?post=17252"}],"version-history":[{"count":6,"href":"https:\/\/2bmfg.com\/es\/wp-json\/wp\/v2\/pages\/17252\/revisions"}],"predecessor-version":[{"id":17258,"href":"https:\/\/2bmfg.com\/es\/wp-json\/wp\/v2\/pages\/17252\/revisions\/17258"}],"wp:attachment":[{"href":"https:\/\/2bmfg.com\/es\/wp-json\/wp\/v2\/media?parent=17252"}],"curies":[{"name":"wp","href":"https:\/\/api.w.org\/{rel}","templated":true}]}}