{"id":16885,"date":"2022-02-07T13:33:14","date_gmt":"2022-02-07T12:33:14","guid":{"rendered":"https:\/\/2bmfg.com\/ecodisseny\/"},"modified":"2023-03-14T14:46:12","modified_gmt":"2023-03-14T13:46:12","slug":"ecodiseno-y-sostenibilidad","status":"publish","type":"page","link":"https:\/\/2bmfg.com\/es\/ecodiseno-y-sostenibilidad\/","title":{"rendered":"Ecodise\u00f1o y sostenibilidad"},"content":{"rendered":"<section class=\"wpb-content-wrapper\"><p>[vc_row][vc_column][vc_column_text]<\/p>\n<h1 class=\"uppercase letter-spaced mb-2\">Ecodise\u00f1o y sostenibilidad<\/h1>\n<p>[\/vc_column_text][\/vc_column][\/vc_row][vc_row][vc_column width=\u00bb1\/2&#8243;][vc_column_text]En 2BMFG el ecodise\u00f1o no es una opci\u00f3n, sino una convicci\u00f3n. Una necesidad medioambiental y humana, un compromiso con el futuro. Proyectamos edificios con certificaciones de arquitectura sostenible que garantizan la sostenibilidad y la eficiencia energ\u00e9tica con altos niveles de confort lum\u00ednico y ac\u00fastico, as\u00ed como el bienestar y la salud de las personas. Construcciones que se adaptan a las condiciones clim\u00e1ticas y socioculturales de su entorno, que producen energ\u00edas renovables con las que se autoabastecen, que incorporan la dom\u00f3tica e integran materiales reutilizables para reducir la huella ecol\u00f3gica y avanzar hacia una arquitectura circular.<\/p>\n<p>Contamos con la certificaci\u00f3n ISO 14006 de ecodise\u00f1o desde 2014, seguimos las directrices de los certificados LEED, Passivhouse y WELL, y trabajamos de acuerdo con los criterios NZEB (Nearly Zero Energy Buildings) con el objetivo de alcanzar los nZIB (Nearly Zero Impact Buildings).[\/vc_column_text][\/vc_column][vc_column width=\u00bb1\/2&#8243;][vc_single_image image=\u00bb17384&#8243; img_size=\u00bblarge\u00bb][\/vc_column][\/vc_row]<\/p>\n<\/section>","protected":false},"excerpt":{"rendered":"<p>[vc_row][vc_column][vc_column_text] Ecodise\u00f1o y sostenibilidad [\/vc_column_text][\/vc_column][\/vc_row][vc_row][vc_column width=\u00bb1\/2&#8243;][vc_column_text]En 2BMFG el ecodise\u00f1o no es una opci\u00f3n, sino una convicci\u00f3n. Una necesidad medioambiental y<\/p>\n","protected":false},"author":2,"featured_media":0,"parent":0,"menu_order":0,"comment_status":"closed","ping_status":"closed","template":"page-template.php","meta":{"footnotes":""},"class_list":["post-16885","page","type-page","status-publish","hentry"],"yoast_head":"<!-- This site is optimized with the Yoast SEO plugin v23.4 - https:\/\/yoast.com\/wordpress\/plugins\/seo\/ -->\n<title>Ecodise\u00f1o y sostenibilidad - 2BMFG Arquitectes<\/title>\n<meta name=\"robots\" content=\"index, follow, max-snippet:-1, max-image-preview:large, max-video-preview:-1\" \/>\n<link rel=\"canonical\" href=\"https:\/\/2bmfg.com\/es\/ecodiseno-y-sostenibilidad\/\" \/>\n<meta property=\"og:locale\" content=\"es_ES\" \/>\n<meta property=\"og:type\" content=\"article\" \/>\n<meta property=\"og:title\" content=\"Ecodise\u00f1o y sostenibilidad - 2BMFG Arquitectes\" \/>\n<meta property=\"og:description\" content=\"[vc_row][vc_column][vc_column_text] Ecodise\u00f1o y sostenibilidad [\/vc_column_text][\/vc_column][\/vc_row][vc_row][vc_column width=\u00bb1\/2&#8243;][vc_column_text]En 2BMFG el ecodise\u00f1o no es una opci\u00f3n, sino una convicci\u00f3n. Una necesidad medioambiental y\" \/>\n<meta property=\"og:url\" content=\"https:\/\/2bmfg.com\/es\/ecodiseno-y-sostenibilidad\/\" \/>\n<meta property=\"og:site_name\" content=\"2BMFG Arquitectes\" \/>\n<meta property=\"article:modified_time\" content=\"2023-03-14T13:46:12+00:00\" \/>\n<meta name=\"twitter:card\" content=\"summary_large_image\" \/>\n<meta name=\"twitter:label1\" content=\"Est. reading time\" \/>\n\t<meta name=\"twitter:data1\" content=\"1 minuto\" \/>\n<script type=\"application\/ld+json\" class=\"yoast-schema-graph\">{\"@context\":\"https:\/\/schema.org\",\"@graph\":[{\"@type\":\"WebPage\",\"@id\":\"https:\/\/2bmfg.com\/es\/ecodiseno-y-sostenibilidad\/\",\"url\":\"https:\/\/2bmfg.com\/es\/ecodiseno-y-sostenibilidad\/\",\"name\":\"Ecodise\u00f1o y sostenibilidad - 2BMFG Arquitectes\",\"isPartOf\":{\"@id\":\"https:\/\/2bmfg.com\/es\/#website\"},\"datePublished\":\"2022-02-07T12:33:14+00:00\",\"dateModified\":\"2023-03-14T13:46:12+00:00\",\"breadcrumb\":{\"@id\":\"https:\/\/2bmfg.com\/es\/ecodiseno-y-sostenibilidad\/#breadcrumb\"},\"inLanguage\":\"es\",\"potentialAction\":[{\"@type\":\"ReadAction\",\"target\":[\"https:\/\/2bmfg.com\/es\/ecodiseno-y-sostenibilidad\/\"]}]},{\"@type\":\"BreadcrumbList\",\"@id\":\"https:\/\/2bmfg.com\/es\/ecodiseno-y-sostenibilidad\/#breadcrumb\",\"itemListElement\":[{\"@type\":\"ListItem\",\"position\":1,\"name\":\"Home\",\"item\":\"https:\/\/2bmfg.com\/es\/\"},{\"@type\":\"ListItem\",\"position\":2,\"name\":\"Ecodise\u00f1o y sostenibilidad\"}]},{\"@type\":\"WebSite\",\"@id\":\"https:\/\/2bmfg.com\/es\/#website\",\"url\":\"https:\/\/2bmfg.com\/es\/\",\"name\":\"2BMFG Arquitectes\",\"description\":\"arquitectes\",\"publisher\":{\"@id\":\"https:\/\/2bmfg.com\/es\/#organization\"},\"potentialAction\":[{\"@type\":\"SearchAction\",\"target\":{\"@type\":\"EntryPoint\",\"urlTemplate\":\"https:\/\/2bmfg.com\/es\/?s={search_term_string}\"},\"query-input\":{\"@type\":\"PropertyValueSpecification\",\"valueRequired\":true,\"valueName\":\"search_term_string\"}}],\"inLanguage\":\"es\"},{\"@type\":\"Organization\",\"@id\":\"https:\/\/2bmfg.com\/es\/#organization\",\"name\":\"2BMFG Arquitectes\",\"url\":\"https:\/\/2bmfg.com\/es\/\",\"logo\":{\"@type\":\"ImageObject\",\"inLanguage\":\"es\",\"@id\":\"https:\/\/2bmfg.com\/es\/#\/schema\/logo\/image\/\",\"url\":\"https:\/\/2bmfg.com\/wp-content\/uploads\/2022\/09\/cropped-favicon_2BMFG_arquitectes.png\",\"contentUrl\":\"https:\/\/2bmfg.com\/wp-content\/uploads\/2022\/09\/cropped-favicon_2BMFG_arquitectes.png\",\"width\":512,\"height\":512,\"caption\":\"2BMFG Arquitectes\"},\"image\":{\"@id\":\"https:\/\/2bmfg.com\/es\/#\/schema\/logo\/image\/\"},\"sameAs\":[\"https:\/\/www.instagram.com\/2bmfg\/\"]}]}<\/script>\n<!-- \/ Yoast SEO plugin. -->","yoast_head_json":{"title":"Ecodise\u00f1o y sostenibilidad - 2BMFG Arquitectes","robots":{"index":"index","follow":"follow","max-snippet":"max-snippet:-1","max-image-preview":"max-image-preview:large","max-video-preview":"max-video-preview:-1"},"canonical":"https:\/\/2bmfg.com\/es\/ecodiseno-y-sostenibilidad\/","og_locale":"es_ES","og_type":"article","og_title":"Ecodise\u00f1o y sostenibilidad - 2BMFG Arquitectes","og_description":"[vc_row][vc_column][vc_column_text] Ecodise\u00f1o y sostenibilidad [\/vc_column_text][\/vc_column][\/vc_row][vc_row][vc_column width=\u00bb1\/2&#8243;][vc_column_text]En 2BMFG el ecodise\u00f1o no es una opci\u00f3n, sino una convicci\u00f3n. Una necesidad medioambiental y","og_url":"https:\/\/2bmfg.com\/es\/ecodiseno-y-sostenibilidad\/","og_site_name":"2BMFG Arquitectes","article_modified_time":"2023-03-14T13:46:12+00:00","twitter_card":"summary_large_image","twitter_misc":{"Est. reading time":"1 minuto"},"schema":{"@context":"https:\/\/schema.org","@graph":[{"@type":"WebPage","@id":"https:\/\/2bmfg.com\/es\/ecodiseno-y-sostenibilidad\/","url":"https:\/\/2bmfg.com\/es\/ecodiseno-y-sostenibilidad\/","name":"Ecodise\u00f1o y sostenibilidad - 2BMFG Arquitectes","isPartOf":{"@id":"https:\/\/2bmfg.com\/es\/#website"},"datePublished":"2022-02-07T12:33:14+00:00","dateModified":"2023-03-14T13:46:12+00:00","breadcrumb":{"@id":"https:\/\/2bmfg.com\/es\/ecodiseno-y-sostenibilidad\/#breadcrumb"},"inLanguage":"es","potentialAction":[{"@type":"ReadAction","target":["https:\/\/2bmfg.com\/es\/ecodiseno-y-sostenibilidad\/"]}]},{"@type":"BreadcrumbList","@id":"https:\/\/2bmfg.com\/es\/ecodiseno-y-sostenibilidad\/#breadcrumb","itemListElement":[{"@type":"ListItem","position":1,"name":"Home","item":"https:\/\/2bmfg.com\/es\/"},{"@type":"ListItem","position":2,"name":"Ecodise\u00f1o y sostenibilidad"}]},{"@type":"WebSite","@id":"https:\/\/2bmfg.com\/es\/#website","url":"https:\/\/2bmfg.com\/es\/","name":"2BMFG Arquitectes","description":"arquitectes","publisher":{"@id":"https:\/\/2bmfg.com\/es\/#organization"},"potentialAction":[{"@type":"SearchAction","target":{"@type":"EntryPoint","urlTemplate":"https:\/\/2bmfg.com\/es\/?s={search_term_string}"},"query-input":{"@type":"PropertyValueSpecification","valueRequired":true,"valueName":"search_term_string"}}],"inLanguage":"es"},{"@type":"Organization","@id":"https:\/\/2bmfg.com\/es\/#organization","name":"2BMFG Arquitectes","url":"https:\/\/2bmfg.com\/es\/","logo":{"@type":"ImageObject","inLanguage":"es","@id":"https:\/\/2bmfg.com\/es\/#\/schema\/logo\/image\/","url":"https:\/\/2bmfg.com\/wp-content\/uploads\/2022\/09\/cropped-favicon_2BMFG_arquitectes.png","contentUrl":"https:\/\/2bmfg.com\/wp-content\/uploads\/2022\/09\/cropped-favicon_2BMFG_arquitectes.png","width":512,"height":512,"caption":"2BMFG Arquitectes"},"image":{"@id":"https:\/\/2bmfg.com\/es\/#\/schema\/logo\/image\/"},"sameAs":["https:\/\/www.instagram.com\/2bmfg\/"]}]}},"_links":{"self":[{"href":"https:\/\/2bmfg.com\/es\/wp-json\/wp\/v2\/pages\/16885"}],"collection":[{"href":"https:\/\/2bmfg.com\/es\/wp-json\/wp\/v2\/pages"}],"about":[{"href":"https:\/\/2bmfg.com\/es\/wp-json\/wp\/v2\/types\/page"}],"author":[{"embeddable":true,"href":"https:\/\/2bmfg.com\/es\/wp-json\/wp\/v2\/users\/2"}],"replies":[{"embeddable":true,"href":"https:\/\/2bmfg.com\/es\/wp-json\/wp\/v2\/comments?post=16885"}],"version-history":[{"count":10,"href":"https:\/\/2bmfg.com\/es\/wp-json\/wp\/v2\/pages\/16885\/revisions"}],"predecessor-version":[{"id":17632,"href":"https:\/\/2bmfg.com\/es\/wp-json\/wp\/v2\/pages\/16885\/revisions\/17632"}],"wp:attachment":[{"href":"https:\/\/2bmfg.com\/es\/wp-json\/wp\/v2\/media?parent=16885"}],"curies":[{"name":"wp","href":"https:\/\/api.w.org\/{rel}","templated":true}]}}