{"id":16878,"date":"2022-02-07T13:27:18","date_gmt":"2022-02-07T12:27:18","guid":{"rendered":"https:\/\/2bmfg.com\/innovacio-i-tecnologia\/"},"modified":"2023-03-14T14:41:34","modified_gmt":"2023-03-14T13:41:34","slug":"innovacion-y-tecnologia","status":"publish","type":"page","link":"https:\/\/2bmfg.com\/es\/innovacion-y-tecnologia\/","title":{"rendered":"Innovaci\u00f3n y tecnolog\u00eda"},"content":{"rendered":"<section class=\"wpb-content-wrapper\"><p>[vc_row][vc_column][vc_column_text]<\/p>\n<h1 class=\"uppercase letter-spaced mb-2\">Innovaci\u00f3n y tecnolog\u00eda<\/h1>\n<p>[\/vc_column_text][\/vc_column][\/vc_row][vc_row][vc_column width=\u00bb1\/2&#8243;][vc_column_text]2BMFG somos un estudio de arquitectura barcelon\u00e9s heredero del saber hacer de sus fundadores, Joan Margarit y Carles Buxad\u00e9, pioneros en el c\u00e1lculo de estructuras. Hoy, con la segunda generaci\u00f3n de arquitectos a la cabeza, el estudio se reafirma en la innovaci\u00f3n arquitect\u00f3nica sobre dos pilares transversales: la tecnolog\u00eda y el ecodise\u00f1o.<\/p>\n<p>Aportamos calidad y rigor a todo tipo de proyectos, desde la obra nueva hasta la rehabilitaci\u00f3n de edificios hist\u00f3ricos; damos lo mejor de nosotros en cada encargo, ya sea realizando los c\u00e1lculos estructurales de la Sagrada Fam\u00edlia o reformando una peque\u00f1a vivienda unifamiliar. Nos apasiona nuestro oficio y lo vivimos con verdadera vocaci\u00f3n de servicio, fomentando el di\u00e1logo con los nuestros clientes, p\u00fablicos y privados, en todas las fases de trabajo.[\/vc_column_text][\/vc_column][vc_column width=\u00bb1\/2&#8243;][vc_single_image image=\u00bb17604&#8243; img_size=\u00bblarge\u00bb][\/vc_column][\/vc_row]<\/p>\n<\/section>","protected":false},"excerpt":{"rendered":"<p>[vc_row][vc_column][vc_column_text] Innovaci\u00f3n y tecnolog\u00eda [\/vc_column_text][\/vc_column][\/vc_row][vc_row][vc_column width=\u00bb1\/2&#8243;][vc_column_text]2BMFG somos un estudio de arquitectura barcelon\u00e9s heredero del saber hacer de sus fundadores, Joan<\/p>\n","protected":false},"author":2,"featured_media":0,"parent":0,"menu_order":0,"comment_status":"closed","ping_status":"closed","template":"page-template.php","meta":{"footnotes":""},"class_list":["post-16878","page","type-page","status-publish","hentry"],"yoast_head":"<!-- This site is optimized with the Yoast SEO plugin v23.4 - https:\/\/yoast.com\/wordpress\/plugins\/seo\/ -->\n<title>Innovaci\u00f3n y tecnolog\u00eda - 2BMFG Arquitectes<\/title>\n<meta name=\"robots\" content=\"index, follow, max-snippet:-1, max-image-preview:large, max-video-preview:-1\" \/>\n<link rel=\"canonical\" href=\"https:\/\/2bmfg.com\/es\/innovacion-y-tecnologia\/\" \/>\n<meta property=\"og:locale\" content=\"es_ES\" \/>\n<meta property=\"og:type\" content=\"article\" \/>\n<meta property=\"og:title\" content=\"Innovaci\u00f3n y tecnolog\u00eda - 2BMFG Arquitectes\" \/>\n<meta property=\"og:description\" content=\"[vc_row][vc_column][vc_column_text] Innovaci\u00f3n y tecnolog\u00eda [\/vc_column_text][\/vc_column][\/vc_row][vc_row][vc_column width=\u00bb1\/2&#8243;][vc_column_text]2BMFG somos un estudio de arquitectura barcelon\u00e9s heredero del saber hacer de sus fundadores, Joan\" \/>\n<meta property=\"og:url\" content=\"https:\/\/2bmfg.com\/es\/innovacion-y-tecnologia\/\" \/>\n<meta property=\"og:site_name\" content=\"2BMFG Arquitectes\" \/>\n<meta property=\"article:modified_time\" content=\"2023-03-14T13:41:34+00:00\" \/>\n<meta name=\"twitter:card\" content=\"summary_large_image\" \/>\n<meta name=\"twitter:label1\" content=\"Est. reading time\" \/>\n\t<meta name=\"twitter:data1\" content=\"1 minuto\" \/>\n<script type=\"application\/ld+json\" class=\"yoast-schema-graph\">{\"@context\":\"https:\/\/schema.org\",\"@graph\":[{\"@type\":\"WebPage\",\"@id\":\"https:\/\/2bmfg.com\/es\/innovacion-y-tecnologia\/\",\"url\":\"https:\/\/2bmfg.com\/es\/innovacion-y-tecnologia\/\",\"name\":\"Innovaci\u00f3n y tecnolog\u00eda - 2BMFG Arquitectes\",\"isPartOf\":{\"@id\":\"https:\/\/2bmfg.com\/es\/#website\"},\"datePublished\":\"2022-02-07T12:27:18+00:00\",\"dateModified\":\"2023-03-14T13:41:34+00:00\",\"breadcrumb\":{\"@id\":\"https:\/\/2bmfg.com\/es\/innovacion-y-tecnologia\/#breadcrumb\"},\"inLanguage\":\"es\",\"potentialAction\":[{\"@type\":\"ReadAction\",\"target\":[\"https:\/\/2bmfg.com\/es\/innovacion-y-tecnologia\/\"]}]},{\"@type\":\"BreadcrumbList\",\"@id\":\"https:\/\/2bmfg.com\/es\/innovacion-y-tecnologia\/#breadcrumb\",\"itemListElement\":[{\"@type\":\"ListItem\",\"position\":1,\"name\":\"Home\",\"item\":\"https:\/\/2bmfg.com\/es\/\"},{\"@type\":\"ListItem\",\"position\":2,\"name\":\"Innovaci\u00f3n y tecnolog\u00eda\"}]},{\"@type\":\"WebSite\",\"@id\":\"https:\/\/2bmfg.com\/es\/#website\",\"url\":\"https:\/\/2bmfg.com\/es\/\",\"name\":\"2BMFG Arquitectes\",\"description\":\"arquitectes\",\"publisher\":{\"@id\":\"https:\/\/2bmfg.com\/es\/#organization\"},\"potentialAction\":[{\"@type\":\"SearchAction\",\"target\":{\"@type\":\"EntryPoint\",\"urlTemplate\":\"https:\/\/2bmfg.com\/es\/?s={search_term_string}\"},\"query-input\":{\"@type\":\"PropertyValueSpecification\",\"valueRequired\":true,\"valueName\":\"search_term_string\"}}],\"inLanguage\":\"es\"},{\"@type\":\"Organization\",\"@id\":\"https:\/\/2bmfg.com\/es\/#organization\",\"name\":\"2BMFG Arquitectes\",\"url\":\"https:\/\/2bmfg.com\/es\/\",\"logo\":{\"@type\":\"ImageObject\",\"inLanguage\":\"es\",\"@id\":\"https:\/\/2bmfg.com\/es\/#\/schema\/logo\/image\/\",\"url\":\"https:\/\/2bmfg.com\/wp-content\/uploads\/2022\/09\/cropped-favicon_2BMFG_arquitectes.png\",\"contentUrl\":\"https:\/\/2bmfg.com\/wp-content\/uploads\/2022\/09\/cropped-favicon_2BMFG_arquitectes.png\",\"width\":512,\"height\":512,\"caption\":\"2BMFG Arquitectes\"},\"image\":{\"@id\":\"https:\/\/2bmfg.com\/es\/#\/schema\/logo\/image\/\"},\"sameAs\":[\"https:\/\/www.instagram.com\/2bmfg\/\"]}]}<\/script>\n<!-- \/ Yoast SEO plugin. -->","yoast_head_json":{"title":"Innovaci\u00f3n y tecnolog\u00eda - 2BMFG Arquitectes","robots":{"index":"index","follow":"follow","max-snippet":"max-snippet:-1","max-image-preview":"max-image-preview:large","max-video-preview":"max-video-preview:-1"},"canonical":"https:\/\/2bmfg.com\/es\/innovacion-y-tecnologia\/","og_locale":"es_ES","og_type":"article","og_title":"Innovaci\u00f3n y tecnolog\u00eda - 2BMFG Arquitectes","og_description":"[vc_row][vc_column][vc_column_text] Innovaci\u00f3n y tecnolog\u00eda [\/vc_column_text][\/vc_column][\/vc_row][vc_row][vc_column width=\u00bb1\/2&#8243;][vc_column_text]2BMFG somos un estudio de arquitectura barcelon\u00e9s heredero del saber hacer de sus fundadores, Joan","og_url":"https:\/\/2bmfg.com\/es\/innovacion-y-tecnologia\/","og_site_name":"2BMFG Arquitectes","article_modified_time":"2023-03-14T13:41:34+00:00","twitter_card":"summary_large_image","twitter_misc":{"Est. reading time":"1 minuto"},"schema":{"@context":"https:\/\/schema.org","@graph":[{"@type":"WebPage","@id":"https:\/\/2bmfg.com\/es\/innovacion-y-tecnologia\/","url":"https:\/\/2bmfg.com\/es\/innovacion-y-tecnologia\/","name":"Innovaci\u00f3n y tecnolog\u00eda - 2BMFG Arquitectes","isPartOf":{"@id":"https:\/\/2bmfg.com\/es\/#website"},"datePublished":"2022-02-07T12:27:18+00:00","dateModified":"2023-03-14T13:41:34+00:00","breadcrumb":{"@id":"https:\/\/2bmfg.com\/es\/innovacion-y-tecnologia\/#breadcrumb"},"inLanguage":"es","potentialAction":[{"@type":"ReadAction","target":["https:\/\/2bmfg.com\/es\/innovacion-y-tecnologia\/"]}]},{"@type":"BreadcrumbList","@id":"https:\/\/2bmfg.com\/es\/innovacion-y-tecnologia\/#breadcrumb","itemListElement":[{"@type":"ListItem","position":1,"name":"Home","item":"https:\/\/2bmfg.com\/es\/"},{"@type":"ListItem","position":2,"name":"Innovaci\u00f3n y tecnolog\u00eda"}]},{"@type":"WebSite","@id":"https:\/\/2bmfg.com\/es\/#website","url":"https:\/\/2bmfg.com\/es\/","name":"2BMFG Arquitectes","description":"arquitectes","publisher":{"@id":"https:\/\/2bmfg.com\/es\/#organization"},"potentialAction":[{"@type":"SearchAction","target":{"@type":"EntryPoint","urlTemplate":"https:\/\/2bmfg.com\/es\/?s={search_term_string}"},"query-input":{"@type":"PropertyValueSpecification","valueRequired":true,"valueName":"search_term_string"}}],"inLanguage":"es"},{"@type":"Organization","@id":"https:\/\/2bmfg.com\/es\/#organization","name":"2BMFG Arquitectes","url":"https:\/\/2bmfg.com\/es\/","logo":{"@type":"ImageObject","inLanguage":"es","@id":"https:\/\/2bmfg.com\/es\/#\/schema\/logo\/image\/","url":"https:\/\/2bmfg.com\/wp-content\/uploads\/2022\/09\/cropped-favicon_2BMFG_arquitectes.png","contentUrl":"https:\/\/2bmfg.com\/wp-content\/uploads\/2022\/09\/cropped-favicon_2BMFG_arquitectes.png","width":512,"height":512,"caption":"2BMFG Arquitectes"},"image":{"@id":"https:\/\/2bmfg.com\/es\/#\/schema\/logo\/image\/"},"sameAs":["https:\/\/www.instagram.com\/2bmfg\/"]}]}},"_links":{"self":[{"href":"https:\/\/2bmfg.com\/es\/wp-json\/wp\/v2\/pages\/16878"}],"collection":[{"href":"https:\/\/2bmfg.com\/es\/wp-json\/wp\/v2\/pages"}],"about":[{"href":"https:\/\/2bmfg.com\/es\/wp-json\/wp\/v2\/types\/page"}],"author":[{"embeddable":true,"href":"https:\/\/2bmfg.com\/es\/wp-json\/wp\/v2\/users\/2"}],"replies":[{"embeddable":true,"href":"https:\/\/2bmfg.com\/es\/wp-json\/wp\/v2\/comments?post=16878"}],"version-history":[{"count":9,"href":"https:\/\/2bmfg.com\/es\/wp-json\/wp\/v2\/pages\/16878\/revisions"}],"predecessor-version":[{"id":17631,"href":"https:\/\/2bmfg.com\/es\/wp-json\/wp\/v2\/pages\/16878\/revisions\/17631"}],"wp:attachment":[{"href":"https:\/\/2bmfg.com\/es\/wp-json\/wp\/v2\/media?parent=16878"}],"curies":[{"name":"wp","href":"https:\/\/api.w.org\/{rel}","templated":true}]}}