{"id":16867,"date":"2022-02-07T13:11:18","date_gmt":"2022-02-07T12:11:18","guid":{"rendered":"https:\/\/2bmfg.com\/dialeg-i-servei\/"},"modified":"2022-09-09T12:17:39","modified_gmt":"2022-09-09T10:17:39","slug":"dialogo-y-servicio","status":"publish","type":"page","link":"https:\/\/2bmfg.com\/es\/dialogo-y-servicio\/","title":{"rendered":"Di\u00e1logo y servicio"},"content":{"rendered":"<section class=\"wpb-content-wrapper\"><p>[vc_row][vc_column][vc_column_text]<\/p>\n<h1 class=\"uppercase letter-spaced mb-2\">Di\u00e1logo y servicio<\/h1>\n<p>[\/vc_column_text][\/vc_column][\/vc_row][vc_row][vc_column width=\u00bb1\/2&#8243;][vc_column_text]En 2BMFG ponemos a las personas en primer plano, innovamos para mejorar su d\u00eda a d\u00eda en armon\u00eda con el entorno est\u00e9tico y ambiental, aportando soluciones sostenibles que respondan a las nuevas necesidades de la sociedad.<\/p>\n<p>Nos gustan los retos y estamos habituados a trabajar en proyectos constructivamente complejos. Nuestro dominio del c\u00e1lculo estructural permite ofrecer un servicio extremadamente eficiente e integral.<\/p>\n<p>Adem\u00e1s, contamos con un equipo de aparejadores propio para un mayor control de las obras y sus gastos, y trabajamos con la metodolog\u00eda BIM desde 2012 en favor de un mayor rendimiento de la efectividad y el coste.<\/p>\n<p>Las certificaciones ISO 14006 y 9001 avalan nuestro compromiso con el ecodise\u00f1o y la calidad.[\/vc_column_text][\/vc_column][vc_column width=\u00bb1\/2&#8243;][vc_single_image image=\u00bb17267&#8243; img_size=\u00bblarge\u00bb][\/vc_column][\/vc_row]<\/p>\n<\/section>","protected":false},"excerpt":{"rendered":"<p>[vc_row][vc_column][vc_column_text] Di\u00e1logo y servicio [\/vc_column_text][\/vc_column][\/vc_row][vc_row][vc_column width=\u00bb1\/2&#8243;][vc_column_text]En 2BMFG ponemos a las personas en primer plano, innovamos para mejorar su d\u00eda a<\/p>\n","protected":false},"author":2,"featured_media":0,"parent":0,"menu_order":0,"comment_status":"closed","ping_status":"closed","template":"page-template.php","meta":{"footnotes":""},"class_list":["post-16867","page","type-page","status-publish","hentry"],"yoast_head":"<!-- This site is optimized with the Yoast SEO plugin v23.4 - https:\/\/yoast.com\/wordpress\/plugins\/seo\/ -->\n<title>Di\u00e1logo y servicio - 2BMFG Arquitectes<\/title>\n<meta name=\"robots\" content=\"index, follow, max-snippet:-1, max-image-preview:large, max-video-preview:-1\" \/>\n<link rel=\"canonical\" href=\"https:\/\/2bmfg.com\/es\/dialogo-y-servicio\/\" \/>\n<meta property=\"og:locale\" content=\"es_ES\" \/>\n<meta property=\"og:type\" content=\"article\" \/>\n<meta property=\"og:title\" content=\"Di\u00e1logo y servicio - 2BMFG Arquitectes\" \/>\n<meta property=\"og:description\" content=\"[vc_row][vc_column][vc_column_text] Di\u00e1logo y servicio [\/vc_column_text][\/vc_column][\/vc_row][vc_row][vc_column width=\u00bb1\/2&#8243;][vc_column_text]En 2BMFG ponemos a las personas en primer plano, innovamos para mejorar su d\u00eda a\" \/>\n<meta property=\"og:url\" content=\"https:\/\/2bmfg.com\/es\/dialogo-y-servicio\/\" \/>\n<meta property=\"og:site_name\" content=\"2BMFG Arquitectes\" \/>\n<meta property=\"article:modified_time\" content=\"2022-09-09T10:17:39+00:00\" \/>\n<meta name=\"twitter:card\" content=\"summary_large_image\" \/>\n<meta name=\"twitter:label1\" content=\"Est. reading time\" \/>\n\t<meta name=\"twitter:data1\" content=\"1 minuto\" \/>\n<script type=\"application\/ld+json\" class=\"yoast-schema-graph\">{\"@context\":\"https:\/\/schema.org\",\"@graph\":[{\"@type\":\"WebPage\",\"@id\":\"https:\/\/2bmfg.com\/es\/dialogo-y-servicio\/\",\"url\":\"https:\/\/2bmfg.com\/es\/dialogo-y-servicio\/\",\"name\":\"Di\u00e1logo y servicio - 2BMFG Arquitectes\",\"isPartOf\":{\"@id\":\"https:\/\/2bmfg.com\/es\/#website\"},\"datePublished\":\"2022-02-07T12:11:18+00:00\",\"dateModified\":\"2022-09-09T10:17:39+00:00\",\"breadcrumb\":{\"@id\":\"https:\/\/2bmfg.com\/es\/dialogo-y-servicio\/#breadcrumb\"},\"inLanguage\":\"es\",\"potentialAction\":[{\"@type\":\"ReadAction\",\"target\":[\"https:\/\/2bmfg.com\/es\/dialogo-y-servicio\/\"]}]},{\"@type\":\"BreadcrumbList\",\"@id\":\"https:\/\/2bmfg.com\/es\/dialogo-y-servicio\/#breadcrumb\",\"itemListElement\":[{\"@type\":\"ListItem\",\"position\":1,\"name\":\"Home\",\"item\":\"https:\/\/2bmfg.com\/es\/\"},{\"@type\":\"ListItem\",\"position\":2,\"name\":\"Di\u00e1logo y servicio\"}]},{\"@type\":\"WebSite\",\"@id\":\"https:\/\/2bmfg.com\/es\/#website\",\"url\":\"https:\/\/2bmfg.com\/es\/\",\"name\":\"2BMFG Arquitectes\",\"description\":\"arquitectes\",\"publisher\":{\"@id\":\"https:\/\/2bmfg.com\/es\/#organization\"},\"potentialAction\":[{\"@type\":\"SearchAction\",\"target\":{\"@type\":\"EntryPoint\",\"urlTemplate\":\"https:\/\/2bmfg.com\/es\/?s={search_term_string}\"},\"query-input\":{\"@type\":\"PropertyValueSpecification\",\"valueRequired\":true,\"valueName\":\"search_term_string\"}}],\"inLanguage\":\"es\"},{\"@type\":\"Organization\",\"@id\":\"https:\/\/2bmfg.com\/es\/#organization\",\"name\":\"2BMFG Arquitectes\",\"url\":\"https:\/\/2bmfg.com\/es\/\",\"logo\":{\"@type\":\"ImageObject\",\"inLanguage\":\"es\",\"@id\":\"https:\/\/2bmfg.com\/es\/#\/schema\/logo\/image\/\",\"url\":\"https:\/\/2bmfg.com\/wp-content\/uploads\/2022\/09\/cropped-favicon_2BMFG_arquitectes.png\",\"contentUrl\":\"https:\/\/2bmfg.com\/wp-content\/uploads\/2022\/09\/cropped-favicon_2BMFG_arquitectes.png\",\"width\":512,\"height\":512,\"caption\":\"2BMFG Arquitectes\"},\"image\":{\"@id\":\"https:\/\/2bmfg.com\/es\/#\/schema\/logo\/image\/\"},\"sameAs\":[\"https:\/\/www.instagram.com\/2bmfg\/\"]}]}<\/script>\n<!-- \/ Yoast SEO plugin. -->","yoast_head_json":{"title":"Di\u00e1logo y servicio - 2BMFG Arquitectes","robots":{"index":"index","follow":"follow","max-snippet":"max-snippet:-1","max-image-preview":"max-image-preview:large","max-video-preview":"max-video-preview:-1"},"canonical":"https:\/\/2bmfg.com\/es\/dialogo-y-servicio\/","og_locale":"es_ES","og_type":"article","og_title":"Di\u00e1logo y servicio - 2BMFG Arquitectes","og_description":"[vc_row][vc_column][vc_column_text] Di\u00e1logo y servicio [\/vc_column_text][\/vc_column][\/vc_row][vc_row][vc_column width=\u00bb1\/2&#8243;][vc_column_text]En 2BMFG ponemos a las personas en primer plano, innovamos para mejorar su d\u00eda a","og_url":"https:\/\/2bmfg.com\/es\/dialogo-y-servicio\/","og_site_name":"2BMFG Arquitectes","article_modified_time":"2022-09-09T10:17:39+00:00","twitter_card":"summary_large_image","twitter_misc":{"Est. reading time":"1 minuto"},"schema":{"@context":"https:\/\/schema.org","@graph":[{"@type":"WebPage","@id":"https:\/\/2bmfg.com\/es\/dialogo-y-servicio\/","url":"https:\/\/2bmfg.com\/es\/dialogo-y-servicio\/","name":"Di\u00e1logo y servicio - 2BMFG Arquitectes","isPartOf":{"@id":"https:\/\/2bmfg.com\/es\/#website"},"datePublished":"2022-02-07T12:11:18+00:00","dateModified":"2022-09-09T10:17:39+00:00","breadcrumb":{"@id":"https:\/\/2bmfg.com\/es\/dialogo-y-servicio\/#breadcrumb"},"inLanguage":"es","potentialAction":[{"@type":"ReadAction","target":["https:\/\/2bmfg.com\/es\/dialogo-y-servicio\/"]}]},{"@type":"BreadcrumbList","@id":"https:\/\/2bmfg.com\/es\/dialogo-y-servicio\/#breadcrumb","itemListElement":[{"@type":"ListItem","position":1,"name":"Home","item":"https:\/\/2bmfg.com\/es\/"},{"@type":"ListItem","position":2,"name":"Di\u00e1logo y servicio"}]},{"@type":"WebSite","@id":"https:\/\/2bmfg.com\/es\/#website","url":"https:\/\/2bmfg.com\/es\/","name":"2BMFG Arquitectes","description":"arquitectes","publisher":{"@id":"https:\/\/2bmfg.com\/es\/#organization"},"potentialAction":[{"@type":"SearchAction","target":{"@type":"EntryPoint","urlTemplate":"https:\/\/2bmfg.com\/es\/?s={search_term_string}"},"query-input":{"@type":"PropertyValueSpecification","valueRequired":true,"valueName":"search_term_string"}}],"inLanguage":"es"},{"@type":"Organization","@id":"https:\/\/2bmfg.com\/es\/#organization","name":"2BMFG Arquitectes","url":"https:\/\/2bmfg.com\/es\/","logo":{"@type":"ImageObject","inLanguage":"es","@id":"https:\/\/2bmfg.com\/es\/#\/schema\/logo\/image\/","url":"https:\/\/2bmfg.com\/wp-content\/uploads\/2022\/09\/cropped-favicon_2BMFG_arquitectes.png","contentUrl":"https:\/\/2bmfg.com\/wp-content\/uploads\/2022\/09\/cropped-favicon_2BMFG_arquitectes.png","width":512,"height":512,"caption":"2BMFG Arquitectes"},"image":{"@id":"https:\/\/2bmfg.com\/es\/#\/schema\/logo\/image\/"},"sameAs":["https:\/\/www.instagram.com\/2bmfg\/"]}]}},"_links":{"self":[{"href":"https:\/\/2bmfg.com\/es\/wp-json\/wp\/v2\/pages\/16867"}],"collection":[{"href":"https:\/\/2bmfg.com\/es\/wp-json\/wp\/v2\/pages"}],"about":[{"href":"https:\/\/2bmfg.com\/es\/wp-json\/wp\/v2\/types\/page"}],"author":[{"embeddable":true,"href":"https:\/\/2bmfg.com\/es\/wp-json\/wp\/v2\/users\/2"}],"replies":[{"embeddable":true,"href":"https:\/\/2bmfg.com\/es\/wp-json\/wp\/v2\/comments?post=16867"}],"version-history":[{"count":7,"href":"https:\/\/2bmfg.com\/es\/wp-json\/wp\/v2\/pages\/16867\/revisions"}],"predecessor-version":[{"id":17273,"href":"https:\/\/2bmfg.com\/es\/wp-json\/wp\/v2\/pages\/16867\/revisions\/17273"}],"wp:attachment":[{"href":"https:\/\/2bmfg.com\/es\/wp-json\/wp\/v2\/media?parent=16867"}],"curies":[{"name":"wp","href":"https:\/\/api.w.org\/{rel}","templated":true}]}}