{"id":16831,"date":"2021-12-14T11:36:31","date_gmt":"2021-12-14T10:36:31","guid":{"rendered":"https:\/\/2bmfg.com\/equip\/"},"modified":"2025-01-21T13:51:30","modified_gmt":"2025-01-21T12:51:30","slug":"equipo","status":"publish","type":"page","link":"https:\/\/2bmfg.com\/es\/equipo\/","title":{"rendered":"Equipo"},"content":{"rendered":"<section class=\"wpb-content-wrapper\"><p>[vc_row][vc_column][vc_column_text el_class=\u00bbmb-4&#8243;]<\/p>\n<h1 class=\"uppercase letter-spaced\">Equipo<\/h1>\n<p>2BMFG somos un estudio de arquitectura de segunda generaci\u00f3n fundado por cinco socios: Carles y \u00c0gata Buxad\u00e9, Joan Margarit, Ramon Ferrando y Carles Gelp\u00ed. La experiencia acumulada en nuestros 50 a\u00f1os de trayectoria y la constante incorporaci\u00f3n de conocimientos nos mantiene competentes, innovadores y despiertos. Contamos con un equipo cohesionado de profesionales capaces de afrontar los desaf\u00edos m\u00e1s exigentes y, cuando el proyecto lo requiere, creamos alianzas estrat\u00e9gicas con otros estudios para crecer cualitativamente.<\/p>\n<p>Conocemos bien al sector; formamos parte de diversas asociaciones catalanas y europeas, as\u00ed como de la esfera acad\u00e9mica. Participamos en congresos, conferencias y charlas a nivel europeo, y tenemos el honor de haber recibido cerca de una veintena de menciones y premios.[\/vc_column_text][vc_single_image image=\u00bb16586&#8243; img_size=\u00bbfull\u00bb el_class=\u00bbmb-5&#8243;][\/vc_column][\/vc_row][vc_row][vc_column][vc_column_text el_class=\u00bbmb-3&#8243;]<\/p>\n<h2 class=\"uppercase letter-spaced\">Lideran el equipo<\/h2>\n<p>[\/vc_column_text][\/vc_column][\/vc_row][vc_row][vc_column width=\u00bb1\/3&#8243; css=\u00bb.vc_custom_1643995288445{margin-bottom: 20px !important;}\u00bb][vc_column_text el_class=\u00bbmb-4&#8243;]<\/p>\n<h2 class=\"uppercase letter-spaced h6\">\u00c0gata Buxad\u00e9 i Fortuny<\/h2>\n<p><strong>Barcelona 1970 \u00b7 Arquitecto \u00b7 Socia fundador y Gerente de 2BMFG.<\/strong>[\/vc_column_text][vc_tta_accordion style=\u00bbflat\u00bb shape=\u00bbsquare\u00bb color=\u00bbwhite\u00bb c_position=\u00bbright\u00bb active_section=\u00bb99&#8243; no_fill=\u00bbtrue\u00bb collapsible_all=\u00bbtrue\u00bb][vc_tta_section title=\u00bbCurr\u00edculum\u00bb tab_id=\u00bb1643995091394-9832f8ac-95ff\u00bb][vc_column_text]\u2022 Arquitecta por la Escuela T\u00e9cnica Superior de Arquitectura de Barcelona desde 1996.<\/p>\n<p>\u2022 Colegiada en el Colegio Oficial de Arquitectos de Barcelona con el n\u00famero 28.320-7 desde el 27.02.1997.<\/p>\n<p>\u2022 Colaboradora en el estudio de arquitectura de los arquitectos Carles Buxad\u00e9 y Joan Margarit desde 1990 a 2003.<\/p>\n<p>\u2022 Despacho de arquitectura propio junto a los arquitectos Carles Buxad\u00e9, Joan Margarit y Ramon Ferrando desde 2004.[\/vc_column_text][\/vc_tta_section][vc_tta_section title=\u00bbExperiencia docente\u00bb tab_id=\u00bb1643995091457-5f7f30b1-4fcb\u00bb][vc_column_text]\u2022 Profesora de C\u00e1lculo de Estructuras I de la Escuela T\u00e9cnica Superior de Arquitectura de la Universidad Ramon Llull &#8211; La Salle desde 1998 a 2005.[\/vc_column_text][\/vc_tta_section][\/vc_tta_accordion][\/vc_column][vc_column width=\u00bb1\/3&#8243; css=\u00bb.vc_custom_1643995294507{margin-bottom: 20px !important;}\u00bb][vc_column_text el_class=\u00bbmb-4&#8243;]<\/p>\n<h2 class=\"uppercase letter-spaced h6\">Carles Gelp\u00ed i Arroyo<\/h2>\n<p><strong>Barcelona 1968 \u00b7 Arquitecto \u00b7 Socio fundador y Codirector de Proyectos de 2BMFG.<\/strong>[\/vc_column_text][vc_tta_accordion style=\u00bbflat\u00bb shape=\u00bbsquare\u00bb color=\u00bbwhite\u00bb c_position=\u00bbright\u00bb active_section=\u00bb99&#8243; no_fill=\u00bbtrue\u00bb collapsible_all=\u00bbtrue\u00bb][vc_tta_section title=\u00bbCurr\u00edculum\u00bb tab_id=\u00bb1643994829529-c75d1cad-f32f\u00bb][vc_column_text]\u2022 Arquitecto por la Escuela T\u00e9cnica Superior de Arquitectura de Barcelona desde 1993.<\/p>\n<p>\u2022 Colegiado en el Colegio Oficial de Arquitectos de Barcelona con el n\u00famero 24.785-5 desde el 10.02.1994.<\/p>\n<p>\u2022 Miembro de la Agrupaci\u00f3n de Arquitectos Expertos Periciales Forenses.<\/p>\n<p>\u2022 Miembro de la Asociaci\u00f3n de Consultores de Estructuras desde 2004.<\/p>\n<p>\u2022 Despacho de arquitectura propio desde 1992.[\/vc_column_text][\/vc_tta_section][vc_tta_section title=\u00bbExperiencia docente\u00bb tab_id=\u00bb1643994829567-a05ef1f2-0afb\u00bb][vc_column_text]\u2022 Profesor de diversas asignaturas de C\u00e1lculo de Estructuras de la Escuela T\u00e9cnica Superior de Arquitectura de la Universidad Internacional de Catalu\u00f1a desde 1998 a 2006.<\/p>\n<p>\u2022 Profesor de M\u00e1ster de C\u00e1lculo de Estructuras de UPC (Universidad Polit\u00e9cnica de Catalu\u00f1a) desde 2000.<\/p>\n<p>\u2022 Profesor de Cursos de Formaci\u00f3n Continua del Colegio Oficial de Aparejadores y Arquitectos T\u00e9cnicos de Barcelona.<\/p>\n<p>\u2022 Ponente del Curso de Implantaci\u00f3n del C\u00f3digo T\u00e9cnico en las Estructuras en 2007.<\/p>\n<p>\u2022 Profesor del M\u00e1ster en Tecnolog\u00eda para el c\u00e1lculo, ejecuci\u00f3n y control en edificaci\u00f3n en la Universidad Polit\u00e9cnica de Catalu\u00f1a desde 2007.<\/p>\n<p>\u2022 Ponente del \u201cM\u00e1ster internacional en Estructuras de Edificaci\u00f3n: Rehabilitaci\u00f3n y Patolog\u00eda basada en intervenciones reales\u201d organizado por Zigurat, ACE y IEE y acreditado por la UPC. Desde 2012 hasta la actualidad.[\/vc_column_text][\/vc_tta_section][\/vc_tta_accordion][\/vc_column][vc_column width=\u00bb1\/3&#8243; css=\u00bb.vc_custom_1643995300610{margin-bottom: 20px !important;}\u00bb][vc_column_text el_class=\u00bbmb-4&#8243;]<\/p>\n<h2 class=\"uppercase letter-spaced h6\">Ramon Ferrando i Rios<\/h2>\n<p><strong>Barcelona 1959 \u00b7 Arquitecto \u00b7 Socio fundador y Codirector de Proyectos de 2BMFG.<\/strong>[\/vc_column_text][vc_tta_accordion style=\u00bbflat\u00bb shape=\u00bbsquare\u00bb color=\u00bbwhite\u00bb c_position=\u00bbright\u00bb active_section=\u00bb99&#8243; no_fill=\u00bbtrue\u00bb collapsible_all=\u00bbtrue\u00bb][vc_tta_section title=\u00bbCurr\u00edculum\u00bb tab_id=\u00bb1643993427920-b1ea0899-a62e\u00bb][vc_column_text]\u2022 Arquitecto por la Escuela T\u00e9cnica Superior de Arquitectura de Barcelona desde 1993.<\/p>\n<p>\u2022 Colegiado en el Colegio Oficial de Arquitectos de Barcelona con el n\u00famero 24767-7 desde el 19.01.1994.<\/p>\n<p>\u2022 Miembro de la Agrupaci\u00f3n de Arquitectos Expertos Periciales Forenses.<\/p>\n<p>\u2022 Miembro de la Asociaci\u00f3n de Consultores de Estructuras desde 2004.<\/p>\n<p>\u2022 Colaborador en el estudio de arquitectura de los arquitectos Carles Buxad\u00e9 y Joan Margarit desde 1986 a 2003.<\/p>\n<p>\u2022 Despacho de arquitectura propio junto a los arquitectos Carles Buxad\u00e9, Joan Margarit y \u00c0gata Buxad\u00e9 desde 2004.[\/vc_column_text][\/vc_tta_section][vc_tta_section title=\u00bbExperiencia docente\u00bb tab_id=\u00bb1643993579546-f0287910-9f87&#8243;][vc_column_text]\u2022 Profesor de C\u00e1lculo de Estructuras I de la Escuela T\u00e9cnica Superior de Arquitectura de la Universidad Ramon Llull -La Salle desde 2003 a 2007.<\/p>\n<p>\u2022 Profesor de la sesi\u00f3n numero 5 \u201cIntervenciones en vigas y\u00a0 forjados de hormig\u00f3n armado\u201d dentro el Curso de \u201cC\u00e1lculo Estructural en Rehabilitaci\u00f3n\u201d organizado por la escuela Sert.<\/p>\n<p>\u2022 Ponente del \u201cM\u00e1ster internacional en Estructuras de Edificaci\u00f3n: Rehabilitaci\u00f3n y Patolog\u00eda basada en intervenciones reales\u201d organizado por Zigurat, ACE y IEE y acreditado por la UPC. Desde 2012 hasta la actualidad.[\/vc_column_text][\/vc_tta_section][\/vc_tta_accordion][\/vc_column][\/vc_row][vc_row][vc_column width=\u00bb1\/2&#8243; css=\u00bb.vc_custom_1644229423118{margin-bottom: 20px !important;}\u00bb][vc_column_text el_class=\u00bbmb-4&#8243;]<\/p>\n<h2 class=\"uppercase letter-spaced h6\">Carles Buxad\u00e9 i Ribot<\/h2>\n<p><strong>Barcelona 1942 \u00b7 Dr. Arquitecto \u00b7 Socio fundador de 2BMFG.<\/strong>[\/vc_column_text][vc_tta_accordion style=\u00bbflat\u00bb shape=\u00bbsquare\u00bb color=\u00bbwhite\u00bb c_position=\u00bbright\u00bb active_section=\u00bb99&#8243; no_fill=\u00bbtrue\u00bb collapsible_all=\u00bbtrue\u00bb][vc_tta_section title=\u00bbCurr\u00edculum\u00bb tab_id=\u00bb1644226989307-37d44532-6917&#8243;][vc_column_text]\u2022 Arquitecto por la Escuela T\u00e9cnica Superior de Arquitectura de Barcelona desde 1966.<\/p>\n<p>\u2022 Colegiado en el Colegio Oficial de Arquitectos de Barcelona con el n\u00famero 2.846-0 desde el 25.08.1966.<\/p>\n<p>\u2022 Doctorado, Excelente cum laude en 1968.<\/p>\n<p>\u2022 Miembro de la Agrupaci\u00f3n de Arquitectos Expertos Periciales Forenses.<\/p>\n<p>\u2022 Miembro de la Asociaci\u00f3n de Consultores de Estructuras desde 2004.<\/p>\n<p>\u2022 Miembro de la Real Academia de Ciencias y Artes de Barcelona desde 25.05.2006.<\/p>\n<p>\u2022 Despacho de arquitectura propio junto con el arquitecto Joan Margarit desde 1970 y desde 2004 con Joan Margarit, \u00c0gata Buxad\u00e9 y Ramon Ferrando.[\/vc_column_text][\/vc_tta_section][vc_tta_section title=\u00bbExperiencia docente\u00bb tab_id=\u00bb1644226989370-b5d1d131-a421&#8243;][vc_column_text]\u2022 Catedr\u00e1tico de C\u00e1lculo de Estructuras del E.T.S.A.B. desde 1970.<\/p>\n<p>\u2022 Profesor de Estructuras II e Introducci\u00f3n a las Estructuras en la E.T.S.A.B. \u2013 U.P.C. desde 1970 hasta 2002.<\/p>\n<p>\u2022 Director del M\u00e1ster de Dise\u00f1o y Restauraci\u00f3n de Estructuras Arquitect\u00f3nicas de la Universidad Polit\u00e9cnica de Catalu\u00f1a. 1era y 2\u00aa edici\u00f3n, cursos 1999-00 y 2000-01.[\/vc_column_text][\/vc_tta_section][\/vc_tta_accordion][\/vc_column][vc_column width=\u00bb1\/2&#8243; css=\u00bb.vc_custom_1644229431925{margin-bottom: 20px !important;}\u00bb][vc_column_text el_class=\u00bbmb-4&#8243;]<\/p>\n<h2 class=\"uppercase letter-spaced h6\">Joan Margarit i Consarnau<\/h2>\n<p><strong>Sana\u00fcja 1938 &#8211; Barcelona 2021 \u00b7 Dr. Arquitecto \u00b7 Socio fundador de 2BMFG.<\/strong>[\/vc_column_text][vc_tta_accordion style=\u00bbflat\u00bb shape=\u00bbsquare\u00bb color=\u00bbwhite\u00bb c_position=\u00bbright\u00bb active_section=\u00bb99&#8243; no_fill=\u00bbtrue\u00bb collapsible_all=\u00bbtrue\u00bb][vc_tta_section title=\u00bbCurr\u00edculum\u00bb tab_id=\u00bb1644226874051-40166dd5-ac05&#8243;][vc_column_text]\u2022 Arquitecto por la Escuela T\u00e9cnica Superior de Arquitectura de Barcelona desde 1964.<\/p>\n<p>\u2022 Colegiado en el Colegio Oficial de Arquitectos de Barcelona con el n\u00famero 2.450-3 desde el 23.07.1964.<\/p>\n<p>\u2022 Doctorado, Excelente cum laude en 1968.<\/p>\n<p>\u2022 Miembro de la Real Academia de Ingenier\u00eda de Barcelona desde 25.09.2003.<\/p>\n<p>\u2022 Miembro de la Asociaci\u00f3n de Consultores de Estructuras desde 2004.<\/p>\n<p>\u2022 Despacho de arquitectura propio desde 1970 y desde 2004 con Carles Buxad\u00e9, \u00c0gata Buxad\u00e9 y Ramon Ferrando.[\/vc_column_text][\/vc_tta_section][vc_tta_section title=\u00bbExperiencia docente\u00bb tab_id=\u00bb1644226874301-59e38721-bcb4&#8243;][vc_column_text]\u2022 Catedr\u00e1tico de C\u00e1lculo de Estructuras del E.T.S.A.B desde 1968.<\/p>\n<p>\u2022 Profesor de Estructuras III e Introducci\u00f3n a las Estructuras en la E.T.S.A.B. \u2013 U.P.C. desde 1970 hasta 1998.[\/vc_column_text][\/vc_tta_section][\/vc_tta_accordion][\/vc_column][\/vc_row][vc_row][vc_column][vc_single_image image=\u00bb16618&#8243; img_size=\u00bbfull\u00bb el_class=\u00bbmb-5 mt-3&#8243;][\/vc_column][\/vc_row][vc_row][vc_column][vc_column_text el_class=\u00bbmb-3&#8243;]<\/p>\n<h2 class=\"uppercase letter-spaced\">Trabajan con nosotros<\/h2>\n<p>[\/vc_column_text][\/vc_column][\/vc_row][vc_row][vc_column width=\u00bb1\/4&#8243;][vc_column_text el_class=\u00bbmb-3&#8243;]<\/p>\n<h2 class=\"uppercase letter-spaced h6\">LUCIA MARTINS<\/h2>\n<p><strong>Arquitecta.<\/strong><br \/>\nTrabaja en el despacho desde 2007.[\/vc_column_text][\/vc_column][vc_column width=\u00bb1\/4&#8243;][vc_column_text el_class=\u00bbmb-3&#8243;]<\/p>\n<h2 class=\"uppercase letter-spaced h6\">MARCEL SAURINA EUDALDO<\/h2>\n<p><strong>Ingeniero de Caminos, Canales y Puertos.<br \/>\n<\/strong>Trabaja en el despacho desde 2007.[\/vc_column_text][\/vc_column][vc_column width=\u00bb1\/4&#8243;][vc_column_text el_class=\u00bbmb-3&#8243;]<\/p>\n<h2 class=\"uppercase letter-spaced h6\">ORIOL MARTOS<\/h2>\n<p><strong> Arquitecto.<\/strong><br \/>\nTrabaja en el despacho desde 2022.[\/vc_column_text][\/vc_column][vc_column width=\u00bb1\/4&#8243;][vc_column_text el_class=\u00bbmb-3&#8243;]<\/p>\n<h2 class=\"uppercase letter-spaced h6\">MERITXELL SECALL<\/h2>\n<p><strong> Arquitecta.<\/strong><br \/>\nTrabaja en el despacho desde 2022.[\/vc_column_text][\/vc_column][\/vc_row][vc_row][vc_column width=\u00bb1\/4&#8243;][vc_column_text el_class=\u00bbmb-3&#8243;]<\/p>\n<h2 class=\"uppercase letter-spaced h6\">A\u00cfDA COMABELLA<\/h2>\n<p><strong>Arquitecta e ingeniera de la edificaci\u00f3n.<\/strong><br \/>\nTrabaja en el despacho desde 2022.[\/vc_column_text][\/vc_column][vc_column width=\u00bb1\/4&#8243;][vc_column_text el_class=\u00bbmb-3&#8243;]<\/p>\n<h2 class=\"uppercase letter-spaced h6\">PABLO QUILES<\/h2>\n<p><strong>Arquitecto.<\/strong><br \/>\nTrabaja en el despacho desde 2022.[\/vc_column_text][\/vc_column][vc_column width=\u00bb1\/4&#8243;][vc_column_text el_class=\u00bbmb-3&#8243;]<\/p>\n<h2 class=\"uppercase letter-spaced h6\">MARC SOLER<\/h2>\n<p><strong>Arquitecto.<\/strong><br \/>\nTrabaja en el despacho desde 2023.[\/vc_column_text][\/vc_column][vc_column width=\u00bb1\/4&#8243;][vc_column_text el_class=\u00bbmb-3&#8243;]<\/p>\n<h2 class=\"uppercase letter-spaced h6\">JAVIER CASTA\u00d1EDA<\/h2>\n<p><strong>Arquitecto.<\/strong><br \/>\nTrabaja en el despacho desde 2023.[\/vc_column_text][\/vc_column][\/vc_row][vc_row][vc_column width=\u00bb1\/4&#8243;][vc_column_text el_class=\u00bbmb-3&#8243;]<\/p>\n<h2 class=\"uppercase letter-spaced h6\">MARIA POM\u00c9S<\/h2>\n<p><strong>Ingeniera industrial.<\/strong><br \/>\nTrabaja en el despacho desde 2022.[\/vc_column_text][\/vc_column][vc_column width=\u00bb1\/4&#8243;][vc_column_text el_class=\u00bbmb-3&#8243;]<\/p>\n<h2 class=\"uppercase letter-spaced h6\">AGUSTIN RODRIGUEZ<\/h2>\n<p><strong>Estudiante de arquitectura en ETSAB.<\/strong><br \/>\nTrabaja en el despacho desde 2022.[\/vc_column_text][\/vc_column][vc_column width=\u00bb1\/4&#8243;][vc_column_text el_class=\u00bbmb-3&#8243;]<\/p>\n<h2 class=\"uppercase letter-spaced h6\">ALEX BENITO<\/h2>\n<p><b>Arquitecto.<\/b><br \/>\nTrabaja en el despacho desde 2023.[\/vc_column_text][\/vc_column][vc_column width=\u00bb1\/4&#8243;][vc_column_text el_class=\u00bbmb-3&#8243;]<\/p>\n<h2 class=\"uppercase letter-spaced h6\">MIQUEL GIM\u00c9NEZ<\/h2>\n<p><strong>Arquitecto.<\/strong><br \/>\nTrabaja en el despacho desde 2024.[\/vc_column_text][\/vc_column][\/vc_row][vc_row][vc_column width=\u00bb1\/4&#8243;][vc_column_text el_class=\u00bbmb-3&#8243;]<\/p>\n<h2 class=\"uppercase letter-spaced h6\">ASSUMPTA ROSIN\u00c9S<\/h2>\n<p><strong>Arquitecto.<\/strong><br \/>\nTrabaja en el despacho desde 2024.[\/vc_column_text][\/vc_column][vc_column width=\u00bb1\/4&#8243;][vc_column_text el_class=\u00bbmb-3&#8243;]<\/p>\n<h2 class=\"uppercase letter-spaced h6\">MARGOT CLOTET RIU<\/h2>\n<p><b>Arquitecta y estudiante de M\u00e1ster en ETSAB.<\/b><br \/>\nTrabaja en el despacho desde 2024.[\/vc_column_text][\/vc_column][vc_column width=\u00bb1\/4&#8243;][vc_column_text el_class=\u00bbmb-3&#8243;]<\/p>\n<h2 class=\"uppercase letter-spaced h6\">SARA FONT<\/h2>\n<p><strong>Estudiante en ETSAB.<\/strong><br \/>\nTrabaja en el despacho desde 2024.[\/vc_column_text][\/vc_column][vc_column width=\u00bb1\/4&#8243;][vc_column_text el_class=\u00bbmb-3&#8243;]<\/p>\n<h2 class=\"uppercase letter-spaced h6\">JOAN NIETO<\/h2>\n<p><strong>Estudiante en ETSAB.<\/strong><br \/>\nTrabaja en el despacho desde 2024.[\/vc_column_text][\/vc_column][\/vc_row][vc_row][vc_column width=\u00bb1\/4&#8243;][vc_column_text el_class=\u00bbmb-3&#8243;]<\/p>\n<h2 class=\"uppercase letter-spaced h6\">MAITE GRAU<\/h2>\n<p><strong>Administrativa y Secretaria de Direcci\u00f3n.<\/strong><br \/>\nTrabaja en el despacho desde 1986.[\/vc_column_text][\/vc_column][vc_column width=\u00bb1\/4&#8243;][\/vc_column][vc_column width=\u00bb1\/4&#8243;][\/vc_column][vc_column width=\u00bb1\/4&#8243;][\/vc_column][\/vc_row][vc_row][vc_column mobile_mb=\u00bbmargin-xs-40b\u00bb][vc_column_text]<\/p>\n<h2 class=\"uppercase letter-spaced h6\">Han trabajado con nosotros:<\/h2>\n<p>Claudia Alavedra, Guillem Haro, Joan Miquel Ferriol, Susana Mu\u00f1oz, Manel Barnils, Patricia Guasch, Eduard Reus, Carla Martinez, Robert Rubio, Marc Oliv\u00e9, Andrea Berruezo, Laura Martinell, Anna Sol\u00e0, Pablo Puyuelo, Alba Sanchez, Carles Pinyol, Manel Barnils, Elena Marco, Carlos Pernia, Joan Puicferrer, Ana Vidal, Chantal Marf\u00e0, Mireia Regada, Sebasti\u00e0 Serrano, Miquel Mart\u00ednez, Patr\u00edcia Art\u00e9s de Arcos Klein, Natxa Yag\u00fce, Arantxa Ort\u00ed, Merc\u00e8 Amat, Gen\u00eds Plassa, Xavier Fondevila, Alicia Ortu\u00f1o, David Hernandez, Isabel Ascaso, Diana Carbonell, Cristian Mu\u00f1oz, Gabriella Secco, Africa Soler, Eli Vega, Susana Llapur, Jose Molina, N\u00faria Perell\u00f3, Eva Suarez, S\u00f2nia Hernandez, Oscar Serrano, Jaume Casadevall, Raquel Jurado, Cristina Nogu\u00e9, Pau Martinez, Radina Angelova, Matina Theodoropoulou, S\u00f2nia Camallonga, Cristina Carballares, Thais Roja, Anna Santolaria, M. Carmen Garrochategui, Joan Castellv\u00ed, Irene Gomez, Oswaldo Gil, Elian Pe\u00f1a, Maribel Cobeta, Jordi Gordon, Alba Folqu\u00e9, Blanca Meg\u00eda, Cl\u00e0udia Zwahlen, S\u00edlvia Coomonte, Beatriz Cabrera, Joel Piulats, Anna Font, Xavier Quer, Pol Massoni, Albert Montserrat, Pere Alfaras, L\u00eddia Padr\u00f3s, Merc\u00e8 Mundet, Xavier Huertas, Vanessa Mu\u00f1oz, Antoni P\u00e9rez, Alba Larrosa, Jordi Mestrich, Mar\u00e7al Bonadona, Gerant Yeray, Anna Souto, Marga Cerezo, Alba Benavides, \u00c0lex Gr\u00e0valos, Anna Badia, Rodrigo Land\u00e1buru, Isabel Gabarr\u00f3, Yolanda Salazar, Elisabet Polo.[\/vc_column_text][\/vc_column][\/vc_row][vc_row][vc_column][vc_column_text el_class=\u00bbmb-3&#8243;]<\/p>\n<h2 class=\"uppercase letter-spaced\">COLABORAN CON NOSOTROS<\/h2>\n<p>[\/vc_column_text][vc_column_text]<strong>Coautores:\u00a0<\/strong>PICHarchitects_Pich-Aguilera \u2013 Ignasi Cristi\u00e0 \u2013 2307 arquitectures SL<\/p>\n<p><strong>Instalaciones: <\/strong>ARMENGOL &amp; ROS CONSULTORS I ASSOCIATS, SLP \u2013 JG Ingenieros SA \u2013 Juncosa S\u00e1nchez Services enginyeria i arquitectura SLP<\/p>\n<p><strong>Arquitectura T\u00e9cnica: <\/strong>FRANCESC XAIR\u00d3 I ASSOCIATS SLP \u2013 FONTGRAU T\u00c8CNICS SLP<\/p>\n<p><strong>Ac\u00fastica:\u00a0<\/strong>WS ACOUSTICS[\/vc_column_text][\/vc_column][\/vc_row][vc_row][vc_column][vc_column_text el_class=\u00bbmb-3&#8243;]<\/p>\n<h2 class=\"uppercase letter-spaced\">ASOCIACIONES A LAS QUE PERTENECEMOS<\/h2>\n<p>[\/vc_column_text][vc_column_text]<strong>COAC:<\/strong> <em>Col.legi Oficial d\u2019Arquitectes de Catalunya<\/em><\/p>\n<p><strong>ACE:<\/strong> Asociaci\u00f3n de Consultores de Estructuras<\/p>\n<p><em><strong>CAMBRA D\u2019EMPRESES DE SERVEIS PROFESSIONALS A LA CONSTRUCCI\u00d3.<\/strong><\/em><\/p>\n<p><strong>AAEPFMC:\u00a0<\/strong>Agrupaci\u00f3n de arquitectos expertos periciales, forenses y mediadores<\/p>\n<p><strong>SAIR:\u00a0<\/strong>Gruppo Europeo di Architettura, Urbanistica ed Ingegneria<\/p>\n<p><strong>PIMEC:<\/strong>\u00a0<em>Micro, petita i mitjana empresa de Catalunya<\/em>[\/vc_column_text][\/vc_column][\/vc_row]<\/p>\n<\/section>","protected":false},"excerpt":{"rendered":"<p>[vc_row][vc_column][vc_column_text el_class=\u00bbmb-4&#8243;] Equipo 2BMFG somos un estudio de arquitectura de segunda generaci\u00f3n fundado por cinco socios: Carles y \u00c0gata Buxad\u00e9,<\/p>\n","protected":false},"author":2,"featured_media":0,"parent":0,"menu_order":0,"comment_status":"closed","ping_status":"closed","template":"page-template.php","meta":{"footnotes":""},"class_list":["post-16831","page","type-page","status-publish","hentry"],"yoast_head":"<!-- This site is optimized with the Yoast SEO plugin v23.4 - https:\/\/yoast.com\/wordpress\/plugins\/seo\/ -->\n<title>Equipo - 2BMFG Arquitectes<\/title>\n<meta name=\"robots\" content=\"index, follow, max-snippet:-1, max-image-preview:large, max-video-preview:-1\" \/>\n<link rel=\"canonical\" href=\"https:\/\/2bmfg.com\/es\/equipo\/\" \/>\n<meta property=\"og:locale\" content=\"es_ES\" \/>\n<meta property=\"og:type\" content=\"article\" \/>\n<meta property=\"og:title\" content=\"Equipo - 2BMFG Arquitectes\" \/>\n<meta property=\"og:description\" content=\"[vc_row][vc_column][vc_column_text el_class=\u00bbmb-4&#8243;] Equipo 2BMFG somos un estudio de arquitectura de segunda generaci\u00f3n fundado por cinco socios: Carles y \u00c0gata Buxad\u00e9,\" \/>\n<meta property=\"og:url\" content=\"https:\/\/2bmfg.com\/es\/equipo\/\" \/>\n<meta property=\"og:site_name\" content=\"2BMFG Arquitectes\" \/>\n<meta property=\"article:modified_time\" content=\"2025-01-21T12:51:30+00:00\" \/>\n<meta name=\"twitter:card\" content=\"summary_large_image\" \/>\n<meta name=\"twitter:label1\" content=\"Est. reading time\" \/>\n\t<meta name=\"twitter:data1\" content=\"9 minutos\" \/>\n<script type=\"application\/ld+json\" class=\"yoast-schema-graph\">{\"@context\":\"https:\/\/schema.org\",\"@graph\":[{\"@type\":\"WebPage\",\"@id\":\"https:\/\/2bmfg.com\/es\/equipo\/\",\"url\":\"https:\/\/2bmfg.com\/es\/equipo\/\",\"name\":\"Equipo - 2BMFG Arquitectes\",\"isPartOf\":{\"@id\":\"https:\/\/2bmfg.com\/es\/#website\"},\"datePublished\":\"2021-12-14T10:36:31+00:00\",\"dateModified\":\"2025-01-21T12:51:30+00:00\",\"breadcrumb\":{\"@id\":\"https:\/\/2bmfg.com\/es\/equipo\/#breadcrumb\"},\"inLanguage\":\"es\",\"potentialAction\":[{\"@type\":\"ReadAction\",\"target\":[\"https:\/\/2bmfg.com\/es\/equipo\/\"]}]},{\"@type\":\"BreadcrumbList\",\"@id\":\"https:\/\/2bmfg.com\/es\/equipo\/#breadcrumb\",\"itemListElement\":[{\"@type\":\"ListItem\",\"position\":1,\"name\":\"Home\",\"item\":\"https:\/\/2bmfg.com\/es\/\"},{\"@type\":\"ListItem\",\"position\":2,\"name\":\"Equipo\"}]},{\"@type\":\"WebSite\",\"@id\":\"https:\/\/2bmfg.com\/es\/#website\",\"url\":\"https:\/\/2bmfg.com\/es\/\",\"name\":\"2BMFG Arquitectes\",\"description\":\"arquitectes\",\"publisher\":{\"@id\":\"https:\/\/2bmfg.com\/es\/#organization\"},\"potentialAction\":[{\"@type\":\"SearchAction\",\"target\":{\"@type\":\"EntryPoint\",\"urlTemplate\":\"https:\/\/2bmfg.com\/es\/?s={search_term_string}\"},\"query-input\":{\"@type\":\"PropertyValueSpecification\",\"valueRequired\":true,\"valueName\":\"search_term_string\"}}],\"inLanguage\":\"es\"},{\"@type\":\"Organization\",\"@id\":\"https:\/\/2bmfg.com\/es\/#organization\",\"name\":\"2BMFG Arquitectes\",\"url\":\"https:\/\/2bmfg.com\/es\/\",\"logo\":{\"@type\":\"ImageObject\",\"inLanguage\":\"es\",\"@id\":\"https:\/\/2bmfg.com\/es\/#\/schema\/logo\/image\/\",\"url\":\"https:\/\/2bmfg.com\/wp-content\/uploads\/2022\/09\/cropped-favicon_2BMFG_arquitectes.png\",\"contentUrl\":\"https:\/\/2bmfg.com\/wp-content\/uploads\/2022\/09\/cropped-favicon_2BMFG_arquitectes.png\",\"width\":512,\"height\":512,\"caption\":\"2BMFG Arquitectes\"},\"image\":{\"@id\":\"https:\/\/2bmfg.com\/es\/#\/schema\/logo\/image\/\"},\"sameAs\":[\"https:\/\/www.instagram.com\/2bmfg\/\"]}]}<\/script>\n<!-- \/ Yoast SEO plugin. -->","yoast_head_json":{"title":"Equipo - 2BMFG Arquitectes","robots":{"index":"index","follow":"follow","max-snippet":"max-snippet:-1","max-image-preview":"max-image-preview:large","max-video-preview":"max-video-preview:-1"},"canonical":"https:\/\/2bmfg.com\/es\/equipo\/","og_locale":"es_ES","og_type":"article","og_title":"Equipo - 2BMFG Arquitectes","og_description":"[vc_row][vc_column][vc_column_text el_class=\u00bbmb-4&#8243;] Equipo 2BMFG somos un estudio de arquitectura de segunda generaci\u00f3n fundado por cinco socios: Carles y \u00c0gata Buxad\u00e9,","og_url":"https:\/\/2bmfg.com\/es\/equipo\/","og_site_name":"2BMFG Arquitectes","article_modified_time":"2025-01-21T12:51:30+00:00","twitter_card":"summary_large_image","twitter_misc":{"Est. reading time":"9 minutos"},"schema":{"@context":"https:\/\/schema.org","@graph":[{"@type":"WebPage","@id":"https:\/\/2bmfg.com\/es\/equipo\/","url":"https:\/\/2bmfg.com\/es\/equipo\/","name":"Equipo - 2BMFG Arquitectes","isPartOf":{"@id":"https:\/\/2bmfg.com\/es\/#website"},"datePublished":"2021-12-14T10:36:31+00:00","dateModified":"2025-01-21T12:51:30+00:00","breadcrumb":{"@id":"https:\/\/2bmfg.com\/es\/equipo\/#breadcrumb"},"inLanguage":"es","potentialAction":[{"@type":"ReadAction","target":["https:\/\/2bmfg.com\/es\/equipo\/"]}]},{"@type":"BreadcrumbList","@id":"https:\/\/2bmfg.com\/es\/equipo\/#breadcrumb","itemListElement":[{"@type":"ListItem","position":1,"name":"Home","item":"https:\/\/2bmfg.com\/es\/"},{"@type":"ListItem","position":2,"name":"Equipo"}]},{"@type":"WebSite","@id":"https:\/\/2bmfg.com\/es\/#website","url":"https:\/\/2bmfg.com\/es\/","name":"2BMFG Arquitectes","description":"arquitectes","publisher":{"@id":"https:\/\/2bmfg.com\/es\/#organization"},"potentialAction":[{"@type":"SearchAction","target":{"@type":"EntryPoint","urlTemplate":"https:\/\/2bmfg.com\/es\/?s={search_term_string}"},"query-input":{"@type":"PropertyValueSpecification","valueRequired":true,"valueName":"search_term_string"}}],"inLanguage":"es"},{"@type":"Organization","@id":"https:\/\/2bmfg.com\/es\/#organization","name":"2BMFG Arquitectes","url":"https:\/\/2bmfg.com\/es\/","logo":{"@type":"ImageObject","inLanguage":"es","@id":"https:\/\/2bmfg.com\/es\/#\/schema\/logo\/image\/","url":"https:\/\/2bmfg.com\/wp-content\/uploads\/2022\/09\/cropped-favicon_2BMFG_arquitectes.png","contentUrl":"https:\/\/2bmfg.com\/wp-content\/uploads\/2022\/09\/cropped-favicon_2BMFG_arquitectes.png","width":512,"height":512,"caption":"2BMFG Arquitectes"},"image":{"@id":"https:\/\/2bmfg.com\/es\/#\/schema\/logo\/image\/"},"sameAs":["https:\/\/www.instagram.com\/2bmfg\/"]}]}},"_links":{"self":[{"href":"https:\/\/2bmfg.com\/es\/wp-json\/wp\/v2\/pages\/16831"}],"collection":[{"href":"https:\/\/2bmfg.com\/es\/wp-json\/wp\/v2\/pages"}],"about":[{"href":"https:\/\/2bmfg.com\/es\/wp-json\/wp\/v2\/types\/page"}],"author":[{"embeddable":true,"href":"https:\/\/2bmfg.com\/es\/wp-json\/wp\/v2\/users\/2"}],"replies":[{"embeddable":true,"href":"https:\/\/2bmfg.com\/es\/wp-json\/wp\/v2\/comments?post=16831"}],"version-history":[{"count":29,"href":"https:\/\/2bmfg.com\/es\/wp-json\/wp\/v2\/pages\/16831\/revisions"}],"predecessor-version":[{"id":19361,"href":"https:\/\/2bmfg.com\/es\/wp-json\/wp\/v2\/pages\/16831\/revisions\/19361"}],"wp:attachment":[{"href":"https:\/\/2bmfg.com\/es\/wp-json\/wp\/v2\/media?parent=16831"}],"curies":[{"name":"wp","href":"https:\/\/api.w.org\/{rel}","templated":true}]}}