{"id":16767,"date":"2022-01-20T19:12:23","date_gmt":"2022-01-20T18:12:23","guid":{"rendered":"https:\/\/2bmfg.com\/certificacio-iso-9001-i-iso-14006\/"},"modified":"2023-03-16T13:02:54","modified_gmt":"2023-03-16T12:02:54","slug":"certificacion-iso-9001-e-iso-14006","status":"publish","type":"page","link":"https:\/\/2bmfg.com\/es\/certificacion-iso-9001-e-iso-14006\/","title":{"rendered":"Certificaci\u00f3n ISO 9001 e ISO 14006"},"content":{"rendered":"<section class=\"wpb-content-wrapper\"><p>[vc_row][vc_column][vc_column_text]<\/p>\n<h1 class=\"uppercase letter-spaced\">Certificaci\u00f3n ISO 9001 e ISO 14006<\/h1>\n<p>[\/vc_column_text][\/vc_column][\/vc_row][vc_row][vc_column offset=\u00bbvc_col-lg-offset-0 vc_col-lg-6 vc_col-md-offset-0 vc_col-md-12 vc_col-sm-offset-0 vc_col-xs-12&#8243;][vc_column_text el_class=\u00bbmt-2&#8243;]Como pol\u00edtica de empresa, y con el objetivo de garantizar un servicio de calidad, 2BMFG ha desarrollado una meticulosa metodolog\u00eda de trabajo que ha desembocado en la obtenci\u00f3n de la certificaci\u00f3n en el Sistema de Gesti\u00f3n Integrado (SGI) en Calidad y Ecodise\u00f1o seg\u00fan las <strong>Normas ISO 9001<\/strong> e <strong>ISO 14006<\/strong>, vigente desde julio de 2014.<\/p>\n<p>El Sistema de Gesti\u00f3n Integrado abarca la totalidad de procesos t\u00e9cnicos de proyecto de arquitectura, c\u00e1lculo de estructuras, redacci\u00f3n de dict\u00e1menes y direcciones de obra, tanto en lo referente a <strong>la Calidad en la Gesti\u00f3n<\/strong> como en<strong>\u00a0Ecodise\u00f1o<\/strong>.<\/p>\n<p>Le invitamos a conocer la pol\u00edtica de calidad del estudio a trav\u00e9s del siguiente enlace: \u201c<a style=\"text-decoration: underline;\" href=\"https:\/\/2bmfg.com\/wp-content\/uploads\/2022\/01\/PI-Poli\u0301tica-2BMFG-WEB-CAT.pdf\" target=\"_blank\" rel=\"noopener\">descargar PDF Pol\u00edtica de empresa 2BMFG Arquitectes<\/a>\u201d[\/vc_column_text][\/vc_column][vc_column width=\u00bb1\/2&#8243; tablets_mt=\u00bbmargin-sm-30t\u00bb mobile_mt=\u00bbmargin-xs-30t\u00bb mobile_mb=\u00bbmargin-xs-30b\u00bb offset=\u00bbvc_col-lg-offset-0 vc_col-lg-3 vc_col-md-offset-0 vc_col-md-6 vc_col-sm-offset-0 vc_col-xs-12&#8243;][vc_single_image image=\u00bb17677&#8243; img_size=\u00bb400xauto\u00bb alignment=\u00bbcenter\u00bb css=\u00bb.vc_custom_1678968168614{margin-right: 20px !important;margin-left: 20px !important;}\u00bb el_class=\u00bbmt-3&#8243;][\/vc_column][\/vc_row]<\/p>\n<\/section>","protected":false},"excerpt":{"rendered":"<p>[vc_row][vc_column][vc_column_text] Certificaci\u00f3n ISO 9001 e ISO 14006 [\/vc_column_text][\/vc_column][\/vc_row][vc_row][vc_column offset=\u00bbvc_col-lg-offset-0 vc_col-lg-6 vc_col-md-offset-0 vc_col-md-12 vc_col-sm-offset-0 vc_col-xs-12&#8243;][vc_column_text el_class=\u00bbmt-2&#8243;]Como pol\u00edtica de empresa, y con<\/p>\n","protected":false},"author":2,"featured_media":0,"parent":0,"menu_order":0,"comment_status":"closed","ping_status":"closed","template":"page-template.php","meta":{"footnotes":""},"class_list":["post-16767","page","type-page","status-publish","hentry"],"yoast_head":"<!-- This site is optimized with the Yoast SEO plugin v23.4 - https:\/\/yoast.com\/wordpress\/plugins\/seo\/ -->\n<title>Certificaci\u00f3n ISO 9001 e ISO 14006 - 2BMFG Arquitectes<\/title>\n<meta name=\"robots\" content=\"index, follow, max-snippet:-1, max-image-preview:large, max-video-preview:-1\" \/>\n<link rel=\"canonical\" href=\"https:\/\/2bmfg.com\/es\/certificacion-iso-9001-e-iso-14006\/\" \/>\n<meta property=\"og:locale\" content=\"es_ES\" \/>\n<meta property=\"og:type\" content=\"article\" \/>\n<meta property=\"og:title\" content=\"Certificaci\u00f3n ISO 9001 e ISO 14006 - 2BMFG Arquitectes\" \/>\n<meta property=\"og:description\" content=\"[vc_row][vc_column][vc_column_text] Certificaci\u00f3n ISO 9001 e ISO 14006 [\/vc_column_text][\/vc_column][\/vc_row][vc_row][vc_column offset=\u00bbvc_col-lg-offset-0 vc_col-lg-6 vc_col-md-offset-0 vc_col-md-12 vc_col-sm-offset-0 vc_col-xs-12&#8243;][vc_column_text el_class=\u00bbmt-2&#8243;]Como pol\u00edtica de empresa, y con\" \/>\n<meta property=\"og:url\" content=\"https:\/\/2bmfg.com\/es\/certificacion-iso-9001-e-iso-14006\/\" \/>\n<meta property=\"og:site_name\" content=\"2BMFG Arquitectes\" \/>\n<meta property=\"article:modified_time\" content=\"2023-03-16T12:02:54+00:00\" \/>\n<meta name=\"twitter:card\" content=\"summary_large_image\" \/>\n<meta name=\"twitter:label1\" content=\"Est. reading time\" \/>\n\t<meta name=\"twitter:data1\" content=\"1 minuto\" \/>\n<script type=\"application\/ld+json\" class=\"yoast-schema-graph\">{\"@context\":\"https:\/\/schema.org\",\"@graph\":[{\"@type\":\"WebPage\",\"@id\":\"https:\/\/2bmfg.com\/es\/certificacion-iso-9001-e-iso-14006\/\",\"url\":\"https:\/\/2bmfg.com\/es\/certificacion-iso-9001-e-iso-14006\/\",\"name\":\"Certificaci\u00f3n ISO 9001 e ISO 14006 - 2BMFG Arquitectes\",\"isPartOf\":{\"@id\":\"https:\/\/2bmfg.com\/es\/#website\"},\"datePublished\":\"2022-01-20T18:12:23+00:00\",\"dateModified\":\"2023-03-16T12:02:54+00:00\",\"breadcrumb\":{\"@id\":\"https:\/\/2bmfg.com\/es\/certificacion-iso-9001-e-iso-14006\/#breadcrumb\"},\"inLanguage\":\"es\",\"potentialAction\":[{\"@type\":\"ReadAction\",\"target\":[\"https:\/\/2bmfg.com\/es\/certificacion-iso-9001-e-iso-14006\/\"]}]},{\"@type\":\"BreadcrumbList\",\"@id\":\"https:\/\/2bmfg.com\/es\/certificacion-iso-9001-e-iso-14006\/#breadcrumb\",\"itemListElement\":[{\"@type\":\"ListItem\",\"position\":1,\"name\":\"Home\",\"item\":\"https:\/\/2bmfg.com\/es\/\"},{\"@type\":\"ListItem\",\"position\":2,\"name\":\"Certificaci\u00f3n ISO 9001 e ISO 14006\"}]},{\"@type\":\"WebSite\",\"@id\":\"https:\/\/2bmfg.com\/es\/#website\",\"url\":\"https:\/\/2bmfg.com\/es\/\",\"name\":\"2BMFG Arquitectes\",\"description\":\"arquitectes\",\"publisher\":{\"@id\":\"https:\/\/2bmfg.com\/es\/#organization\"},\"potentialAction\":[{\"@type\":\"SearchAction\",\"target\":{\"@type\":\"EntryPoint\",\"urlTemplate\":\"https:\/\/2bmfg.com\/es\/?s={search_term_string}\"},\"query-input\":{\"@type\":\"PropertyValueSpecification\",\"valueRequired\":true,\"valueName\":\"search_term_string\"}}],\"inLanguage\":\"es\"},{\"@type\":\"Organization\",\"@id\":\"https:\/\/2bmfg.com\/es\/#organization\",\"name\":\"2BMFG Arquitectes\",\"url\":\"https:\/\/2bmfg.com\/es\/\",\"logo\":{\"@type\":\"ImageObject\",\"inLanguage\":\"es\",\"@id\":\"https:\/\/2bmfg.com\/es\/#\/schema\/logo\/image\/\",\"url\":\"https:\/\/2bmfg.com\/wp-content\/uploads\/2022\/09\/cropped-favicon_2BMFG_arquitectes.png\",\"contentUrl\":\"https:\/\/2bmfg.com\/wp-content\/uploads\/2022\/09\/cropped-favicon_2BMFG_arquitectes.png\",\"width\":512,\"height\":512,\"caption\":\"2BMFG Arquitectes\"},\"image\":{\"@id\":\"https:\/\/2bmfg.com\/es\/#\/schema\/logo\/image\/\"},\"sameAs\":[\"https:\/\/www.instagram.com\/2bmfg\/\"]}]}<\/script>\n<!-- \/ Yoast SEO plugin. -->","yoast_head_json":{"title":"Certificaci\u00f3n ISO 9001 e ISO 14006 - 2BMFG Arquitectes","robots":{"index":"index","follow":"follow","max-snippet":"max-snippet:-1","max-image-preview":"max-image-preview:large","max-video-preview":"max-video-preview:-1"},"canonical":"https:\/\/2bmfg.com\/es\/certificacion-iso-9001-e-iso-14006\/","og_locale":"es_ES","og_type":"article","og_title":"Certificaci\u00f3n ISO 9001 e ISO 14006 - 2BMFG Arquitectes","og_description":"[vc_row][vc_column][vc_column_text] Certificaci\u00f3n ISO 9001 e ISO 14006 [\/vc_column_text][\/vc_column][\/vc_row][vc_row][vc_column offset=\u00bbvc_col-lg-offset-0 vc_col-lg-6 vc_col-md-offset-0 vc_col-md-12 vc_col-sm-offset-0 vc_col-xs-12&#8243;][vc_column_text el_class=\u00bbmt-2&#8243;]Como pol\u00edtica de empresa, y con","og_url":"https:\/\/2bmfg.com\/es\/certificacion-iso-9001-e-iso-14006\/","og_site_name":"2BMFG Arquitectes","article_modified_time":"2023-03-16T12:02:54+00:00","twitter_card":"summary_large_image","twitter_misc":{"Est. reading time":"1 minuto"},"schema":{"@context":"https:\/\/schema.org","@graph":[{"@type":"WebPage","@id":"https:\/\/2bmfg.com\/es\/certificacion-iso-9001-e-iso-14006\/","url":"https:\/\/2bmfg.com\/es\/certificacion-iso-9001-e-iso-14006\/","name":"Certificaci\u00f3n ISO 9001 e ISO 14006 - 2BMFG Arquitectes","isPartOf":{"@id":"https:\/\/2bmfg.com\/es\/#website"},"datePublished":"2022-01-20T18:12:23+00:00","dateModified":"2023-03-16T12:02:54+00:00","breadcrumb":{"@id":"https:\/\/2bmfg.com\/es\/certificacion-iso-9001-e-iso-14006\/#breadcrumb"},"inLanguage":"es","potentialAction":[{"@type":"ReadAction","target":["https:\/\/2bmfg.com\/es\/certificacion-iso-9001-e-iso-14006\/"]}]},{"@type":"BreadcrumbList","@id":"https:\/\/2bmfg.com\/es\/certificacion-iso-9001-e-iso-14006\/#breadcrumb","itemListElement":[{"@type":"ListItem","position":1,"name":"Home","item":"https:\/\/2bmfg.com\/es\/"},{"@type":"ListItem","position":2,"name":"Certificaci\u00f3n ISO 9001 e ISO 14006"}]},{"@type":"WebSite","@id":"https:\/\/2bmfg.com\/es\/#website","url":"https:\/\/2bmfg.com\/es\/","name":"2BMFG Arquitectes","description":"arquitectes","publisher":{"@id":"https:\/\/2bmfg.com\/es\/#organization"},"potentialAction":[{"@type":"SearchAction","target":{"@type":"EntryPoint","urlTemplate":"https:\/\/2bmfg.com\/es\/?s={search_term_string}"},"query-input":{"@type":"PropertyValueSpecification","valueRequired":true,"valueName":"search_term_string"}}],"inLanguage":"es"},{"@type":"Organization","@id":"https:\/\/2bmfg.com\/es\/#organization","name":"2BMFG Arquitectes","url":"https:\/\/2bmfg.com\/es\/","logo":{"@type":"ImageObject","inLanguage":"es","@id":"https:\/\/2bmfg.com\/es\/#\/schema\/logo\/image\/","url":"https:\/\/2bmfg.com\/wp-content\/uploads\/2022\/09\/cropped-favicon_2BMFG_arquitectes.png","contentUrl":"https:\/\/2bmfg.com\/wp-content\/uploads\/2022\/09\/cropped-favicon_2BMFG_arquitectes.png","width":512,"height":512,"caption":"2BMFG Arquitectes"},"image":{"@id":"https:\/\/2bmfg.com\/es\/#\/schema\/logo\/image\/"},"sameAs":["https:\/\/www.instagram.com\/2bmfg\/"]}]}},"_links":{"self":[{"href":"https:\/\/2bmfg.com\/es\/wp-json\/wp\/v2\/pages\/16767"}],"collection":[{"href":"https:\/\/2bmfg.com\/es\/wp-json\/wp\/v2\/pages"}],"about":[{"href":"https:\/\/2bmfg.com\/es\/wp-json\/wp\/v2\/types\/page"}],"author":[{"embeddable":true,"href":"https:\/\/2bmfg.com\/es\/wp-json\/wp\/v2\/users\/2"}],"replies":[{"embeddable":true,"href":"https:\/\/2bmfg.com\/es\/wp-json\/wp\/v2\/comments?post=16767"}],"version-history":[{"count":8,"href":"https:\/\/2bmfg.com\/es\/wp-json\/wp\/v2\/pages\/16767\/revisions"}],"predecessor-version":[{"id":17693,"href":"https:\/\/2bmfg.com\/es\/wp-json\/wp\/v2\/pages\/16767\/revisions\/17693"}],"wp:attachment":[{"href":"https:\/\/2bmfg.com\/es\/wp-json\/wp\/v2\/media?parent=16767"}],"curies":[{"name":"wp","href":"https:\/\/api.w.org\/{rel}","templated":true}]}}