{"id":16526,"date":"2021-10-15T13:36:47","date_gmt":"2021-10-15T11:36:47","guid":{"rendered":"https:\/\/2bmfg.com\/trajectoria\/"},"modified":"2023-03-14T16:53:28","modified_gmt":"2023-03-14T15:53:28","slug":"trayectoria","status":"publish","type":"page","link":"https:\/\/2bmfg.com\/es\/trayectoria\/","title":{"rendered":"Trayectoria"},"content":{"rendered":"<section class=\"wpb-content-wrapper\"><p>[vc_row][vc_column][vc_column_text el_class=\u00bbuppercase\u00bb]<\/p>\n<h1 class=\"letter-spaced mb-5\">Pincelada de la trayectoria del despacho por d\u00e9cadas<\/h1>\n<p>[\/vc_column_text][\/vc_column][\/vc_row][vc_row el_class=\u00bbtimeline mt-3&#8243;][vc_column width=\u00bb2\/3&#8243;][vc_column_text]<\/p>\n<h2 class=\"h5\">A\u00f1os 60<\/h2>\n<p>Carles Buxad\u00e9 y Joan Margarit se conocen trabajando los dos en el laboratorio de c\u00e1lculo electr\u00f3nico de la escuela de arquitectura de la UPC. Trabajan all\u00ed desde 1966 hasta 1969, a\u00f1os en los cuales desarrollan el m\u00e9todo Margabux para calcular estructuras porticadas con los primeros ordenadores.<\/p>\n<p>En 1968 Joan Margarit obtiene la c\u00e1tedra de estructuras en la Escuela T\u00e9cnica Superior de Arquitectura de Barcelona, y en 1970 lo hace Carles Buxad\u00e9, tambi\u00e9n en la ETSAB.[\/vc_column_text][\/vc_column][vc_column width=\u00bb1\/3&#8243;][\/vc_column][\/vc_row][vc_row el_class=\u00bbtimeline\u00bb][vc_column width=\u00bb2\/3&#8243;][vc_column_text]<\/p>\n<h2 class=\"h5\">A\u00f1os 70<\/h2>\n<p>Abordan el c\u00e1lculo de estructuras tridimensionales de grandes luces. En 1976 proyectan y calculan la C\u00fapula de Vitoria, por la cual les otorgan al a\u00f1o siguiente el Premio Europeo de Estructuras Met\u00e1licas, poniendo en valor la est\u00e9tica, la ligereza y las grandes luces.<\/p>\n<p>Calculan mallas espaciales de nudos y barras en todo el mundo en cooperaci\u00f3n con la empresa Perfrisa, usando el m\u00e9todo de asimilaci\u00f3n de estructuras discont\u00ednuas en estructuras cont\u00ednuas. Han o\u00eddo hablar de este m\u00e9todo que est\u00e1 empezando a desarrollarse, en una ponencia en Londres, y deciden llevarlo a la pr\u00e1ctica.<\/p>\n<p>Implantan el c\u00e1lculo matricial, que hasta el momento solo usaban los ingenieros, en el mundo de la arquitectura, posicion\u00e1ndose como pioneros en el c\u00e1lculo de estructuras en la edificaci\u00f3n.[\/vc_column_text][\/vc_column][vc_column width=\u00bb1\/3&#8243;][\/vc_column][\/vc_row][vc_row el_class=\u00bbtimeline\u00bb][vc_column width=\u00bb2\/3&#8243;][vc_column_text]<\/p>\n<h2 class=\"h5\">A\u00f1os 80<\/h2>\n<p>Aplican los conocimientos estructurales adquiridos y desarrollados a lo largo de los \u00faltimos a\u00f1os en obras de gran impacto por Barcelona y el pa\u00eds.<\/p>\n<p>En el 1982,\u00a0 reciben el encargo de reforzar el monumento a Col\u00f3n. En el 1985, calculan y se encargan de la direcci\u00f3n de obra de la estructura de la Sagrada Familia. Un a\u00f1o despu\u00e9s, en el 1986,\u00a0 se les encarga la remodelaci\u00f3n del Estadio Ol\u00edmpico de Montju\u00efc, adem\u00e1s de la rehabilitaci\u00f3n del Museo de la Ciencia y la T\u00e9cnica de Terrassa y la estructura de la Universidad Pompeu Fabra.<\/p>\n<p>Paralelamente comienzan las actuaciones masivas de refuerzo estructural en los pol\u00edgonos de toda Catalu\u00f1a. Escuela de aprendizaje y puesta en pr\u00e1ctica de sus conocimientos estructurales que se alargar\u00e1 hasta la actualidad.<br \/>\nLos a\u00f1os 80 fueron los que ellos denominaban la \u201cd\u00e9cada prodigiosa\u201d.[\/vc_column_text][\/vc_column][vc_column width=\u00bb1\/3&#8243;][\/vc_column][\/vc_row][vc_row el_class=\u00bbtimeline\u00bb][vc_column width=\u00bb2\/3&#8243;][vc_column_text]<\/p>\n<h2 class=\"h5\">A\u00f1os 90<\/h2>\n<p>Empieza la d\u00e9cada con el encargo de la Vila Universitaria, que supone su primera incursi\u00f3n en el mundo de la industrializaci\u00f3n en la arquitectura. A partir de este momento dan el salto a proyectos de arquitectura globales, desarrollando proyectos de diferentes escalas y diversidad de programa, sin dejar nunca de innovar en sus estructuras.[\/vc_column_text][\/vc_column][vc_column width=\u00bb1\/3&#8243;][\/vc_column][\/vc_row][vc_row el_class=\u00bbtimeline\u00bb][vc_column width=\u00bb2\/3&#8243;][vc_column_text]<\/p>\n<h2 class=\"h5\">2000-2010<\/h2>\n<p><strong>Ramon Ferrando<\/strong> y <strong>\u00c0gata Buxad\u00e9<\/strong>, que ya llevan a\u00f1os trabajando en el estudio, se incorporan como socios. Paralelamente, <strong>Carles Gelp\u00ed<\/strong> ha puesto en marcha su propio estudio de arquitectura. Ambos estudios colaboran a menudo en proyectos de muchos \u00e1mbitos y tama\u00f1os diferentes, p\u00fablicos y privados.[\/vc_column_text][\/vc_column][vc_column width=\u00bb1\/3&#8243;][\/vc_column][\/vc_row][vc_row el_class=\u00bbtimeline\u00bb][vc_column width=\u00bb2\/3&#8243;][vc_column_text]<\/p>\n<h2 class=\"h5\">2011-Actualmente<\/h2>\n<p>El a\u00f1o 2011 ambos estudios deciden fusionarse y unir sus trayectorias creando la nueva marca: 2BMFG arquitectes; un estudio de 2a generaci\u00f3n que suma al anterior una especial sensibilidad por el ecodise\u00f1o, la sostenibilidad y la econom\u00eda circular en la arquitectura.[\/vc_column_text][\/vc_column][vc_column width=\u00bb1\/3&#8243;][\/vc_column][\/vc_row]<\/p>\n<\/section>","protected":false},"excerpt":{"rendered":"<p>[vc_row][vc_column][vc_column_text el_class=\u00bbuppercase\u00bb] Pincelada de la trayectoria del despacho por d\u00e9cadas [\/vc_column_text][\/vc_column][\/vc_row][vc_row el_class=\u00bbtimeline mt-3&#8243;][vc_column width=\u00bb2\/3&#8243;][vc_column_text] A\u00f1os 60 Carles Buxad\u00e9 y Joan<\/p>\n","protected":false},"author":2,"featured_media":0,"parent":0,"menu_order":0,"comment_status":"closed","ping_status":"closed","template":"page-template.php","meta":{"footnotes":""},"class_list":["post-16526","page","type-page","status-publish","hentry"],"yoast_head":"<!-- This site is optimized with the Yoast SEO plugin v23.4 - https:\/\/yoast.com\/wordpress\/plugins\/seo\/ -->\n<title>Trayectoria - 2BMFG Arquitectes<\/title>\n<meta name=\"robots\" content=\"index, follow, max-snippet:-1, max-image-preview:large, max-video-preview:-1\" \/>\n<link rel=\"canonical\" href=\"https:\/\/2bmfg.com\/es\/trayectoria\/\" \/>\n<meta property=\"og:locale\" content=\"es_ES\" \/>\n<meta property=\"og:type\" content=\"article\" \/>\n<meta property=\"og:title\" content=\"Trayectoria - 2BMFG Arquitectes\" \/>\n<meta property=\"og:description\" content=\"[vc_row][vc_column][vc_column_text el_class=\u00bbuppercase\u00bb] Pincelada de la trayectoria del despacho por d\u00e9cadas [\/vc_column_text][\/vc_column][\/vc_row][vc_row el_class=\u00bbtimeline mt-3&#8243;][vc_column width=\u00bb2\/3&#8243;][vc_column_text] A\u00f1os 60 Carles Buxad\u00e9 y Joan\" \/>\n<meta property=\"og:url\" content=\"https:\/\/2bmfg.com\/es\/trayectoria\/\" \/>\n<meta property=\"og:site_name\" content=\"2BMFG Arquitectes\" \/>\n<meta property=\"article:modified_time\" content=\"2023-03-14T15:53:28+00:00\" \/>\n<meta name=\"twitter:card\" content=\"summary_large_image\" \/>\n<meta name=\"twitter:label1\" content=\"Est. reading time\" \/>\n\t<meta name=\"twitter:data1\" content=\"3 minutos\" \/>\n<script type=\"application\/ld+json\" class=\"yoast-schema-graph\">{\"@context\":\"https:\/\/schema.org\",\"@graph\":[{\"@type\":\"WebPage\",\"@id\":\"https:\/\/2bmfg.com\/es\/trayectoria\/\",\"url\":\"https:\/\/2bmfg.com\/es\/trayectoria\/\",\"name\":\"Trayectoria - 2BMFG Arquitectes\",\"isPartOf\":{\"@id\":\"https:\/\/2bmfg.com\/es\/#website\"},\"datePublished\":\"2021-10-15T11:36:47+00:00\",\"dateModified\":\"2023-03-14T15:53:28+00:00\",\"breadcrumb\":{\"@id\":\"https:\/\/2bmfg.com\/es\/trayectoria\/#breadcrumb\"},\"inLanguage\":\"es\",\"potentialAction\":[{\"@type\":\"ReadAction\",\"target\":[\"https:\/\/2bmfg.com\/es\/trayectoria\/\"]}]},{\"@type\":\"BreadcrumbList\",\"@id\":\"https:\/\/2bmfg.com\/es\/trayectoria\/#breadcrumb\",\"itemListElement\":[{\"@type\":\"ListItem\",\"position\":1,\"name\":\"Home\",\"item\":\"https:\/\/2bmfg.com\/es\/\"},{\"@type\":\"ListItem\",\"position\":2,\"name\":\"Trayectoria\"}]},{\"@type\":\"WebSite\",\"@id\":\"https:\/\/2bmfg.com\/es\/#website\",\"url\":\"https:\/\/2bmfg.com\/es\/\",\"name\":\"2BMFG Arquitectes\",\"description\":\"arquitectes\",\"publisher\":{\"@id\":\"https:\/\/2bmfg.com\/es\/#organization\"},\"potentialAction\":[{\"@type\":\"SearchAction\",\"target\":{\"@type\":\"EntryPoint\",\"urlTemplate\":\"https:\/\/2bmfg.com\/es\/?s={search_term_string}\"},\"query-input\":{\"@type\":\"PropertyValueSpecification\",\"valueRequired\":true,\"valueName\":\"search_term_string\"}}],\"inLanguage\":\"es\"},{\"@type\":\"Organization\",\"@id\":\"https:\/\/2bmfg.com\/es\/#organization\",\"name\":\"2BMFG Arquitectes\",\"url\":\"https:\/\/2bmfg.com\/es\/\",\"logo\":{\"@type\":\"ImageObject\",\"inLanguage\":\"es\",\"@id\":\"https:\/\/2bmfg.com\/es\/#\/schema\/logo\/image\/\",\"url\":\"https:\/\/2bmfg.com\/wp-content\/uploads\/2022\/09\/cropped-favicon_2BMFG_arquitectes.png\",\"contentUrl\":\"https:\/\/2bmfg.com\/wp-content\/uploads\/2022\/09\/cropped-favicon_2BMFG_arquitectes.png\",\"width\":512,\"height\":512,\"caption\":\"2BMFG Arquitectes\"},\"image\":{\"@id\":\"https:\/\/2bmfg.com\/es\/#\/schema\/logo\/image\/\"},\"sameAs\":[\"https:\/\/www.instagram.com\/2bmfg\/\"]}]}<\/script>\n<!-- \/ Yoast SEO plugin. -->","yoast_head_json":{"title":"Trayectoria - 2BMFG Arquitectes","robots":{"index":"index","follow":"follow","max-snippet":"max-snippet:-1","max-image-preview":"max-image-preview:large","max-video-preview":"max-video-preview:-1"},"canonical":"https:\/\/2bmfg.com\/es\/trayectoria\/","og_locale":"es_ES","og_type":"article","og_title":"Trayectoria - 2BMFG Arquitectes","og_description":"[vc_row][vc_column][vc_column_text el_class=\u00bbuppercase\u00bb] Pincelada de la trayectoria del despacho por d\u00e9cadas [\/vc_column_text][\/vc_column][\/vc_row][vc_row el_class=\u00bbtimeline mt-3&#8243;][vc_column width=\u00bb2\/3&#8243;][vc_column_text] A\u00f1os 60 Carles Buxad\u00e9 y Joan","og_url":"https:\/\/2bmfg.com\/es\/trayectoria\/","og_site_name":"2BMFG Arquitectes","article_modified_time":"2023-03-14T15:53:28+00:00","twitter_card":"summary_large_image","twitter_misc":{"Est. reading time":"3 minutos"},"schema":{"@context":"https:\/\/schema.org","@graph":[{"@type":"WebPage","@id":"https:\/\/2bmfg.com\/es\/trayectoria\/","url":"https:\/\/2bmfg.com\/es\/trayectoria\/","name":"Trayectoria - 2BMFG Arquitectes","isPartOf":{"@id":"https:\/\/2bmfg.com\/es\/#website"},"datePublished":"2021-10-15T11:36:47+00:00","dateModified":"2023-03-14T15:53:28+00:00","breadcrumb":{"@id":"https:\/\/2bmfg.com\/es\/trayectoria\/#breadcrumb"},"inLanguage":"es","potentialAction":[{"@type":"ReadAction","target":["https:\/\/2bmfg.com\/es\/trayectoria\/"]}]},{"@type":"BreadcrumbList","@id":"https:\/\/2bmfg.com\/es\/trayectoria\/#breadcrumb","itemListElement":[{"@type":"ListItem","position":1,"name":"Home","item":"https:\/\/2bmfg.com\/es\/"},{"@type":"ListItem","position":2,"name":"Trayectoria"}]},{"@type":"WebSite","@id":"https:\/\/2bmfg.com\/es\/#website","url":"https:\/\/2bmfg.com\/es\/","name":"2BMFG Arquitectes","description":"arquitectes","publisher":{"@id":"https:\/\/2bmfg.com\/es\/#organization"},"potentialAction":[{"@type":"SearchAction","target":{"@type":"EntryPoint","urlTemplate":"https:\/\/2bmfg.com\/es\/?s={search_term_string}"},"query-input":{"@type":"PropertyValueSpecification","valueRequired":true,"valueName":"search_term_string"}}],"inLanguage":"es"},{"@type":"Organization","@id":"https:\/\/2bmfg.com\/es\/#organization","name":"2BMFG Arquitectes","url":"https:\/\/2bmfg.com\/es\/","logo":{"@type":"ImageObject","inLanguage":"es","@id":"https:\/\/2bmfg.com\/es\/#\/schema\/logo\/image\/","url":"https:\/\/2bmfg.com\/wp-content\/uploads\/2022\/09\/cropped-favicon_2BMFG_arquitectes.png","contentUrl":"https:\/\/2bmfg.com\/wp-content\/uploads\/2022\/09\/cropped-favicon_2BMFG_arquitectes.png","width":512,"height":512,"caption":"2BMFG Arquitectes"},"image":{"@id":"https:\/\/2bmfg.com\/es\/#\/schema\/logo\/image\/"},"sameAs":["https:\/\/www.instagram.com\/2bmfg\/"]}]}},"_links":{"self":[{"href":"https:\/\/2bmfg.com\/es\/wp-json\/wp\/v2\/pages\/16526"}],"collection":[{"href":"https:\/\/2bmfg.com\/es\/wp-json\/wp\/v2\/pages"}],"about":[{"href":"https:\/\/2bmfg.com\/es\/wp-json\/wp\/v2\/types\/page"}],"author":[{"embeddable":true,"href":"https:\/\/2bmfg.com\/es\/wp-json\/wp\/v2\/users\/2"}],"replies":[{"embeddable":true,"href":"https:\/\/2bmfg.com\/es\/wp-json\/wp\/v2\/comments?post=16526"}],"version-history":[{"count":9,"href":"https:\/\/2bmfg.com\/es\/wp-json\/wp\/v2\/pages\/16526\/revisions"}],"predecessor-version":[{"id":17647,"href":"https:\/\/2bmfg.com\/es\/wp-json\/wp\/v2\/pages\/16526\/revisions\/17647"}],"wp:attachment":[{"href":"https:\/\/2bmfg.com\/es\/wp-json\/wp\/v2\/media?parent=16526"}],"curies":[{"name":"wp","href":"https:\/\/api.w.org\/{rel}","templated":true}]}}