{"id":14136,"date":"2021-09-07T08:34:23","date_gmt":"2021-09-07T08:34:23","guid":{"rendered":"https:\/\/2bmfg.com\/contacte\/"},"modified":"2023-03-14T12:36:51","modified_gmt":"2023-03-14T11:36:51","slug":"contactanos","status":"publish","type":"page","link":"https:\/\/2bmfg.com\/es\/contactanos\/","title":{"rendered":"Cont\u00e1ctanos"},"content":{"rendered":"<section class=\"wpb-content-wrapper\"><p>[vc_row equal_height=\u00bbyes\u00bb][vc_column width=\u00bb7\/12&#8243; offset=\u00bbvc_col-md-7 vc_col-xs-12&#8243; el_class=\u00bbmb-5&#8243;][vc_column_text el_class=\u00bbmb-4&#8243;]<\/p>\n<h1 class=\"letter-spaced uppercase\">Contacta con nosotros<\/h1>\n<p>No dudes en ponerse en contacto con nosotros a trav\u00e9s del formulario.[\/vc_column_text][vc_row_inner][vc_column_inner][vc_column_text el_class=\u00bbmb-3&#8243;]<\/p>\n<h4>Tel\u00e9fonos<\/h4>\n<p>+34 93 418.64 47<br \/>\n+ 34 93 372.42.12[\/vc_column_text][\/vc_column_inner][\/vc_row_inner][vc_row_inner][vc_column_inner][vc_column_text el_class=\u00bbmb-3&#8243;]<\/p>\n<h4>Direcci\u00f3n<\/h4>\n<p>Plaza Joaquim Pena 8, Planta Baja 08017 Barcelona.[\/vc_column_text][\/vc_column_inner][\/vc_row_inner][vc_row_inner][vc_column_inner][vc_column_text el_class=\u00bbmb-3&#8243;]<\/p>\n<h4>Parking<\/h4>\n<p>B:SM Cardenal de Sentmenat-Verg\u00f3s.<br \/>\nC\/ Cardenal de Sentmenat, 8 (08017).[\/vc_column_text][\/vc_column_inner][\/vc_row_inner][vc_row_inner][vc_column_inner][vc_column_text]<\/p>\n<h4>Transporte p\u00fablico<\/h4>\n<p><strong>Autob\u00fas:<\/strong> 66, v7, 68.<br \/>\n<strong>Tren:<\/strong> Ferrocarrils de la Generalitat, paradas Sarri\u00e0 y Tres Torres.<br \/>\n<strong>Bicing:<\/strong> Parada 311, Carrer Castellnou cantonada Carrer del Verg\u00f3s.[\/vc_column_text][\/vc_column_inner][\/vc_row_inner][\/vc_column][vc_column width=\u00bb5\/12&#8243; offset=\u00bbvc_col-md-5 vc_col-xs-12&#8243; el_class=\u00bbmb-5 pt-2&#8243;]\n<div class=\"wpcf7 no-js\" id=\"wpcf7-f14159-o1\" lang=\"es-ES\" dir=\"ltr\">\n<div class=\"screen-reader-response\"><p role=\"status\" aria-live=\"polite\" aria-atomic=\"true\"><\/p> <ul><\/ul><\/div>\n<form action=\"\/es\/wp-json\/wp\/v2\/pages\/14136#wpcf7-f14159-o1\" method=\"post\" class=\"wpcf7-form init\" aria-label=\"Formulario de contacto\" novalidate=\"novalidate\" data-status=\"init\">\n<div style=\"display: none;\">\n<input type=\"hidden\" name=\"_wpcf7\" value=\"14159\" \/>\n<input type=\"hidden\" name=\"_wpcf7_version\" value=\"5.9.8\" \/>\n<input type=\"hidden\" name=\"_wpcf7_locale\" value=\"es_ES\" \/>\n<input type=\"hidden\" name=\"_wpcf7_unit_tag\" value=\"wpcf7-f14159-o1\" \/>\n<input type=\"hidden\" name=\"_wpcf7_container_post\" value=\"0\" \/>\n<input type=\"hidden\" name=\"_wpcf7_posted_data_hash\" value=\"\" \/>\n<input type=\"hidden\" name=\"_wpcf7_recaptcha_response\" value=\"\" \/>\n<\/div>\n<div class=\"row\">\n\t<div class=\"col-md-6\">\n\t\t<p><span class=\"wpcf7-form-control-wrap\" data-name=\"your-name\"><input size=\"40\" maxlength=\"400\" class=\"wpcf7-form-control wpcf7-text wpcf7-validates-as-required\" aria-required=\"true\" aria-invalid=\"false\" placeholder=\"Nombre\" value=\"\" type=\"text\" name=\"your-name\" \/><\/span>\n\t\t<\/p>\n\t<\/div>\n\t<div class=\"col-md-6\">\n\t\t<p><span class=\"wpcf7-form-control-wrap\" data-name=\"telephone\"><input size=\"40\" maxlength=\"400\" class=\"wpcf7-form-control wpcf7-tel wpcf7-validates-as-required wpcf7-text wpcf7-validates-as-tel\" aria-required=\"true\" aria-invalid=\"false\" placeholder=\"Tel\u00e9fono\" value=\"\" type=\"tel\" name=\"telephone\" \/><\/span>\n\t\t<\/p>\n\t<\/div>\n<\/div>\n<p><span class=\"wpcf7-form-control-wrap\" data-name=\"your-email\"><input size=\"40\" maxlength=\"400\" class=\"wpcf7-form-control wpcf7-email wpcf7-validates-as-required wpcf7-text wpcf7-validates-as-email\" aria-required=\"true\" aria-invalid=\"false\" placeholder=\"exemple@mail.com\" value=\"\" type=\"email\" name=\"your-email\" \/><\/span>\n<\/p>\n<p><span class=\"wpcf7-form-control-wrap\" data-name=\"your-message\"><textarea cols=\"40\" rows=\"10\" maxlength=\"2000\" class=\"wpcf7-form-control wpcf7-textarea wpcf7-validates-as-required mb-3\" aria-required=\"true\" aria-invalid=\"false\" placeholder=\"Mensaje\" name=\"your-message\"><\/textarea><\/span>\n<\/p>\n<p>2BMFG ARQUITECTES, S.L.P como responsable del tratamiento tratar\u00e1 tus datos con la finalidad de dar respuesta a tu consulta o petici\u00f3n. Puedes acceder, rectificar y suprimir tus datos, as\u00ed como ejercer otros derechos consultando la informaci\u00f3n adicional y detallada sobre protecci\u00f3n de datos en nuestra <a href=\"\/politica-de-privacitat\">Pol\u00edtica de Privacidad<\/a>.\n<\/p>\n<p><span class=\"wpcf7-form-control-wrap\" data-name=\"privacy_policy\"><span class=\"wpcf7-form-control wpcf7-checkbox wpcf7-validates-as-required\"><span class=\"wpcf7-list-item first last\"><input type=\"checkbox\" name=\"privacy_policy[]\" value=\"He le\u00eddo y acepto las condiciones contenidas en la pol\u00edtica de privacidad sobre el tratamiento de mis datos para gestionar mi consulta o petici\u00f3n.\" \/><span class=\"wpcf7-list-item-label\">He le\u00eddo y acepto las condiciones contenidas en la pol\u00edtica de privacidad sobre el tratamiento de mis datos para gestionar mi consulta o petici\u00f3n.<\/span><\/span><\/span><\/span>\n<\/p>\n<div class=\"frm_submit\">\n\t<p><input class=\"wpcf7-form-control wpcf7-submit has-spinner\" type=\"submit\" value=\"Enviar\" \/><span class=\"arrow-right\"> <\/span>\n\t<\/p>\n<\/div><div class=\"wpcf7-response-output\" aria-hidden=\"true\"><\/div>\n<\/form>\n<\/div>\n[\/vc_column][\/vc_row][vc_row full_width=\u00bbstretch_row_content_no_spaces\u00bb][vc_column][vc_gmaps link=\u00bb#E-8_JTNDaWZyYW1lJTIwd2lkdGglM0QlMjI2MDAlMjIlMjBoZWlnaHQlM0QlMjI1MDAlMjIlMjBpZCUzRCUyMmdtYXBfY2FudmFzJTIyJTIwc3JjJTNEJTIyaHR0cHMlM0ElMkYlMkZtYXBzLmdvb2dsZS5jb20lMkZtYXBzJTNGcSUzRFBsYSUyNUMzJTI1QTdhJTI1MjBKb2FxdWltJTI1MjBQZW5hJTI1MjA4JTJDJTI1MjAwODAxNyUyQyUyNTIwQmFyY2Vsb25hLiUyNnQlM0QlMjZ6JTNEMTUlMjZpZSUzRFVURjglMjZpd2xvYyUzRCUyNm91dHB1dCUzRGVtYmVkJTIyJTIwZnJhbWVib3JkZXIlM0QlMjIwJTIyJTIwc3R5bGUlM0QlMjJib3JkZXIlM0EwJTIyJTIwYWxsb3dmdWxsc2NyZWVuJTNFJTNDJTJGaWZyYW1lJTNF\u00bb css=\u00bb.vc_custom_1636544525780{padding-top: 0px !important;padding-right: 0px !important;padding-bottom: 0px !important;padding-left: 0px !important;}\u00bb][\/vc_column][\/vc_row]<\/p>\n<\/section>","protected":false},"excerpt":{"rendered":"<p>[vc_row equal_height=\u00bbyes\u00bb][vc_column width=\u00bb7\/12&#8243; offset=\u00bbvc_col-md-7 vc_col-xs-12&#8243; el_class=\u00bbmb-5&#8243;][vc_column_text el_class=\u00bbmb-4&#8243;] Contacta con nosotros No dudes en ponerse en contacto con nosotros a trav\u00e9s<\/p>\n","protected":false},"author":3,"featured_media":0,"parent":0,"menu_order":0,"comment_status":"closed","ping_status":"closed","template":"page-template.php","meta":{"footnotes":""},"class_list":["post-14136","page","type-page","status-publish","hentry"],"yoast_head":"<!-- This site is optimized with the Yoast SEO plugin v23.4 - https:\/\/yoast.com\/wordpress\/plugins\/seo\/ -->\n<title>Cont\u00e1ctanos - 2BMFG Arquitectes<\/title>\n<meta name=\"robots\" content=\"index, follow, max-snippet:-1, max-image-preview:large, max-video-preview:-1\" \/>\n<link rel=\"canonical\" href=\"https:\/\/2bmfg.com\/es\/contactanos\/\" \/>\n<meta property=\"og:locale\" content=\"es_ES\" \/>\n<meta property=\"og:type\" content=\"article\" \/>\n<meta property=\"og:title\" content=\"Cont\u00e1ctanos - 2BMFG Arquitectes\" \/>\n<meta property=\"og:description\" content=\"[vc_row equal_height=\u00bbyes\u00bb][vc_column width=\u00bb7\/12&#8243; offset=\u00bbvc_col-md-7 vc_col-xs-12&#8243; el_class=\u00bbmb-5&#8243;][vc_column_text el_class=\u00bbmb-4&#8243;] Contacta con nosotros No dudes en ponerse en contacto con nosotros a trav\u00e9s\" \/>\n<meta property=\"og:url\" content=\"https:\/\/2bmfg.com\/es\/contactanos\/\" \/>\n<meta property=\"og:site_name\" content=\"2BMFG Arquitectes\" \/>\n<meta property=\"article:modified_time\" content=\"2023-03-14T11:36:51+00:00\" \/>\n<meta name=\"twitter:card\" content=\"summary_large_image\" \/>\n<meta name=\"twitter:label1\" content=\"Est. reading time\" \/>\n\t<meta name=\"twitter:data1\" content=\"1 minuto\" \/>\n<script type=\"application\/ld+json\" class=\"yoast-schema-graph\">{\"@context\":\"https:\/\/schema.org\",\"@graph\":[{\"@type\":\"WebPage\",\"@id\":\"https:\/\/2bmfg.com\/es\/contactanos\/\",\"url\":\"https:\/\/2bmfg.com\/es\/contactanos\/\",\"name\":\"Cont\u00e1ctanos - 2BMFG Arquitectes\",\"isPartOf\":{\"@id\":\"https:\/\/2bmfg.com\/es\/#website\"},\"datePublished\":\"2021-09-07T08:34:23+00:00\",\"dateModified\":\"2023-03-14T11:36:51+00:00\",\"breadcrumb\":{\"@id\":\"https:\/\/2bmfg.com\/es\/contactanos\/#breadcrumb\"},\"inLanguage\":\"es\",\"potentialAction\":[{\"@type\":\"ReadAction\",\"target\":[\"https:\/\/2bmfg.com\/es\/contactanos\/\"]}]},{\"@type\":\"BreadcrumbList\",\"@id\":\"https:\/\/2bmfg.com\/es\/contactanos\/#breadcrumb\",\"itemListElement\":[{\"@type\":\"ListItem\",\"position\":1,\"name\":\"Home\",\"item\":\"https:\/\/2bmfg.com\/es\/\"},{\"@type\":\"ListItem\",\"position\":2,\"name\":\"Cont\u00e1ctanos\"}]},{\"@type\":\"WebSite\",\"@id\":\"https:\/\/2bmfg.com\/es\/#website\",\"url\":\"https:\/\/2bmfg.com\/es\/\",\"name\":\"2BMFG Arquitectes\",\"description\":\"arquitectes\",\"publisher\":{\"@id\":\"https:\/\/2bmfg.com\/es\/#organization\"},\"potentialAction\":[{\"@type\":\"SearchAction\",\"target\":{\"@type\":\"EntryPoint\",\"urlTemplate\":\"https:\/\/2bmfg.com\/es\/?s={search_term_string}\"},\"query-input\":{\"@type\":\"PropertyValueSpecification\",\"valueRequired\":true,\"valueName\":\"search_term_string\"}}],\"inLanguage\":\"es\"},{\"@type\":\"Organization\",\"@id\":\"https:\/\/2bmfg.com\/es\/#organization\",\"name\":\"2BMFG Arquitectes\",\"url\":\"https:\/\/2bmfg.com\/es\/\",\"logo\":{\"@type\":\"ImageObject\",\"inLanguage\":\"es\",\"@id\":\"https:\/\/2bmfg.com\/es\/#\/schema\/logo\/image\/\",\"url\":\"https:\/\/2bmfg.com\/wp-content\/uploads\/2022\/09\/cropped-favicon_2BMFG_arquitectes.png\",\"contentUrl\":\"https:\/\/2bmfg.com\/wp-content\/uploads\/2022\/09\/cropped-favicon_2BMFG_arquitectes.png\",\"width\":512,\"height\":512,\"caption\":\"2BMFG Arquitectes\"},\"image\":{\"@id\":\"https:\/\/2bmfg.com\/es\/#\/schema\/logo\/image\/\"},\"sameAs\":[\"https:\/\/www.instagram.com\/2bmfg\/\"]}]}<\/script>\n<!-- \/ Yoast SEO plugin. -->","yoast_head_json":{"title":"Cont\u00e1ctanos - 2BMFG Arquitectes","robots":{"index":"index","follow":"follow","max-snippet":"max-snippet:-1","max-image-preview":"max-image-preview:large","max-video-preview":"max-video-preview:-1"},"canonical":"https:\/\/2bmfg.com\/es\/contactanos\/","og_locale":"es_ES","og_type":"article","og_title":"Cont\u00e1ctanos - 2BMFG Arquitectes","og_description":"[vc_row equal_height=\u00bbyes\u00bb][vc_column width=\u00bb7\/12&#8243; offset=\u00bbvc_col-md-7 vc_col-xs-12&#8243; el_class=\u00bbmb-5&#8243;][vc_column_text el_class=\u00bbmb-4&#8243;] Contacta con nosotros No dudes en ponerse en contacto con nosotros a trav\u00e9s","og_url":"https:\/\/2bmfg.com\/es\/contactanos\/","og_site_name":"2BMFG Arquitectes","article_modified_time":"2023-03-14T11:36:51+00:00","twitter_card":"summary_large_image","twitter_misc":{"Est. reading time":"1 minuto"},"schema":{"@context":"https:\/\/schema.org","@graph":[{"@type":"WebPage","@id":"https:\/\/2bmfg.com\/es\/contactanos\/","url":"https:\/\/2bmfg.com\/es\/contactanos\/","name":"Cont\u00e1ctanos - 2BMFG Arquitectes","isPartOf":{"@id":"https:\/\/2bmfg.com\/es\/#website"},"datePublished":"2021-09-07T08:34:23+00:00","dateModified":"2023-03-14T11:36:51+00:00","breadcrumb":{"@id":"https:\/\/2bmfg.com\/es\/contactanos\/#breadcrumb"},"inLanguage":"es","potentialAction":[{"@type":"ReadAction","target":["https:\/\/2bmfg.com\/es\/contactanos\/"]}]},{"@type":"BreadcrumbList","@id":"https:\/\/2bmfg.com\/es\/contactanos\/#breadcrumb","itemListElement":[{"@type":"ListItem","position":1,"name":"Home","item":"https:\/\/2bmfg.com\/es\/"},{"@type":"ListItem","position":2,"name":"Cont\u00e1ctanos"}]},{"@type":"WebSite","@id":"https:\/\/2bmfg.com\/es\/#website","url":"https:\/\/2bmfg.com\/es\/","name":"2BMFG Arquitectes","description":"arquitectes","publisher":{"@id":"https:\/\/2bmfg.com\/es\/#organization"},"potentialAction":[{"@type":"SearchAction","target":{"@type":"EntryPoint","urlTemplate":"https:\/\/2bmfg.com\/es\/?s={search_term_string}"},"query-input":{"@type":"PropertyValueSpecification","valueRequired":true,"valueName":"search_term_string"}}],"inLanguage":"es"},{"@type":"Organization","@id":"https:\/\/2bmfg.com\/es\/#organization","name":"2BMFG Arquitectes","url":"https:\/\/2bmfg.com\/es\/","logo":{"@type":"ImageObject","inLanguage":"es","@id":"https:\/\/2bmfg.com\/es\/#\/schema\/logo\/image\/","url":"https:\/\/2bmfg.com\/wp-content\/uploads\/2022\/09\/cropped-favicon_2BMFG_arquitectes.png","contentUrl":"https:\/\/2bmfg.com\/wp-content\/uploads\/2022\/09\/cropped-favicon_2BMFG_arquitectes.png","width":512,"height":512,"caption":"2BMFG Arquitectes"},"image":{"@id":"https:\/\/2bmfg.com\/es\/#\/schema\/logo\/image\/"},"sameAs":["https:\/\/www.instagram.com\/2bmfg\/"]}]}},"_links":{"self":[{"href":"https:\/\/2bmfg.com\/es\/wp-json\/wp\/v2\/pages\/14136"}],"collection":[{"href":"https:\/\/2bmfg.com\/es\/wp-json\/wp\/v2\/pages"}],"about":[{"href":"https:\/\/2bmfg.com\/es\/wp-json\/wp\/v2\/types\/page"}],"author":[{"embeddable":true,"href":"https:\/\/2bmfg.com\/es\/wp-json\/wp\/v2\/users\/3"}],"replies":[{"embeddable":true,"href":"https:\/\/2bmfg.com\/es\/wp-json\/wp\/v2\/comments?post=14136"}],"version-history":[{"count":9,"href":"https:\/\/2bmfg.com\/es\/wp-json\/wp\/v2\/pages\/14136\/revisions"}],"predecessor-version":[{"id":17629,"href":"https:\/\/2bmfg.com\/es\/wp-json\/wp\/v2\/pages\/14136\/revisions\/17629"}],"wp:attachment":[{"href":"https:\/\/2bmfg.com\/es\/wp-json\/wp\/v2\/media?parent=14136"}],"curies":[{"name":"wp","href":"https:\/\/api.w.org\/{rel}","templated":true}]}}