{"id":14112,"date":"2021-09-07T12:07:02","date_gmt":"2021-09-07T12:07:02","guid":{"rendered":"https:\/\/2bmfg.com\/habitatges\/"},"modified":"2024-01-16T13:22:56","modified_gmt":"2024-01-16T12:22:56","slug":"viviendas","status":"publish","type":"page","link":"https:\/\/2bmfg.com\/es\/viviendas\/","title":{"rendered":"Viviendas"},"content":{"rendered":"<section class=\"wpb-content-wrapper\"><p>[vc_row][vc_column][vc_column_text]<\/p>\n<h1 class=\"uppercase letter-spaced mb-4\">Proyectos de Vivienda<\/h1>\n<p>La vivienda es una de nuestras mayores ilusiones y fortalezas. S\u00f3lo en este \u00e1mbito hemos llevado a cabo 16 proyectos de obra nueva y 35 reformas integrales, desde casas unifamiliares a edificios de m\u00e1s de 100 viviendas. Tambi\u00e9n hemos realizado actuaciones masivas de reforzamiento y rehabilitaci\u00f3n en grandes bloques de 17 barrios residenciales con m\u00e1s de 15.000 viviendas afectadas.[\/vc_column_text][\/vc_column][\/vc_row]<\/p>\n<\/section>","protected":false},"excerpt":{"rendered":"<p>[vc_row][vc_column][vc_column_text] Proyectos de Vivienda La vivienda es una de nuestras mayores ilusiones y fortalezas. S\u00f3lo en este \u00e1mbito hemos llevado<\/p>\n","protected":false},"author":3,"featured_media":17360,"parent":0,"menu_order":0,"comment_status":"closed","ping_status":"closed","template":"habitatges-template.php","meta":{"footnotes":""},"class_list":["post-14112","page","type-page","status-publish","has-post-thumbnail","hentry"],"yoast_head":"<!-- This site is optimized with the Yoast SEO plugin v23.4 - https:\/\/yoast.com\/wordpress\/plugins\/seo\/ -->\n<title>Proyectos de Vivienda | 2BMFG Arquitectes<\/title>\n<meta name=\"description\" content=\"Dise\u00f1amos proyectos de vivienda sostenible, conservando la esencia innovadora, pero comprometidos con la sociedad y el medio ambiente.\" \/>\n<meta name=\"robots\" content=\"index, follow, max-snippet:-1, max-image-preview:large, max-video-preview:-1\" \/>\n<link rel=\"canonical\" href=\"https:\/\/2bmfg.com\/es\/viviendas\/\" \/>\n<meta property=\"og:locale\" content=\"es_ES\" \/>\n<meta property=\"og:type\" content=\"article\" \/>\n<meta property=\"og:title\" content=\"Proyectos de Vivienda | 2BMFG Arquitectes\" \/>\n<meta property=\"og:description\" content=\"Dise\u00f1amos proyectos de vivienda sostenible, conservando la esencia innovadora, pero comprometidos con la sociedad y el medio ambiente.\" \/>\n<meta property=\"og:url\" content=\"https:\/\/2bmfg.com\/es\/viviendas\/\" \/>\n<meta property=\"og:site_name\" content=\"2BMFG Arquitectes\" \/>\n<meta property=\"article:modified_time\" content=\"2024-01-16T12:22:56+00:00\" \/>\n<meta property=\"og:image\" content=\"https:\/\/2bmfg.com\/wp-content\/uploads\/2022\/09\/PAGINAINICI_HABITATGES2.jpg\" \/>\n\t<meta property=\"og:image:width\" content=\"1366\" \/>\n\t<meta property=\"og:image:height\" content=\"2048\" \/>\n\t<meta property=\"og:image:type\" content=\"image\/jpeg\" \/>\n<meta name=\"twitter:card\" content=\"summary_large_image\" \/>\n<meta name=\"twitter:label1\" content=\"Est. reading time\" \/>\n\t<meta name=\"twitter:data1\" content=\"1 minuto\" \/>\n<script type=\"application\/ld+json\" class=\"yoast-schema-graph\">{\"@context\":\"https:\/\/schema.org\",\"@graph\":[{\"@type\":\"WebPage\",\"@id\":\"https:\/\/2bmfg.com\/es\/viviendas\/\",\"url\":\"https:\/\/2bmfg.com\/es\/viviendas\/\",\"name\":\"Proyectos de Vivienda | 2BMFG Arquitectes\",\"isPartOf\":{\"@id\":\"https:\/\/2bmfg.com\/es\/#website\"},\"primaryImageOfPage\":{\"@id\":\"https:\/\/2bmfg.com\/es\/viviendas\/#primaryimage\"},\"image\":{\"@id\":\"https:\/\/2bmfg.com\/es\/viviendas\/#primaryimage\"},\"thumbnailUrl\":\"https:\/\/2bmfg.com\/wp-content\/uploads\/2022\/09\/PAGINAINICI_HABITATGES2.jpg\",\"datePublished\":\"2021-09-07T12:07:02+00:00\",\"dateModified\":\"2024-01-16T12:22:56+00:00\",\"description\":\"Dise\u00f1amos proyectos de vivienda sostenible, conservando la esencia innovadora, pero comprometidos con la sociedad y el medio ambiente.\",\"breadcrumb\":{\"@id\":\"https:\/\/2bmfg.com\/es\/viviendas\/#breadcrumb\"},\"inLanguage\":\"es\",\"potentialAction\":[{\"@type\":\"ReadAction\",\"target\":[\"https:\/\/2bmfg.com\/es\/viviendas\/\"]}]},{\"@type\":\"ImageObject\",\"inLanguage\":\"es\",\"@id\":\"https:\/\/2bmfg.com\/es\/viviendas\/#primaryimage\",\"url\":\"https:\/\/2bmfg.com\/wp-content\/uploads\/2022\/09\/PAGINAINICI_HABITATGES2.jpg\",\"contentUrl\":\"https:\/\/2bmfg.com\/wp-content\/uploads\/2022\/09\/PAGINAINICI_HABITATGES2.jpg\",\"width\":1366,\"height\":2048,\"caption\":\"ARQUITECTOS\"},{\"@type\":\"BreadcrumbList\",\"@id\":\"https:\/\/2bmfg.com\/es\/viviendas\/#breadcrumb\",\"itemListElement\":[{\"@type\":\"ListItem\",\"position\":1,\"name\":\"Home\",\"item\":\"https:\/\/2bmfg.com\/es\/\"},{\"@type\":\"ListItem\",\"position\":2,\"name\":\"Viviendas\"}]},{\"@type\":\"WebSite\",\"@id\":\"https:\/\/2bmfg.com\/es\/#website\",\"url\":\"https:\/\/2bmfg.com\/es\/\",\"name\":\"2BMFG Arquitectes\",\"description\":\"arquitectes\",\"publisher\":{\"@id\":\"https:\/\/2bmfg.com\/es\/#organization\"},\"potentialAction\":[{\"@type\":\"SearchAction\",\"target\":{\"@type\":\"EntryPoint\",\"urlTemplate\":\"https:\/\/2bmfg.com\/es\/?s={search_term_string}\"},\"query-input\":{\"@type\":\"PropertyValueSpecification\",\"valueRequired\":true,\"valueName\":\"search_term_string\"}}],\"inLanguage\":\"es\"},{\"@type\":\"Organization\",\"@id\":\"https:\/\/2bmfg.com\/es\/#organization\",\"name\":\"2BMFG Arquitectes\",\"url\":\"https:\/\/2bmfg.com\/es\/\",\"logo\":{\"@type\":\"ImageObject\",\"inLanguage\":\"es\",\"@id\":\"https:\/\/2bmfg.com\/es\/#\/schema\/logo\/image\/\",\"url\":\"https:\/\/2bmfg.com\/wp-content\/uploads\/2022\/09\/cropped-favicon_2BMFG_arquitectes.png\",\"contentUrl\":\"https:\/\/2bmfg.com\/wp-content\/uploads\/2022\/09\/cropped-favicon_2BMFG_arquitectes.png\",\"width\":512,\"height\":512,\"caption\":\"2BMFG Arquitectes\"},\"image\":{\"@id\":\"https:\/\/2bmfg.com\/es\/#\/schema\/logo\/image\/\"},\"sameAs\":[\"https:\/\/www.instagram.com\/2bmfg\/\"]}]}<\/script>\n<!-- \/ Yoast SEO plugin. -->","yoast_head_json":{"title":"Proyectos de Vivienda | 2BMFG Arquitectes","description":"Dise\u00f1amos proyectos de vivienda sostenible, conservando la esencia innovadora, pero comprometidos con la sociedad y el medio ambiente.","robots":{"index":"index","follow":"follow","max-snippet":"max-snippet:-1","max-image-preview":"max-image-preview:large","max-video-preview":"max-video-preview:-1"},"canonical":"https:\/\/2bmfg.com\/es\/viviendas\/","og_locale":"es_ES","og_type":"article","og_title":"Proyectos de Vivienda | 2BMFG Arquitectes","og_description":"Dise\u00f1amos proyectos de vivienda sostenible, conservando la esencia innovadora, pero comprometidos con la sociedad y el medio ambiente.","og_url":"https:\/\/2bmfg.com\/es\/viviendas\/","og_site_name":"2BMFG Arquitectes","article_modified_time":"2024-01-16T12:22:56+00:00","og_image":[{"width":1366,"height":2048,"url":"https:\/\/2bmfg.com\/wp-content\/uploads\/2022\/09\/PAGINAINICI_HABITATGES2.jpg","type":"image\/jpeg"}],"twitter_card":"summary_large_image","twitter_misc":{"Est. reading time":"1 minuto"},"schema":{"@context":"https:\/\/schema.org","@graph":[{"@type":"WebPage","@id":"https:\/\/2bmfg.com\/es\/viviendas\/","url":"https:\/\/2bmfg.com\/es\/viviendas\/","name":"Proyectos de Vivienda | 2BMFG Arquitectes","isPartOf":{"@id":"https:\/\/2bmfg.com\/es\/#website"},"primaryImageOfPage":{"@id":"https:\/\/2bmfg.com\/es\/viviendas\/#primaryimage"},"image":{"@id":"https:\/\/2bmfg.com\/es\/viviendas\/#primaryimage"},"thumbnailUrl":"https:\/\/2bmfg.com\/wp-content\/uploads\/2022\/09\/PAGINAINICI_HABITATGES2.jpg","datePublished":"2021-09-07T12:07:02+00:00","dateModified":"2024-01-16T12:22:56+00:00","description":"Dise\u00f1amos proyectos de vivienda sostenible, conservando la esencia innovadora, pero comprometidos con la sociedad y el medio ambiente.","breadcrumb":{"@id":"https:\/\/2bmfg.com\/es\/viviendas\/#breadcrumb"},"inLanguage":"es","potentialAction":[{"@type":"ReadAction","target":["https:\/\/2bmfg.com\/es\/viviendas\/"]}]},{"@type":"ImageObject","inLanguage":"es","@id":"https:\/\/2bmfg.com\/es\/viviendas\/#primaryimage","url":"https:\/\/2bmfg.com\/wp-content\/uploads\/2022\/09\/PAGINAINICI_HABITATGES2.jpg","contentUrl":"https:\/\/2bmfg.com\/wp-content\/uploads\/2022\/09\/PAGINAINICI_HABITATGES2.jpg","width":1366,"height":2048,"caption":"ARQUITECTOS"},{"@type":"BreadcrumbList","@id":"https:\/\/2bmfg.com\/es\/viviendas\/#breadcrumb","itemListElement":[{"@type":"ListItem","position":1,"name":"Home","item":"https:\/\/2bmfg.com\/es\/"},{"@type":"ListItem","position":2,"name":"Viviendas"}]},{"@type":"WebSite","@id":"https:\/\/2bmfg.com\/es\/#website","url":"https:\/\/2bmfg.com\/es\/","name":"2BMFG Arquitectes","description":"arquitectes","publisher":{"@id":"https:\/\/2bmfg.com\/es\/#organization"},"potentialAction":[{"@type":"SearchAction","target":{"@type":"EntryPoint","urlTemplate":"https:\/\/2bmfg.com\/es\/?s={search_term_string}"},"query-input":{"@type":"PropertyValueSpecification","valueRequired":true,"valueName":"search_term_string"}}],"inLanguage":"es"},{"@type":"Organization","@id":"https:\/\/2bmfg.com\/es\/#organization","name":"2BMFG Arquitectes","url":"https:\/\/2bmfg.com\/es\/","logo":{"@type":"ImageObject","inLanguage":"es","@id":"https:\/\/2bmfg.com\/es\/#\/schema\/logo\/image\/","url":"https:\/\/2bmfg.com\/wp-content\/uploads\/2022\/09\/cropped-favicon_2BMFG_arquitectes.png","contentUrl":"https:\/\/2bmfg.com\/wp-content\/uploads\/2022\/09\/cropped-favicon_2BMFG_arquitectes.png","width":512,"height":512,"caption":"2BMFG Arquitectes"},"image":{"@id":"https:\/\/2bmfg.com\/es\/#\/schema\/logo\/image\/"},"sameAs":["https:\/\/www.instagram.com\/2bmfg\/"]}]}},"_links":{"self":[{"href":"https:\/\/2bmfg.com\/es\/wp-json\/wp\/v2\/pages\/14112"}],"collection":[{"href":"https:\/\/2bmfg.com\/es\/wp-json\/wp\/v2\/pages"}],"about":[{"href":"https:\/\/2bmfg.com\/es\/wp-json\/wp\/v2\/types\/page"}],"author":[{"embeddable":true,"href":"https:\/\/2bmfg.com\/es\/wp-json\/wp\/v2\/users\/3"}],"replies":[{"embeddable":true,"href":"https:\/\/2bmfg.com\/es\/wp-json\/wp\/v2\/comments?post=14112"}],"version-history":[{"count":6,"href":"https:\/\/2bmfg.com\/es\/wp-json\/wp\/v2\/pages\/14112\/revisions"}],"predecessor-version":[{"id":17964,"href":"https:\/\/2bmfg.com\/es\/wp-json\/wp\/v2\/pages\/14112\/revisions\/17964"}],"wp:featuredmedia":[{"embeddable":true,"href":"https:\/\/2bmfg.com\/es\/wp-json\/wp\/v2\/media\/17360"}],"wp:attachment":[{"href":"https:\/\/2bmfg.com\/es\/wp-json\/wp\/v2\/media?parent=14112"}],"curies":[{"name":"wp","href":"https:\/\/api.w.org\/{rel}","templated":true}]}}