{"id":16833,"date":"2021-12-14T11:36:31","date_gmt":"2021-12-14T10:36:31","guid":{"rendered":"https:\/\/2bmfg.com\/equip\/"},"modified":"2025-01-21T14:07:02","modified_gmt":"2025-01-21T13:07:02","slug":"team","status":"publish","type":"page","link":"https:\/\/2bmfg.com\/en\/team\/","title":{"rendered":"Team"},"content":{"rendered":"<section class=\"wpb-content-wrapper\"><p>[vc_row][vc_column][vc_column_text el_class=&#8221;mb-4&#8243;]<\/p>\n<h1 class=\"uppercase letter-spaced\">Team<\/h1>\n<p>2BMFG is a second generation architecture studio founded by five partners: Carles and \u00c0gata Buxad\u00e9, Joan Margarit, Ramon Ferrando and Carles Gelp\u00ed. The experience accumulated in our 50 years of experience and the constant incorporation of knowledge keeps us competent, innovative and awake. We have a cohesive team of professionals able to face the most demanding challenges and, when the project requires it, we create strategic alliances with other studies to grow qualitatively.<\/p>\n<p>We know the sector well. We are part of various Catalan and European associations, as well as the academic sphere. We participate in congresses, conferences and talks at European level, and we are honored to have received nearly twenty mentions and awards.[\/vc_column_text][vc_single_image image=&#8221;16585&#8243; img_size=&#8221;full&#8221; el_class=&#8221;mb-5&#8243;][\/vc_column][\/vc_row][vc_row][vc_column][vc_column_text el_class=&#8221;mb-3&#8243;]<\/p>\n<h2 class=\"uppercase letter-spaced\">Leading the team<\/h2>\n<p>[\/vc_column_text][\/vc_column][\/vc_row][vc_row][vc_column width=&#8221;1\/3&#8243; css=&#8221;.vc_custom_1643995288445{margin-bottom: 20px !important;}&#8221;][vc_column_text el_class=&#8221;mb-4&#8243;]<\/p>\n<h2 class=\"uppercase letter-spaced h6\">\u00c0gata Buxad\u00e9 i Fortuny<\/h2>\n<p><strong>Barcelona 1970 \u00b7 Architect \u00b7 Founding Partner and Manager of 2BMFG.<\/strong>[\/vc_column_text][vc_tta_accordion style=&#8221;flat&#8221; shape=&#8221;square&#8221; color=&#8221;white&#8221; c_position=&#8221;right&#8221; active_section=&#8221;99&#8243; no_fill=&#8221;true&#8221; collapsible_all=&#8221;true&#8221;][vc_tta_section title=&#8221;Curriculum&#8221; tab_id=&#8221;1643995091394-9832f8ac-95ff&#8221;][vc_column_text]\u2022 Architect for the Barcelona School of Architecture since 1996.<\/p>\n<p>\u2022 Member of the Official College of Architects of Barcelona under number 28.320-7 since 27.02.1997.<\/p>\n<p>\u2022 Collaborator in the architectural studio of the architects Carles Buxad\u00e9 and Joan Margarit from 1990 to 2003.<\/p>\n<p>\u2022 Own architectural firm together with the architects Carles Buxad\u00e9, Joan Margarit and Ramon Ferrando since 2004.[\/vc_column_text][\/vc_tta_section][vc_tta_section title=&#8221;Teaching experience&#8221; tab_id=&#8221;1643995091457-5f7f30b1-4fcb&#8221;][vc_column_text]\u2022 Professor of Structure Calculations at La Salle \u2013 U.R.L. (Ramon Llull University) in Barcelona from 1998 to 2005.[\/vc_column_text][\/vc_tta_section][\/vc_tta_accordion][\/vc_column][vc_column width=&#8221;1\/3&#8243; css=&#8221;.vc_custom_1643995294507{margin-bottom: 20px !important;}&#8221;][vc_column_text el_class=&#8221;mb-4&#8243;]<\/p>\n<h2 class=\"uppercase letter-spaced h6\">Carles Gelp\u00ed i Arroyo<\/h2>\n<p><strong>Barcelona 1968 \u00b7 Architect \u00b7 Founding Partner and Co-Director of 2BMFG Projects.<\/strong>[\/vc_column_text][vc_tta_accordion style=&#8221;flat&#8221; shape=&#8221;square&#8221; color=&#8221;white&#8221; c_position=&#8221;right&#8221; active_section=&#8221;99&#8243; no_fill=&#8221;true&#8221; collapsible_all=&#8221;true&#8221;][vc_tta_section title=&#8221;Curriculum&#8221; tab_id=&#8221;1643994829529-c75d1cad-f32f&#8221;][vc_column_text]\u2022 Architect for the Barcelona School of Architecture since 1993.<\/p>\n<p>\u2022 Member of the Official College of Architects of Barcelona with the number 24.785-5 since 10.02.1994.<\/p>\n<p>\u2022 Member of the Association of Expert Forensic Architects.<\/p>\n<p>\u2022 Member of the Association of Structural Consultants since 2004.<\/p>\n<p>\u2022 Own architectural firm since 1992.[\/vc_column_text][\/vc_tta_section][vc_tta_section title=&#8221;Teaching experience&#8221; tab_id=&#8221;1643994829567-a05ef1f2-0afb&#8221;][vc_column_text]\u2022 Professor of several subjects related to Structure Calculations at the E.S.A.R.Q. \u2013 U.I.C. (International University of Catalonia) from 1998 to 2006.<\/p>\n<p>\u2022 MSc Professor of Structure Calculations at the E.T.S.A.B. \u2013 U.P.C. (Polytechnic University of Catalonia) since 2000.<\/p>\n<p>\u2022 Professor of Training Courses at the Col\u00b7legi Oficial d\u2019Aparelladors i Arquitectes T\u00e8cnics de Barcelona.<\/p>\n<p>\u2022 Speaker at \u201cImplantation of the Technical Code in Structures\u201d in 2007.<\/p>\n<p>\u2022 MSc Professor of \u201cTechnology for calculation, execution and control in Construction\u201d at the U.P.C. since 2007.<\/p>\n<p>\u2022 Speaker at the International Master \u201cBuilding Estructures: Rehabilitation and Pathology based on actual interventions\u201d by Zigurat, ACE and IEE and supported by the U.P.C. From 2012 to the present.[\/vc_column_text][\/vc_tta_section][\/vc_tta_accordion][\/vc_column][vc_column width=&#8221;1\/3&#8243; css=&#8221;.vc_custom_1643995300610{margin-bottom: 20px !important;}&#8221;][vc_column_text el_class=&#8221;mb-4&#8243;]<\/p>\n<h2 class=\"uppercase letter-spaced h6\">Ramon Ferrando i Rios<\/h2>\n<p><strong>Barcelona 1959 \u00b7 Architect \u00b7 Founding Partner and Co-Director of 2BMFG Projects.<\/strong>[\/vc_column_text][vc_tta_accordion style=&#8221;flat&#8221; shape=&#8221;square&#8221; color=&#8221;white&#8221; c_position=&#8221;right&#8221; active_section=&#8221;99&#8243; no_fill=&#8221;true&#8221; collapsible_all=&#8221;true&#8221;][vc_tta_section title=&#8221;Curriculum&#8221; tab_id=&#8221;1643993427920-b1ea0899-a62e&#8221;][vc_column_text]\u2022 Architect for the Barcelona School of Architecture since 1993.<\/p>\n<p>\u2022 Member of the Official College of Architects of Barcelona with the number 24767-7 since 19.01.1994.<\/p>\n<p>\u2022 Member of the Association of Expert Forensic Architects.<\/p>\n<p>\u2022 Member of the Association of Structural Consultants since 2004.<\/p>\n<p>\u2022 Collaborator in the architectural studio of the architects Carles Buxad\u00e9 and Joan Margarit from 1986 to 2003.<\/p>\n<p>\u2022 Own architectural firm together with the architects Carles Buxad\u00e9, Joan Margarit and \u00c0gata Buxad\u00e9 since 2004.[\/vc_column_text][\/vc_tta_section][vc_tta_section title=&#8221;Teaching experience&#8221; tab_id=&#8221;1643993579546-f0287910-9f87&#8243;][vc_column_text]\u2022 Professor of Structure Calculations at La Salle \u2013 U.R.L. (Ramon Llull University) in Barcelona from 2003 to 2007.<\/p>\n<p>\u2022 Professor of the 5th session \u201cRepair of reinforced concrete beams and floors\u201d at the Structural Engineering course of refurbishment by Escola Sert.<\/p>\n<p>\u2022 Speaker at the International Master \u201cBuilding Estructures: Rehabilitation and Pathology based on actual interventions\u201d by Zigurat, ACE and IEE and supported by the U.P.C. From 2012 to the present.[\/vc_column_text][\/vc_tta_section][\/vc_tta_accordion][\/vc_column][\/vc_row][vc_row][vc_column width=&#8221;1\/2&#8243; css=&#8221;.vc_custom_1644229423118{margin-bottom: 20px !important;}&#8221;][vc_column_text el_class=&#8221;mb-4&#8243;]<\/p>\n<h2 class=\"uppercase letter-spaced h6\">Carles Buxad\u00e9 i Ribot<\/h2>\n<p><strong>Barcelona 1942 \u00b7 Dr. Architect \u00b7 Founding partner of 2BMFG.<\/strong>[\/vc_column_text][vc_tta_accordion style=&#8221;flat&#8221; shape=&#8221;square&#8221; color=&#8221;white&#8221; c_position=&#8221;right&#8221; active_section=&#8221;99&#8243; no_fill=&#8221;true&#8221; collapsible_all=&#8221;true&#8221;][vc_tta_section title=&#8221;Curriculum&#8221; tab_id=&#8221;1644226989307-37d44532-6917&#8243;][vc_column_text]\u2022 Architect for the Barcelona School of Architecture since 1966.<\/p>\n<p>\u2022 Member of the Official College of Architects of Barcelona under number 2,846-0 since 25.08.1966.<\/p>\n<p>\u2022 Doctorate, Excellent cum laude in 1968.<\/p>\n<p>\u2022 Member of the Association of Expert Forensic Architects.<\/p>\n<p>\u2022 Member of the Association of Structural Consultants since 2004.<\/p>\n<p>\u2022 Member of the Royal Academy of Sciences and Arts of Barcelona since 25.05.2006.<\/p>\n<p>\u2022 Own architectural firm together with the architect Joan Margarit since 1970 and since 2004 with Joan Margarit, \u00c0gata Buxad\u00e9 and Ramon Ferrando.[\/vc_column_text][\/vc_tta_section][vc_tta_section title=&#8221;Teaching experience&#8221; tab_id=&#8221;1644226989370-b5d1d131-a421&#8243;][vc_column_text]\u2022 PhD in Architecture at the E.T.S.A.B. \u2013 U.P.C. (Polytechnic University of Catalonia) since 1970.<\/p>\n<p>\u2022 Professor of Structures II and Structures Introduction at the E.T.S.A.B. \u2013 U.P.C. from 1970 to 2002.<\/p>\n<p>\u2022 MSc Headmaster of \u201cDesign and Restoration of Architectural Structures\u201d at the U.P.C. during its 1st and 2nd edition, academic years 99-00 and 00-01.[\/vc_column_text][\/vc_tta_section][\/vc_tta_accordion][\/vc_column][vc_column width=&#8221;1\/2&#8243; css=&#8221;.vc_custom_1644229431925{margin-bottom: 20px !important;}&#8221;][vc_column_text el_class=&#8221;mb-4&#8243;]<\/p>\n<h2 class=\"uppercase letter-spaced h6\">Joan Margarit i Consarnau<\/h2>\n<p><strong>Sana\u00fcja 1938 &#8211; Barcelona 2021 \u00b7 Dr. Architect \u00b7 Founding partner of 2BMFG.<\/strong>[\/vc_column_text][vc_tta_accordion style=&#8221;flat&#8221; shape=&#8221;square&#8221; color=&#8221;white&#8221; c_position=&#8221;right&#8221; active_section=&#8221;99&#8243; no_fill=&#8221;true&#8221; collapsible_all=&#8221;true&#8221;][vc_tta_section title=&#8221;Curriculum&#8221; tab_id=&#8221;1644226874051-40166dd5-ac05&#8243;][vc_column_text]\u2022 Architect for the Barcelona School of Architecture since 1964.<\/p>\n<p>\u2022 Member of the Official College of Architects of Barcelona with the number 2,450-3 since 23.07.1964.<\/p>\n<p>\u2022 Doctorate, Excellent cum laude in 1968.<\/p>\n<p>\u2022 Member of the Royal Academy of Engineering of Barcelona since September 25, 2003.<\/p>\n<p>\u2022 Member of the Association of Structural Consultants since 2004.<\/p>\n<p>\u2022 Own architectural firm since 1970 and since 2004 with Carles Buxad\u00e9, \u00c0gata Buxad\u00e9 and Ramon Ferrando.[\/vc_column_text][\/vc_tta_section][vc_tta_section title=&#8221;Teaching experience&#8221; tab_id=&#8221;1644226874301-59e38721-bcb4&#8243;][vc_column_text]\u2022 PhD in Architecture at the E.T.S.A.B. \u2013 U.P.C. (Polytechnic University of Catalonia) since 1968.<\/p>\n<p>\u2022 Professor of Structures III and Structures Introduction at the E.T.S.A.B. \u2013 U.P.C. from 1970 to 1998.[\/vc_column_text][\/vc_tta_section][\/vc_tta_accordion][\/vc_column][\/vc_row][vc_row][vc_column][vc_single_image image=&#8221;16617&#8243; img_size=&#8221;full&#8221; el_class=&#8221;mb-5 mt-3&#8243;][\/vc_column][\/vc_row][vc_row][vc_column][vc_column_text el_class=&#8221;mb-3&#8243;]<\/p>\n<h2 class=\"uppercase letter-spaced\">Who works with us<\/h2>\n<p>[\/vc_column_text][\/vc_column][\/vc_row][vc_row][vc_column width=&#8221;1\/4&#8243;][vc_column_text el_class=&#8221;mb-3&#8243;]<\/p>\n<h2 class=\"uppercase letter-spaced h6\">LUCIA MARTINS<\/h2>\n<p><strong> Architect.<\/strong><br \/>\nShe has been working in the office since 2007.[\/vc_column_text][\/vc_column][vc_column width=&#8221;1\/4&#8243;][vc_column_text el_class=&#8221;mb-3&#8243;]<\/p>\n<h2 class=\"uppercase letter-spaced h6\">MARCEL SAURINA<\/h2>\n<p><strong> Civil Engineer.<\/strong><br \/>\nHe has been working in the office since 2007.[\/vc_column_text][\/vc_column][vc_column width=&#8221;1\/4&#8243;][vc_column_text el_class=&#8221;mb-3&#8243;]<\/p>\n<h2 class=\"uppercase letter-spaced h6\">ORIOL MARTOS<\/h2>\n<p><strong> Architect. <\/strong><br \/>\nHe has been working in the office since 2022.[\/vc_column_text][\/vc_column][vc_column width=&#8221;1\/4&#8243;][vc_column_text el_class=&#8221;mb-3&#8243;]<\/p>\n<h2 class=\"uppercase letter-spaced h6\">MERITXELL SECALL<\/h2>\n<p><strong> Architect. <\/strong><br \/>\nShe has been working in the office since 2022.[\/vc_column_text][\/vc_column][\/vc_row][vc_row][vc_column width=&#8221;1\/4&#8243;][vc_column_text el_class=&#8221;mb-3&#8243;]<\/p>\n<h2 class=\"uppercase letter-spaced h6\">A\u00cfDA COMABELLA<\/h2>\n<p><strong> Architect and building engineer.<\/strong><br \/>\nShe has been working in the office since 2022.[\/vc_column_text][\/vc_column][vc_column width=&#8221;1\/4&#8243;][vc_column_text el_class=&#8221;mb-3&#8243;]<\/p>\n<h2 class=\"uppercase letter-spaced h6\">PABLO QUILES<\/h2>\n<p><strong> Architect.<\/strong><br \/>\nHe has been working in the office since 2022.[\/vc_column_text][\/vc_column][vc_column width=&#8221;1\/4&#8243;][vc_column_text el_class=&#8221;mb-3&#8243;]<\/p>\n<h2 class=\"uppercase letter-spaced h6\">MARC SOLER<\/h2>\n<p><strong> Architect.<\/strong><br \/>\nHe has been working in the office since 2023.[\/vc_column_text][\/vc_column][vc_column width=&#8221;1\/4&#8243;][vc_column_text el_class=&#8221;mb-3&#8243;]<\/p>\n<h2 class=\"uppercase letter-spaced h6\">JAVIER CASTA\u00d1EDA<\/h2>\n<p><strong> Architect.<\/strong><br \/>\nHe has been working in the office since 2023.[\/vc_column_text][\/vc_column][\/vc_row][vc_row][vc_column width=&#8221;1\/4&#8243;][vc_column_text el_class=&#8221;mb-3&#8243;]<\/p>\n<h2 class=\"uppercase letter-spaced h6\">MARIA POM\u00c9S<\/h2>\n<p><strong>Industrial Engineer.\u00a0<\/strong><br \/>\nShe has been working in the office since 2022.[\/vc_column_text][\/vc_column][vc_column width=&#8221;1\/4&#8243;][vc_column_text el_class=&#8221;mb-3&#8243;]<\/p>\n<h2 class=\"uppercase letter-spaced h6\">AGUST\u00cdN RODR\u00cdGUEZ<\/h2>\n<p><strong>Architecture student at ETSAB.<\/strong><br \/>\nHe has been working in the office since 2022.[\/vc_column_text][\/vc_column][vc_column width=&#8221;1\/4&#8243;][vc_column_text el_class=&#8221;mb-3&#8243;]<\/p>\n<h2 class=\"uppercase letter-spaced h6\">ALEX BENITO<\/h2>\n<p><strong>Architect.<\/strong><br \/>\nHe has been working in the office since 2023.[\/vc_column_text][\/vc_column][vc_column width=&#8221;1\/4&#8243;][vc_column_text el_class=&#8221;mb-3&#8243;]<\/p>\n<h2 class=\"uppercase letter-spaced h6\">MIQUEL GIM\u00c9NEZ<\/h2>\n<p><strong>Architect.<\/strong><br \/>\nHe has been working in the office since 2024.[\/vc_column_text][\/vc_column][\/vc_row][vc_row][vc_column width=&#8221;1\/4&#8243;][vc_column_text el_class=&#8221;mb-3&#8243;]<\/p>\n<h2 class=\"uppercase letter-spaced h6\">ASSUMPTA ROSIN\u00c9S<\/h2>\n<p><strong>Architect.<\/strong><br \/>\nShe has been working in the office since 2024.[\/vc_column_text][\/vc_column][vc_column width=&#8221;1\/4&#8243;][vc_column_text el_class=&#8221;mb-3&#8243;]<\/p>\n<h2 class=\"uppercase letter-spaced h6\">MARGOT CLOTET RIU<\/h2>\n<p><strong>Architecture and Master Student at ETSAB.<\/strong><br \/>\nShe has been working in the office since 2024.[\/vc_column_text][\/vc_column][vc_column width=&#8221;1\/4&#8243;][vc_column_text el_class=&#8221;mb-3&#8243;]<\/p>\n<h2 class=\"uppercase letter-spaced h6\">SARA FONT<\/h2>\n<p><strong>Architecture student at ETSAB.<\/strong><br \/>\nShe has been working in the office since 2024.[\/vc_column_text][\/vc_column][vc_column width=&#8221;1\/4&#8243;][vc_column_text el_class=&#8221;mb-3&#8243;]<\/p>\n<h2 class=\"uppercase letter-spaced h6\">JOAN NIETO<\/h2>\n<p><strong>Architecture student at ETSAB.<\/strong><br \/>\nShe has been working in the office since 2024.[\/vc_column_text][\/vc_column][\/vc_row][vc_row][vc_column width=&#8221;1\/4&#8243;][vc_column_text el_class=&#8221;mb-3&#8243;]<\/p>\n<h2 class=\"uppercase letter-spaced h6\">MAITE GRAU<\/h2>\n<p><strong>Administrative and Executive Secretary. <\/strong><br \/>\nShe has been working in the office since 1986.[\/vc_column_text][\/vc_column][vc_column width=&#8221;1\/4&#8243;][\/vc_column][vc_column width=&#8221;1\/4&#8243;][\/vc_column][vc_column width=&#8221;1\/4&#8243;][\/vc_column][\/vc_row][vc_row][vc_column mobile_mb=&#8221;margin-xs-40b&#8221;][vc_column_text]<\/p>\n<h2 class=\"uppercase letter-spaced h6\">Who has worked with us:<\/h2>\n<p>Claudia Alavedra, Guillem Haro, Joan Miquel Ferriol, Susana Mu\u00f1oz, Manel Barnils, Patricia Guasch, Eduard Reus, Carla Martinez, Robert Rubio, Marc Oliv\u00e9, Andrea Berruezo, Laura Martinell, Anna Sol\u00e0, Pablo Puyuelo, Alba Sanchez, Carles Pinyol, Manel Barnils, Elena Marco, Carlos Pernia, Joan Puicferrer, Ana Vidal, Chantal Marf\u00e0, Mireia Regada, Sebasti\u00e0 Serrano, Miquel Mart\u00ednez, Patr\u00edcia Art\u00e9s de Arcos Klein, Natxa Yag\u00fce, Arantxa Ort\u00ed, Merc\u00e8 Amat, Gen\u00eds Plassa, Xavier Fondevila, Alicia Ortu\u00f1o, David Hernandez, Isabel Ascaso, Diana Carbonell, Cristian Mu\u00f1oz, Gabriella Secco, Africa Soler, Eli Vega, Susana Llapur, Jose Molina, N\u00faria Perell\u00f3, Eva Suarez, S\u00f2nia Hernandez, Oscar Serrano, Jaume Casadevall, Raquel Jurado, Cristina Nogu\u00e9, Pau Martinez, Radina Angelova, Matina Theodoropoulou, S\u00f2nia Camallonga, Cristina Carballares, Thais Roja, Anna Santolaria, M. Carmen Garrochategui, Joan Castellv\u00ed, Irene Gomez, Oswaldo Gil, Elian Pe\u00f1a, Maribel Cobeta, Jordi Gordon, Alba Folqu\u00e9, Blanca Meg\u00eda, Cl\u00e0udia Zwahlen, S\u00edlvia Coomonte, Beatriz Cabrera, Joel Piulats, Anna Font, Xavier Quer, Pol Massoni, Albert Montserrat, Pere Alfaras, L\u00eddia Padr\u00f3s, Merc\u00e8 Mundet, Xavier Huertas, Vanessa Mu\u00f1oz, Antoni P\u00e9rez, Alba Larrosa, Jordi Mestrich, Mar\u00e7al Bonadona, Gerant Yeray, Anna Souto, Marga Cerezo, Alba Benavides, \u00c0lex Gr\u00e0valos, Anna Badia, Rodrigo Land\u00e1buru, Isabel Gabarr\u00f3, Yolanda Salazar, Elisabet Polo.[\/vc_column_text][\/vc_column][\/vc_row][vc_row][vc_column][vc_column_text]<\/p>\n<h2 class=\"uppercase letter-spaced\">We collaborate with<\/h2>\n<p>[\/vc_column_text][\/vc_column][\/vc_row][vc_row][vc_column mobile_mb=&#8221;margin-xs-40b&#8221;][vc_column_text]<strong>Coautors: <\/strong>PICHarchitects_Pich-Aguilera &#8211; Ignasi Cristi\u00e0 &#8211; 2307 arquitectures SL<strong><br \/>\n<\/strong><\/p>\n<p><strong>Installations: <\/strong>ARMENGOL &amp; ROS CONSULTORS I ASSOCIATS, SLP &#8211; JG Ingenieros SA &#8211; Juncosa S\u00e1nchez Services enginyeria i arquitectura SLP<\/p>\n<p><strong>Technic architecture: <\/strong>FRANCESC XAIR\u00d3 I ASSOCIATS SLP &#8211; FONTGRAU T\u00c8CNICS SLP<\/p>\n<p><strong>Acoustic: <\/strong>WS ACOUSTICS[\/vc_column_text][\/vc_column][\/vc_row][vc_row][vc_column][vc_column_text el_class=&#8221;mb-3&#8243;]<\/p>\n<h2 class=\"uppercase letter-spaced\">Associations we belong to<\/h2>\n<p>[\/vc_column_text][\/vc_column][\/vc_row][vc_row][vc_column][vc_column_text]<strong>COAC:<\/strong> Col.legi Oficial d&#8217;Arquitectes de Catalunya<\/p>\n<p><strong>ACE:<\/strong> Associaci\u00f3 de Consultors d&#8217;Estructures<\/p>\n<p><strong>CAMBRA D\u2019EMPRESES DE SERVEIS PROFESSIONALS A LA CONSTRUCCI\u00d3.<\/strong><\/p>\n<p><strong>AAEPFMC: <\/strong>Agrupaci\u00f3 d\u2019arquitectes experts pericials,\u00a0forenses i mediadors<\/p>\n<p><strong>SAIR: <\/strong>Gruppo Europeo di Architettura, Urbanistica ed Ingegneria<\/p>\n<p><strong>PIMEC:<\/strong> Micro, petita i mitjana empresa de Catalunya[\/vc_column_text][\/vc_column][\/vc_row]<\/p>\n<\/section>","protected":false},"excerpt":{"rendered":"<p>[vc_row][vc_column][vc_column_text el_class=&#8221;mb-4&#8243;] Team 2BMFG is a second generation architecture studio founded by five partners: Carles and \u00c0gata Buxad\u00e9, Joan Margarit,<\/p>\n","protected":false},"author":2,"featured_media":0,"parent":0,"menu_order":0,"comment_status":"closed","ping_status":"closed","template":"page-template.php","meta":{"footnotes":""},"class_list":["post-16833","page","type-page","status-publish","hentry"],"yoast_head":"<!-- This site is optimized with the Yoast SEO plugin v23.4 - https:\/\/yoast.com\/wordpress\/plugins\/seo\/ -->\n<title>Team - 2bmfg<\/title>\n<meta name=\"robots\" content=\"index, follow, max-snippet:-1, max-image-preview:large, max-video-preview:-1\" \/>\n<link rel=\"canonical\" href=\"https:\/\/2bmfg.com\/en\/team\/\" \/>\n<meta property=\"og:locale\" content=\"en_US\" \/>\n<meta property=\"og:type\" content=\"article\" \/>\n<meta property=\"og:title\" content=\"Team - 2bmfg\" \/>\n<meta property=\"og:description\" content=\"[vc_row][vc_column][vc_column_text el_class=&#8221;mb-4&#8243;] Team 2BMFG is a second generation architecture studio founded by five partners: Carles and \u00c0gata Buxad\u00e9, Joan Margarit,\" \/>\n<meta property=\"og:url\" content=\"https:\/\/2bmfg.com\/en\/team\/\" \/>\n<meta property=\"og:site_name\" content=\"2bmfg\" \/>\n<meta property=\"article:modified_time\" content=\"2025-01-21T13:07:02+00:00\" \/>\n<meta name=\"twitter:card\" content=\"summary_large_image\" \/>\n<meta name=\"twitter:label1\" content=\"Est. reading time\" \/>\n\t<meta name=\"twitter:data1\" content=\"9 minutes\" \/>\n<script type=\"application\/ld+json\" class=\"yoast-schema-graph\">{\"@context\":\"https:\/\/schema.org\",\"@graph\":[{\"@type\":\"WebPage\",\"@id\":\"https:\/\/2bmfg.com\/en\/team\/\",\"url\":\"https:\/\/2bmfg.com\/en\/team\/\",\"name\":\"Team - 2bmfg\",\"isPartOf\":{\"@id\":\"https:\/\/2bmfg.com\/en\/#website\"},\"datePublished\":\"2021-12-14T10:36:31+00:00\",\"dateModified\":\"2025-01-21T13:07:02+00:00\",\"breadcrumb\":{\"@id\":\"https:\/\/2bmfg.com\/en\/team\/#breadcrumb\"},\"inLanguage\":\"en-US\",\"potentialAction\":[{\"@type\":\"ReadAction\",\"target\":[\"https:\/\/2bmfg.com\/en\/team\/\"]}]},{\"@type\":\"BreadcrumbList\",\"@id\":\"https:\/\/2bmfg.com\/en\/team\/#breadcrumb\",\"itemListElement\":[{\"@type\":\"ListItem\",\"position\":1,\"name\":\"Home\",\"item\":\"https:\/\/2bmfg.com\/en\/\"},{\"@type\":\"ListItem\",\"position\":2,\"name\":\"Team\"}]},{\"@type\":\"WebSite\",\"@id\":\"https:\/\/2bmfg.com\/en\/#website\",\"url\":\"https:\/\/2bmfg.com\/en\/\",\"name\":\"2bmfg\",\"description\":\"Just another WordPress site\",\"publisher\":{\"@id\":\"https:\/\/2bmfg.com\/en\/#organization\"},\"potentialAction\":[{\"@type\":\"SearchAction\",\"target\":{\"@type\":\"EntryPoint\",\"urlTemplate\":\"https:\/\/2bmfg.com\/en\/?s={search_term_string}\"},\"query-input\":{\"@type\":\"PropertyValueSpecification\",\"valueRequired\":true,\"valueName\":\"search_term_string\"}}],\"inLanguage\":\"en-US\"},{\"@type\":\"Organization\",\"@id\":\"https:\/\/2bmfg.com\/en\/#organization\",\"name\":\"2bmfg\",\"url\":\"https:\/\/2bmfg.com\/en\/\",\"logo\":{\"@type\":\"ImageObject\",\"inLanguage\":\"en-US\",\"@id\":\"https:\/\/2bmfg.com\/en\/#\/schema\/logo\/image\/\",\"url\":\"https:\/\/2bmfg.com\/wp-content\/uploads\/2022\/09\/cropped-favicon_2BMFG_arquitectes.png\",\"contentUrl\":\"https:\/\/2bmfg.com\/wp-content\/uploads\/2022\/09\/cropped-favicon_2BMFG_arquitectes.png\",\"width\":512,\"height\":512,\"caption\":\"2bmfg\"},\"image\":{\"@id\":\"https:\/\/2bmfg.com\/en\/#\/schema\/logo\/image\/\"},\"sameAs\":[\"https:\/\/www.instagram.com\/2bmfg\/\"]}]}<\/script>\n<!-- \/ Yoast SEO plugin. -->","yoast_head_json":{"title":"Team - 2bmfg","robots":{"index":"index","follow":"follow","max-snippet":"max-snippet:-1","max-image-preview":"max-image-preview:large","max-video-preview":"max-video-preview:-1"},"canonical":"https:\/\/2bmfg.com\/en\/team\/","og_locale":"en_US","og_type":"article","og_title":"Team - 2bmfg","og_description":"[vc_row][vc_column][vc_column_text el_class=&#8221;mb-4&#8243;] Team 2BMFG is a second generation architecture studio founded by five partners: Carles and \u00c0gata Buxad\u00e9, Joan Margarit,","og_url":"https:\/\/2bmfg.com\/en\/team\/","og_site_name":"2bmfg","article_modified_time":"2025-01-21T13:07:02+00:00","twitter_card":"summary_large_image","twitter_misc":{"Est. reading time":"9 minutes"},"schema":{"@context":"https:\/\/schema.org","@graph":[{"@type":"WebPage","@id":"https:\/\/2bmfg.com\/en\/team\/","url":"https:\/\/2bmfg.com\/en\/team\/","name":"Team - 2bmfg","isPartOf":{"@id":"https:\/\/2bmfg.com\/en\/#website"},"datePublished":"2021-12-14T10:36:31+00:00","dateModified":"2025-01-21T13:07:02+00:00","breadcrumb":{"@id":"https:\/\/2bmfg.com\/en\/team\/#breadcrumb"},"inLanguage":"en-US","potentialAction":[{"@type":"ReadAction","target":["https:\/\/2bmfg.com\/en\/team\/"]}]},{"@type":"BreadcrumbList","@id":"https:\/\/2bmfg.com\/en\/team\/#breadcrumb","itemListElement":[{"@type":"ListItem","position":1,"name":"Home","item":"https:\/\/2bmfg.com\/en\/"},{"@type":"ListItem","position":2,"name":"Team"}]},{"@type":"WebSite","@id":"https:\/\/2bmfg.com\/en\/#website","url":"https:\/\/2bmfg.com\/en\/","name":"2bmfg","description":"Just another WordPress site","publisher":{"@id":"https:\/\/2bmfg.com\/en\/#organization"},"potentialAction":[{"@type":"SearchAction","target":{"@type":"EntryPoint","urlTemplate":"https:\/\/2bmfg.com\/en\/?s={search_term_string}"},"query-input":{"@type":"PropertyValueSpecification","valueRequired":true,"valueName":"search_term_string"}}],"inLanguage":"en-US"},{"@type":"Organization","@id":"https:\/\/2bmfg.com\/en\/#organization","name":"2bmfg","url":"https:\/\/2bmfg.com\/en\/","logo":{"@type":"ImageObject","inLanguage":"en-US","@id":"https:\/\/2bmfg.com\/en\/#\/schema\/logo\/image\/","url":"https:\/\/2bmfg.com\/wp-content\/uploads\/2022\/09\/cropped-favicon_2BMFG_arquitectes.png","contentUrl":"https:\/\/2bmfg.com\/wp-content\/uploads\/2022\/09\/cropped-favicon_2BMFG_arquitectes.png","width":512,"height":512,"caption":"2bmfg"},"image":{"@id":"https:\/\/2bmfg.com\/en\/#\/schema\/logo\/image\/"},"sameAs":["https:\/\/www.instagram.com\/2bmfg\/"]}]}},"_links":{"self":[{"href":"https:\/\/2bmfg.com\/en\/wp-json\/wp\/v2\/pages\/16833"}],"collection":[{"href":"https:\/\/2bmfg.com\/en\/wp-json\/wp\/v2\/pages"}],"about":[{"href":"https:\/\/2bmfg.com\/en\/wp-json\/wp\/v2\/types\/page"}],"author":[{"embeddable":true,"href":"https:\/\/2bmfg.com\/en\/wp-json\/wp\/v2\/users\/2"}],"replies":[{"embeddable":true,"href":"https:\/\/2bmfg.com\/en\/wp-json\/wp\/v2\/comments?post=16833"}],"version-history":[{"count":34,"href":"https:\/\/2bmfg.com\/en\/wp-json\/wp\/v2\/pages\/16833\/revisions"}],"predecessor-version":[{"id":19362,"href":"https:\/\/2bmfg.com\/en\/wp-json\/wp\/v2\/pages\/16833\/revisions\/19362"}],"wp:attachment":[{"href":"https:\/\/2bmfg.com\/en\/wp-json\/wp\/v2\/media?parent=16833"}],"curies":[{"name":"wp","href":"https:\/\/api.w.org\/{rel}","templated":true}]}}