{"id":14205,"date":"2021-11-04T11:24:09","date_gmt":"2021-11-04T10:24:09","guid":{"rendered":"https:\/\/2bmfg.com\/politica-de-cookies\/"},"modified":"2024-03-20T14:05:32","modified_gmt":"2024-03-20T13:05:32","slug":"cookies-policy","status":"publish","type":"page","link":"https:\/\/2bmfg.com\/en\/cookies-policy\/","title":{"rendered":"Cookies Policy"},"content":{"rendered":"<section class=\"wpb-content-wrapper\"><p>[vc_row][vc_column][vc_column_text]<\/p>\n<h1 class=\"uppercase letter-spaced\">Cookies Policy<\/h1>\n<p><strong>Due to legal circumstances and to avoid other interpretations of those described in the document, we are obliged to only be able to show the information in Spanish in a legal manner. Sorry for the inconvenience and thank you for your understanding.<\/strong><\/p>\n<p><strong>INFORMACI\u00d3N SOBRE <\/strong><em><strong>COOKIES<\/strong><\/em><\/p>\n<p>Debido a la entrada en vigor de la referente modificaci\u00f3n de la \u201cLey de Servicios de la Sociedad de la Informaci\u00f3n\u201d (LSSICE) establecida por el Real Decreto 13\/2012, es de obligaci\u00f3n obtener el consentimiento expreso del usuario de todas las p\u00e1ginas web que usan <em>cookies <\/em>prescindibles,<em>\u00a0<\/em>antes de que \u00e9ste navegue por ellas.<\/p>\n<p>&nbsp;<\/p>\n<p><strong>\u00bfQU\u00c9 SON LAS <\/strong><em><strong>COOKIES<\/strong><\/em><strong>?<\/strong><\/p>\n<p>Las <em>cookies <\/em>y otras tecnolog\u00edas similares tales como local shared objects, flash <em>cookies <\/em>o p\u00edxeles, son herramientas empleadas por los servidores Web para almacenar y recuperar informaci\u00f3n acerca de sus visitantes, as\u00ed como para ofrecer un correcto funcionamiento del sitio.<br \/>\nMediante el uso de estos dispositivos se permite al servidor Web recordar algunos datos concernientes al usuario, como sus preferencias para la visualizaci\u00f3n de las p\u00e1ginas de ese servidor, nombre y contrase\u00f1a, productos que m\u00e1s le interesan, etc.<\/p>\n<p><strong>COOKIES AFECTADAS POR LA NORMATIVA Y <\/strong><em><strong>COOKIES <\/strong><\/em><strong>EXCEPTUADAS<\/strong><\/p>\n<p>Seg\u00fan la directiva de la UE, las <em>cookies <\/em>que requieren el consentimiento informado por parte del usuario son las <em>cookies <\/em>de anal\u00edtica y las de publicidad y afiliaci\u00f3n, quedando exceptuadas las de car\u00e1cter t\u00e9cnico y las necesarias para el funcionamiento del sitio web o la prestaci\u00f3n de servicios expresamente solicitados por el usuario.<\/p>\n<p><strong>\u00bfQU\u00c9 TIPOS DE <\/strong><em><strong>COOKIES <\/strong><\/em><strong>EXISTEN?<\/strong><\/p>\n<p>Sobre los tipos de cookies, existen cinco grandes grupos:<\/p>\n<ul>\n<li><em>Cookies <\/em>anal\u00edticas: recogen informaci\u00f3n del uso que se realiza del sitio web.<\/li>\n<li><em>Cookies <\/em>sociales: son aquellas necesarias para redes sociales externas.<\/li>\n<li><em>Cookies <\/em>de afiliados: permiten hacer un seguimiento de las visitas procedentes de otras webs, con las que el sitio web establece un contrato de afiliaci\u00f3n (empresas de afiliaci\u00f3n).<\/li>\n<li><em>Cookies <\/em>de publicidad y comportamentales: recogen informaci\u00f3n sobre las preferencias y elecciones personales del usuario (<em>retargeting<\/em>).<\/li>\n<li><em>Cookies <\/em>t\u00e9cnicas y funcionales: son las estrictamente necesarias para el uso del sitio web y para la prestaci\u00f3n del servicio contratado.<\/li>\n<\/ul>\n<p><strong>COOKIES <\/strong><strong>QUE SE UTILIZAN EN ESTE SITIO WEB<\/strong><\/p>\n<p><strong><em>Listar los nombres de las cookies, tipo, propietario, funci\u00f3n y vencimiento, por ejemplo:<\/em><\/strong><\/p>\n<ul>\n<li><strong>PHPSESSID<\/strong>: <em>cookie <\/em>t\u00e9cnica y estrictamente necesaria que contiene el identificador de la sesi\u00f3n. Se elimina al cerrar el navegador.<\/li>\n<li><strong>_lang<\/strong>: <em>cookie <\/em>t\u00e9cnica y estrictamente necesaria\u00a0que contiene el idioma de la sesi\u00f3n. Se elimina al cerrar el navegador.<\/li>\n<li><strong>ac_cookies<\/strong>:\u00a0<em>cookie <\/em>t\u00e9cnica y estrictamente necesaria que contiene el valor de si se ha aceptado la instalaci\u00f3n de cookies. Caduca en 1 a\u00f1o desde la \u00faltima actualizaci\u00f3n.<\/li>\n<li><strong>_ga<\/strong>: <em>cookie <\/em>de Google Analytics que habilita la funci\u00f3n de control de visitas \u00fanicas. La primera vez que un usuario entre en el sitio web a trav\u00e9s de un navegador se instalar\u00e1 esta <em>cookie<\/em>. Cuando este usuario vuelva a entrar en la web con el mismo navegador, la <em>cookie <\/em>considerar\u00e1 que es el mismo usuario. Solo en el caso de que el usuario cambie de navegador, se considerar\u00e1 otro usuario. Caduca a los 2 a\u00f1os desde la \u00faltima actualizaci\u00f3n.<\/li>\n<li>_<strong>gat<\/strong>: Esta <em>cookie <\/em>se asocia con Google Analytics Universal. Se utiliza para limitar la velocidad de petici\u00f3n \u2013 la limitaci\u00f3n de la recogida de datos en los sitios de alto tr\u00e1fico. Caduca a los 10 minutos.<\/li>\n<li><strong>_utma<\/strong>: <em>cookie de\u00a0<\/em>Google Analytics que registra la fecha de la primera y \u00faltima vez que el usuario visti\u00f3 el sitio web. Caduca a los 2 a\u00f1os desde la \u00faltima actualizaci\u00f3n.<\/li>\n<li><strong>_utmb<\/strong>: <em>cookie <\/em>de Google Analytics que registra la hora de llegada a la p\u00e1gina web. Caduca a los 30 minutos desde la \u00faltima actualizaci\u00f3n.<\/li>\n<li><strong>_utmc<\/strong>: <em>cookie <\/em>de Google Analytics utilizada para la interoperabilidad con el c\u00f3digo de seguimiento urchin.js. Se elimina al cerrar el navegador.<\/li>\n<li>_<strong>utmt<\/strong>: cookie de Google Analytics. Esta <em>cookie <\/em>se utiliza para procesar el tipo de solicitud pedida por el usuario. Caduca al finalizar la sesi\u00f3n.<\/li>\n<li>_<strong>utmv<\/strong>: cookie de Google Analytics. Esta <em>cookie <\/em>se utiliza para segmentar datos demogr\u00e1ficos. Caduca al finalizar la sesi\u00f3n.<\/li>\n<li><strong>_utmz<\/strong>: <em>cookie <\/em>de Google Analytics que almacena la fuente de tr\u00e1fico o una campa\u00f1a para explicar c\u00f3mo el usuario lleg\u00f3 al sitio web. Caduca a los 6 meses desde la \u00faltima actualizaci\u00f3n.<\/li>\n<\/ul>\n<p><strong>\u00a0<\/strong><\/p>\n<p><strong>REVOCACI\u00d3N DEL CONSENTIMIENTO PARA INSTALAR COOKIES<\/strong><\/p>\n<p><strong>COMO ELIMINAR LAS COOKIES DEL NAVEGADOR<\/strong><\/p>\n<p><strong>Chrome<\/strong><br \/>\n1. Selecciona el icono de Herramientas<br \/>\n2. Haz clic en Configuraci\u00f3n.<br \/>\n3. Haz clic en Mostrar Opciones Avanzadas.<br \/>\n4. En la secci\u00f3n \u201cPrivacidad\u201d haz clic en Configuraci\u00f3n de contenido.<br \/>\n\u2022 Eliminar cookies: Haz clic en Todas las cookies y los datos de sitios\u2026<br \/>\n\u2022 No permitir que se almacenen cookies.<br \/>\n5. Haz clic en Eliminar datos de navegaci\u00f3n (vaciar la Cach\u00e9).<br \/>\n6. Cierra y reinicia el navegador.<br \/>\nPara m\u00e1s informaci\u00f3n sobre Chrome pulse aqu\u00ed: <a href=\"http:\/\/support.google.com\/chrome\/answer\/95647?hl=es\">http:\/\/support.google.com\/chrome\/answer\/95647?hl=es<\/a><\/p>\n<p><strong>Internet Explorer.\u00a0Versi\u00f3n 11<\/strong><br \/>\n1. Selecciona Herramientas | Opciones de Internet.<br \/>\n2. Haz clic en la ficha General.<br \/>\n3. En la secci\u00f3n \u201cHistorial de exploraci\u00f3n\u201d, haz clic en Eliminar el historial de exploraci\u00f3n al salir.<br \/>\n4. Seleccionar Eliminar archivos.<br \/>\n5. Seleccionar Eliminar cookies.<br \/>\n6. Haz clic en Eliminar.<br \/>\n7. Haz clic en Aceptar.<br \/>\n8. Cierra y reinicia el navegador.<br \/>\nPara m\u00e1s informaci\u00f3n sobre Internet Explorer pulse aqu\u00ed: <a href=\"http:\/\/windows.microsoft.com\/es-419\/windows7\/how-to-manage-cookies-in-internet-explorer-9\">http:\/\/windows.microsoft.com\/es-419\/windows7\/how-to-manage-cookies-in-internet-explorer-9<\/a><\/p>\n<p><strong>Firefox. Versi\u00f3n 18<\/strong><br \/>\n1. Selecciona Firefox | Historial | Limpiar el historial reciente.<br \/>\n2. Al lado de \u201cDetalles\u201d, haz clic en la flecha hacia abajo.<br \/>\n3. Selecciona las siguientes casillas de verificaci\u00f3n:\u00a0Cookies,\u00a0Cach\u00e9,\u00a0Inicios de sesi\u00f3n activos<br \/>\n4. Usando el \u201cIntervalo de tiempo para borrar\u201d en el men\u00fa desplegable, selecciona Todo.<br \/>\n5. Haz clic en Borrar ahora.<br \/>\n6. Cierra y reinicia el navegador.<br \/>\nPuede aceptar o rechazar las cookies individualmente en las Preferencias de Firefox, en la secci\u00f3n Historial disponible en Herramientas &gt; Opciones &gt; Privacidad.<br \/>\nPara m\u00e1s informaci\u00f3n sobre Mozilla Firefox pulse aqu\u00ed: <a href=\"https:\/\/www.mozilla.org\/es-ES\/privacy\/websites\/#cookies\">https:\/\/www.mozilla.org\/es-ES\/privacy\/websites\/#cookies<\/a><\/p>\n<p><strong>Safari Versi\u00f3n 5.1<\/strong><br \/>\n1. Selecciona el icono de Safari \/ Editar | Restaurar Safari.<br \/>\n2. Selecciona las siguientes casillas de verificaci\u00f3n:\u00a0Borrar el historial,\u00a0Eliminar todos los datos de sitio web<br \/>\n3. Haz clic en Restablecer.<br \/>\n4. Cierra y reinicia el navegador.<br \/>\nPara m\u00e1s informaci\u00f3n sobre Safari pulse aqu\u00ed: <a href=\"http:\/\/support.apple.com\/kb\/PH5042\">http:\/\/support.apple.com\/kb\/PH5042<\/a><\/p>\n<p><strong>Opera<\/strong><br \/>\nOpciones \u2013 Avanzado \u2013 Cookies.<br \/>\nLas opciones de cookies controlan el modo en que Opera los maneja y por lo tanto su aceptaci\u00f3n o rechazo.<br \/>\nPara m\u00e1s informaci\u00f3n sobre \u00d3pera pulse aqu\u00ed: <a href=\"http:\/\/help.opera.com\/Linux\/10.60\/es-ES\/cookies.html\">http:\/\/help.opera.com\/Linux\/10.60\/es-ES\/cookies.html<\/a><\/p>\n<p><strong>Otros navegadores<\/strong><\/p>\n<p>Consulte la documentaci\u00f3n del navegador que tenga instalado.[\/vc_column_text][\/vc_column][\/vc_row]<\/p>\n<\/section>","protected":false},"excerpt":{"rendered":"<p>[vc_row][vc_column][vc_column_text] Cookies Policy Due to legal circumstances and to avoid other interpretations of those described in the document, we are<\/p>\n","protected":false},"author":2,"featured_media":0,"parent":0,"menu_order":0,"comment_status":"closed","ping_status":"closed","template":"page-template.php","meta":{"footnotes":""},"class_list":["post-14205","page","type-page","status-publish","hentry"],"yoast_head":"<!-- This site is optimized with the Yoast SEO plugin v23.4 - https:\/\/yoast.com\/wordpress\/plugins\/seo\/ -->\n<title>Cookies Policy - 2bmfg<\/title>\n<meta name=\"robots\" content=\"noindex, nofollow\" \/>\n<meta property=\"og:locale\" content=\"en_US\" \/>\n<meta property=\"og:type\" content=\"article\" \/>\n<meta property=\"og:title\" content=\"Cookies Policy - 2bmfg\" \/>\n<meta property=\"og:description\" content=\"[vc_row][vc_column][vc_column_text] Cookies Policy Due to legal circumstances and to avoid other interpretations of those described in the document, we are\" \/>\n<meta property=\"og:url\" content=\"https:\/\/2bmfg.com\/en\/cookies-policy\/\" \/>\n<meta property=\"og:site_name\" content=\"2bmfg\" \/>\n<meta property=\"article:modified_time\" content=\"2024-03-20T13:05:32+00:00\" \/>\n<meta name=\"twitter:card\" content=\"summary_large_image\" \/>\n<meta name=\"twitter:label1\" content=\"Est. reading time\" \/>\n\t<meta name=\"twitter:data1\" content=\"6 minutes\" \/>\n<script type=\"application\/ld+json\" class=\"yoast-schema-graph\">{\"@context\":\"https:\/\/schema.org\",\"@graph\":[{\"@type\":\"WebPage\",\"@id\":\"https:\/\/2bmfg.com\/en\/cookies-policy\/\",\"url\":\"https:\/\/2bmfg.com\/en\/cookies-policy\/\",\"name\":\"Cookies Policy - 2bmfg\",\"isPartOf\":{\"@id\":\"https:\/\/2bmfg.com\/en\/#website\"},\"datePublished\":\"2021-11-04T10:24:09+00:00\",\"dateModified\":\"2024-03-20T13:05:32+00:00\",\"breadcrumb\":{\"@id\":\"https:\/\/2bmfg.com\/en\/cookies-policy\/#breadcrumb\"},\"inLanguage\":\"en-US\",\"potentialAction\":[{\"@type\":\"ReadAction\",\"target\":[\"https:\/\/2bmfg.com\/en\/cookies-policy\/\"]}]},{\"@type\":\"BreadcrumbList\",\"@id\":\"https:\/\/2bmfg.com\/en\/cookies-policy\/#breadcrumb\",\"itemListElement\":[{\"@type\":\"ListItem\",\"position\":1,\"name\":\"Home\",\"item\":\"https:\/\/2bmfg.com\/en\/\"},{\"@type\":\"ListItem\",\"position\":2,\"name\":\"Cookies Policy\"}]},{\"@type\":\"WebSite\",\"@id\":\"https:\/\/2bmfg.com\/en\/#website\",\"url\":\"https:\/\/2bmfg.com\/en\/\",\"name\":\"2bmfg\",\"description\":\"Just another WordPress site\",\"publisher\":{\"@id\":\"https:\/\/2bmfg.com\/en\/#organization\"},\"potentialAction\":[{\"@type\":\"SearchAction\",\"target\":{\"@type\":\"EntryPoint\",\"urlTemplate\":\"https:\/\/2bmfg.com\/en\/?s={search_term_string}\"},\"query-input\":{\"@type\":\"PropertyValueSpecification\",\"valueRequired\":true,\"valueName\":\"search_term_string\"}}],\"inLanguage\":\"en-US\"},{\"@type\":\"Organization\",\"@id\":\"https:\/\/2bmfg.com\/en\/#organization\",\"name\":\"2bmfg\",\"url\":\"https:\/\/2bmfg.com\/en\/\",\"logo\":{\"@type\":\"ImageObject\",\"inLanguage\":\"en-US\",\"@id\":\"https:\/\/2bmfg.com\/en\/#\/schema\/logo\/image\/\",\"url\":\"https:\/\/2bmfg.com\/wp-content\/uploads\/2022\/09\/cropped-favicon_2BMFG_arquitectes.png\",\"contentUrl\":\"https:\/\/2bmfg.com\/wp-content\/uploads\/2022\/09\/cropped-favicon_2BMFG_arquitectes.png\",\"width\":512,\"height\":512,\"caption\":\"2bmfg\"},\"image\":{\"@id\":\"https:\/\/2bmfg.com\/en\/#\/schema\/logo\/image\/\"},\"sameAs\":[\"https:\/\/www.instagram.com\/2bmfg\/\"]}]}<\/script>\n<!-- \/ Yoast SEO plugin. -->","yoast_head_json":{"title":"Cookies Policy - 2bmfg","robots":{"index":"noindex","follow":"nofollow"},"og_locale":"en_US","og_type":"article","og_title":"Cookies Policy - 2bmfg","og_description":"[vc_row][vc_column][vc_column_text] Cookies Policy Due to legal circumstances and to avoid other interpretations of those described in the document, we are","og_url":"https:\/\/2bmfg.com\/en\/cookies-policy\/","og_site_name":"2bmfg","article_modified_time":"2024-03-20T13:05:32+00:00","twitter_card":"summary_large_image","twitter_misc":{"Est. reading time":"6 minutes"},"schema":{"@context":"https:\/\/schema.org","@graph":[{"@type":"WebPage","@id":"https:\/\/2bmfg.com\/en\/cookies-policy\/","url":"https:\/\/2bmfg.com\/en\/cookies-policy\/","name":"Cookies Policy - 2bmfg","isPartOf":{"@id":"https:\/\/2bmfg.com\/en\/#website"},"datePublished":"2021-11-04T10:24:09+00:00","dateModified":"2024-03-20T13:05:32+00:00","breadcrumb":{"@id":"https:\/\/2bmfg.com\/en\/cookies-policy\/#breadcrumb"},"inLanguage":"en-US","potentialAction":[{"@type":"ReadAction","target":["https:\/\/2bmfg.com\/en\/cookies-policy\/"]}]},{"@type":"BreadcrumbList","@id":"https:\/\/2bmfg.com\/en\/cookies-policy\/#breadcrumb","itemListElement":[{"@type":"ListItem","position":1,"name":"Home","item":"https:\/\/2bmfg.com\/en\/"},{"@type":"ListItem","position":2,"name":"Cookies Policy"}]},{"@type":"WebSite","@id":"https:\/\/2bmfg.com\/en\/#website","url":"https:\/\/2bmfg.com\/en\/","name":"2bmfg","description":"Just another WordPress site","publisher":{"@id":"https:\/\/2bmfg.com\/en\/#organization"},"potentialAction":[{"@type":"SearchAction","target":{"@type":"EntryPoint","urlTemplate":"https:\/\/2bmfg.com\/en\/?s={search_term_string}"},"query-input":{"@type":"PropertyValueSpecification","valueRequired":true,"valueName":"search_term_string"}}],"inLanguage":"en-US"},{"@type":"Organization","@id":"https:\/\/2bmfg.com\/en\/#organization","name":"2bmfg","url":"https:\/\/2bmfg.com\/en\/","logo":{"@type":"ImageObject","inLanguage":"en-US","@id":"https:\/\/2bmfg.com\/en\/#\/schema\/logo\/image\/","url":"https:\/\/2bmfg.com\/wp-content\/uploads\/2022\/09\/cropped-favicon_2BMFG_arquitectes.png","contentUrl":"https:\/\/2bmfg.com\/wp-content\/uploads\/2022\/09\/cropped-favicon_2BMFG_arquitectes.png","width":512,"height":512,"caption":"2bmfg"},"image":{"@id":"https:\/\/2bmfg.com\/en\/#\/schema\/logo\/image\/"},"sameAs":["https:\/\/www.instagram.com\/2bmfg\/"]}]}},"_links":{"self":[{"href":"https:\/\/2bmfg.com\/en\/wp-json\/wp\/v2\/pages\/14205"}],"collection":[{"href":"https:\/\/2bmfg.com\/en\/wp-json\/wp\/v2\/pages"}],"about":[{"href":"https:\/\/2bmfg.com\/en\/wp-json\/wp\/v2\/types\/page"}],"author":[{"embeddable":true,"href":"https:\/\/2bmfg.com\/en\/wp-json\/wp\/v2\/users\/2"}],"replies":[{"embeddable":true,"href":"https:\/\/2bmfg.com\/en\/wp-json\/wp\/v2\/comments?post=14205"}],"version-history":[{"count":5,"href":"https:\/\/2bmfg.com\/en\/wp-json\/wp\/v2\/pages\/14205\/revisions"}],"predecessor-version":[{"id":18267,"href":"https:\/\/2bmfg.com\/en\/wp-json\/wp\/v2\/pages\/14205\/revisions\/18267"}],"wp:attachment":[{"href":"https:\/\/2bmfg.com\/en\/wp-json\/wp\/v2\/media?parent=14205"}],"curies":[{"name":"wp","href":"https:\/\/api.w.org\/{rel}","templated":true}]}}