{"id":14203,"date":"2021-11-04T11:23:44","date_gmt":"2021-11-04T10:23:44","guid":{"rendered":"https:\/\/2bmfg.com\/aviso-legal\/"},"modified":"2021-12-03T17:54:25","modified_gmt":"2021-12-03T16:54:25","slug":"legal-disclaimer","status":"publish","type":"page","link":"https:\/\/2bmfg.com\/en\/legal-disclaimer\/","title":{"rendered":"Legal Disclaimer"},"content":{"rendered":"<section class=\"wpb-content-wrapper\"><p>[vc_row][vc_column][vc_column_text]<\/p>\n<h1 class=\"uppercase letter-spaced\">Legal Disclaimer<\/h1>\n<p><strong>Due to legal circumstances and to avoid other interpretations of those described in the document, we are obliged to only be able to show the information in Spanish in a legal manner. Sorry for the inconvenience and thank you for your understanding.<\/strong><\/p>\n<p style=\"text-align: justify;\">2BMFG ARQUITECTES SLP, en adelante <strong>2BMFG<\/strong>, responsable del sitio web <a href=\"http:\/\/www.2bmfg.com\/\">www.2bmfg.com<\/a>, pone a disposici\u00f3n de los usuarios el presente documento con el que pretende dar cumplimiento a las obligaciones dispuestas en la Ley 34\/2002, de Servicios de la Sociedad de la Informaci\u00f3n y del Comercio Electr\u00f3nico (LSSI-CE), as\u00ed como informar a todos los usuarios del sitio web respecto a cu\u00e1les son las condiciones de su uso.<\/p>\n<p style=\"text-align: justify;\">Toda persona que acceda a este sitio web asume el papel de usuario, comprometi\u00e9ndose a la observancia y cumplimiento riguroso de las disposiciones aqu\u00ed dispuestas, as\u00ed como a cualesquier otra disposici\u00f3n legal que fuera de aplicaci\u00f3n.<\/p>\n<p style=\"text-align: justify;\">El prestador se reserva el derecho a modificar cualquier tipo de informaci\u00f3n que pudiera aparecer en el sitio web, sin que exista obligaci\u00f3n de pre avisar o poner en conocimiento de los usuarios dichas obligaciones, entendi\u00e9ndose como suficiente con la publicaci\u00f3n en el sitio web del prestador.<\/p>\n<h3 style=\"text-align: justify;\">Responsabilidad<\/h3>\n<p style=\"text-align: justify;\"><strong>2BMFG<\/strong> se exime de cualquier tipo de responsabilidad derivada de la informaci\u00f3n publicada en su sitio web, siempre que esta informaci\u00f3n haya sido manipulada o introducida por un tercero ajeno al mismo.<\/p>\n<p style=\"text-align: justify;\">El sitio web <a href=\"www.2bmfg.com\">www.2bmfg.com<\/a> del prestador puede utilizar cookies (peque\u00f1os archivos de informaci\u00f3n que el servidor env\u00eda al ordenador de quien accede a la p\u00e1gina) para llevar a cabo determinadas funciones que son consideradas imprescindibles para el correcto funcionamiento y visualizaci\u00f3n del sitio. Las cookies utilizadas en el sitio web tienen, en todo caso, car\u00e1cter temporal con la \u00fanica finalidad de hacer m\u00e1s eficaz su transmisi\u00f3n ulterior y desaparecen al terminar la sesi\u00f3n del usuario. En ning\u00fan caso se utilizar\u00e1n las cookies para recoger informaci\u00f3n de car\u00e1cter personal.<\/p>\n<p style=\"text-align: justify;\">Desde el sitio web del cliente es posible que se redirija a contenidos de terceros sitios web. Dado que el prestador no puede controlar siempre los contenidos introducidos por los terceros en sus sitios web, \u00e9ste no asume ning\u00fan tipo de responsabilidad respecto a dichos contenidos. En todo caso, <strong>2BMFG<\/strong> manifiesta que proceder\u00e1 a la retirada inmediata de cualquier contenido que pudiera contravenir la legislaci\u00f3n nacional o internacional, la moral o el orden p\u00fablico, procediendo a la retirada inmediata de la redirecci\u00f3n a dicho sitio web, poniendo en conocimiento de las autoridades competentes el contenido en cuesti\u00f3n.<\/p>\n<p style=\"text-align: justify;\"><strong><strong>2BMFG<\/strong> no se hace responsable de la informaci\u00f3n y contenidos almacenados, a t\u00edtulo enunciativo pero no limitativo, en foros, \u201cchat\u00b4s\u201d, generadores de blogs, comentarios, redes sociales o cualesquier otro medio que permita a terceros publicar contenidos de forma independiente en la p\u00e1gina web del prestador. No obstante y en cumplimiento de lo dispuesto en el art. 11 y 16 de la LSSI-CE, <strong>2BMFG<\/strong> se pone a disposici\u00f3n de todos los usuarios, autoridades y fuerzas de seguridad, y colaborando de forma activa en la retirada o en su caso bloqueo de todos aquellos contenidos que pudieran afectar o contravenir la legislaci\u00f3n nacional, o internacional, derechos de terceros o la moral y el orden p\u00fablico. En caso de que el usuario considere que existe en el sitio web alg\u00fan contenido que pudiera ser susceptible de esta clasificaci\u00f3n, se ruega lo notifique de forma inmediata al administrador del sitio web al correo <a href=\"mailto:estudi@2bmfg.com\">estudi@2bmfg.com<\/a> .<\/strong><\/p>\n<p style=\"text-align: justify;\">Este sitio web ha sido revisado y probado para que funcione correctamente. En principio, puede garantizarse el correcto funcionamiento los 365 d\u00edas del a\u00f1o, 24 horas al d\u00eda. No obstante, el prestador no descarta la posibilidad de que existan ciertos errores de programaci\u00f3n, o que acontezcan causas de fuerza mayor, cat\u00e1strofes naturales, huelgas, o circunstancias semejantes que hagan imposible el acceso a la p\u00e1gina.<\/p>\n<h3 style=\"text-align: justify;\">Protecci\u00f3n de datos personales<\/h3>\n<p style=\"text-align: justify;\"><strong>2BMFG<\/strong>\u00a0se encuentra profundamente comprometida con el cumplimiento de la normativa espa\u00f1ola de protecci\u00f3n de datos de car\u00e1cter personal, y garantiza el cumplimiento \u00edntegro de las obligaciones dispuestas, as\u00ed como la implementaci\u00f3n de las medidas de seguridad dispuestas en el art. 9 de la Ley 15\/1999, de Protecci\u00f3n de Datos de Car\u00e1cter Personal (LOPD) y en el Reglamento de Desarrollo de la LOPD.<\/p>\n<p style=\"text-align: justify;\"><strong>2BMFG<\/strong> pone a disposici\u00f3n de los usuarios su la Pol\u00edtica de Privacidad informandoles\u00a0respecto a los siguientes aspectos:<\/p>\n<p style=\"text-align: justify;\">\u2013\u00a0\u00a0\u00a0\u00a0\u00a0\u00a0\u00a0\u00a0\u00a0 Datos del Responsable del tratamiento.<\/p>\n<p style=\"text-align: justify;\">\u2013\u00a0\u00a0\u00a0\u00a0\u00a0\u00a0\u00a0\u00a0\u00a0 Datos tratados.<\/p>\n<p style=\"text-align: justify;\">\u2013\u00a0\u00a0\u00a0\u00a0\u00a0\u00a0\u00a0\u00a0\u00a0 Fichero en el que se almacenan.<\/p>\n<p style=\"text-align: justify;\">\u2013\u00a0\u00a0\u00a0\u00a0\u00a0\u00a0\u00a0\u00a0\u00a0 Finalidad del tratamiento.<\/p>\n<p style=\"text-align: justify;\">\u2013\u00a0\u00a0\u00a0\u00a0\u00a0\u00a0\u00a0\u00a0\u00a0 Obligatoriedad o no de facilitarlos, as\u00ed como las consecuencias en caso de no facilitarlos.<\/p>\n<p style=\"text-align: justify;\">\u2013\u00a0\u00a0\u00a0\u00a0\u00a0\u00a0\u00a0\u00a0\u00a0 Sobre los derechos que asisten a todo usuario y el procedimiento para ejercitarlos.<\/p>\n<h3 style=\"text-align: justify;\">Propiedad Intelectual e industrial<\/h3>\n<p style=\"text-align: justify;\">El sitio web www.2bmfg.com, incluyendo a t\u00edtulo enunciativo pero no limitativo su programaci\u00f3n, edici\u00f3n, compilaci\u00f3n y dem\u00e1s elementos necesarios para su funcionamiento, los dise\u00f1os, logotipos, texto y\/o gr\u00e1ficos son propiedad del prestador o en su caso dispone de licencia o autorizaci\u00f3n expresa por parte de los autores. Todos los contenidos del sitio web se encuentran debidamente protegidos por la normativa de propiedad intelectual e industrial, as\u00ed como inscritos en los registros p\u00fablicos correspondientes.<\/p>\n<p style=\"text-align: justify;\">Independientemente de la finalidad para la que fueran destinados, la reproducci\u00f3n total o parcial, uso, explotaci\u00f3n, distribuci\u00f3n y comercializaci\u00f3n, requiere en todo caso de la autorizaci\u00f3n escrita previa por parte del prestador. Cualquier uso no autorizado previamente por parte del prestador ser\u00e1 considerado un incumplimiento grave de los derechos de propiedad intelectual o industrial del autor.<\/p>\n<p style=\"text-align: justify;\">El prestador reconoce a favor de sus titulares los correspondientes derechos de propiedad industrial e intelectual, no implicando su sola menci\u00f3n o aparici\u00f3n en el sitio web la existencia de derechos o responsabilidad alguna del prestador sobre los mismos, como tampoco respaldo, patrocinio o recomendaci\u00f3n por parte del mismo.<\/p>\n<p style=\"text-align: justify;\">Para realizar cualquier tipo de observaci\u00f3n respecto a posibles incumplimientos de los derechos de propiedad intelectual o industrial, as\u00ed como sobre cualquiera de los contenidos del sitio web, puede hacerlo a trav\u00e9s del siguiente correo electr\u00f3nico.<\/p>\n<h3 style=\"text-align: justify;\">Ley Aplicable y Jurisdicci\u00f3n<\/h3>\n<p style=\"text-align: justify;\">Para la resoluci\u00f3n de todas las controversias o cuestiones relacionadas con el presente sitio web o de las actividades en \u00e9l desarrolladas, ser\u00e1 de aplicaci\u00f3n la legislaci\u00f3n espa\u00f1ola, a la que se someten expresamente las partes, siendo competentes para la resoluci\u00f3n de todos los conflictos derivados o relacionados con su uso los Juzgados y Tribunales de Barcelona Espa\u00f1a.<\/p>\n<p>[\/vc_column_text][\/vc_column][\/vc_row]<\/p>\n<\/section>","protected":false},"excerpt":{"rendered":"<p>[vc_row][vc_column][vc_column_text] Legal Disclaimer Due to legal circumstances and to avoid other interpretations of those described in the document, we are<\/p>\n","protected":false},"author":2,"featured_media":0,"parent":0,"menu_order":0,"comment_status":"closed","ping_status":"closed","template":"page-template.php","meta":{"footnotes":""},"class_list":["post-14203","page","type-page","status-publish","hentry"],"yoast_head":"<!-- This site is optimized with the Yoast SEO plugin v23.4 - https:\/\/yoast.com\/wordpress\/plugins\/seo\/ -->\n<title>Legal Disclaimer - 2bmfg<\/title>\n<meta name=\"robots\" content=\"noindex, nofollow\" \/>\n<meta property=\"og:locale\" content=\"en_US\" \/>\n<meta property=\"og:type\" content=\"article\" \/>\n<meta property=\"og:title\" content=\"Legal Disclaimer - 2bmfg\" \/>\n<meta property=\"og:description\" content=\"[vc_row][vc_column][vc_column_text] Legal Disclaimer Due to legal circumstances and to avoid other interpretations of those described in the document, we are\" \/>\n<meta property=\"og:url\" content=\"https:\/\/2bmfg.com\/en\/legal-disclaimer\/\" \/>\n<meta property=\"og:site_name\" content=\"2bmfg\" \/>\n<meta property=\"article:modified_time\" content=\"2021-12-03T16:54:25+00:00\" \/>\n<meta name=\"twitter:card\" content=\"summary_large_image\" \/>\n<meta name=\"twitter:label1\" content=\"Est. reading time\" \/>\n\t<meta name=\"twitter:data1\" content=\"6 minutes\" \/>\n<script type=\"application\/ld+json\" class=\"yoast-schema-graph\">{\"@context\":\"https:\/\/schema.org\",\"@graph\":[{\"@type\":\"WebPage\",\"@id\":\"https:\/\/2bmfg.com\/en\/legal-disclaimer\/\",\"url\":\"https:\/\/2bmfg.com\/en\/legal-disclaimer\/\",\"name\":\"Legal Disclaimer - 2bmfg\",\"isPartOf\":{\"@id\":\"https:\/\/2bmfg.com\/en\/#website\"},\"datePublished\":\"2021-11-04T10:23:44+00:00\",\"dateModified\":\"2021-12-03T16:54:25+00:00\",\"breadcrumb\":{\"@id\":\"https:\/\/2bmfg.com\/en\/legal-disclaimer\/#breadcrumb\"},\"inLanguage\":\"en-US\",\"potentialAction\":[{\"@type\":\"ReadAction\",\"target\":[\"https:\/\/2bmfg.com\/en\/legal-disclaimer\/\"]}]},{\"@type\":\"BreadcrumbList\",\"@id\":\"https:\/\/2bmfg.com\/en\/legal-disclaimer\/#breadcrumb\",\"itemListElement\":[{\"@type\":\"ListItem\",\"position\":1,\"name\":\"Home\",\"item\":\"https:\/\/2bmfg.com\/en\/\"},{\"@type\":\"ListItem\",\"position\":2,\"name\":\"Legal Disclaimer\"}]},{\"@type\":\"WebSite\",\"@id\":\"https:\/\/2bmfg.com\/en\/#website\",\"url\":\"https:\/\/2bmfg.com\/en\/\",\"name\":\"2bmfg\",\"description\":\"Just another WordPress site\",\"publisher\":{\"@id\":\"https:\/\/2bmfg.com\/en\/#organization\"},\"potentialAction\":[{\"@type\":\"SearchAction\",\"target\":{\"@type\":\"EntryPoint\",\"urlTemplate\":\"https:\/\/2bmfg.com\/en\/?s={search_term_string}\"},\"query-input\":{\"@type\":\"PropertyValueSpecification\",\"valueRequired\":true,\"valueName\":\"search_term_string\"}}],\"inLanguage\":\"en-US\"},{\"@type\":\"Organization\",\"@id\":\"https:\/\/2bmfg.com\/en\/#organization\",\"name\":\"2bmfg\",\"url\":\"https:\/\/2bmfg.com\/en\/\",\"logo\":{\"@type\":\"ImageObject\",\"inLanguage\":\"en-US\",\"@id\":\"https:\/\/2bmfg.com\/en\/#\/schema\/logo\/image\/\",\"url\":\"https:\/\/2bmfg.com\/wp-content\/uploads\/2022\/09\/cropped-favicon_2BMFG_arquitectes.png\",\"contentUrl\":\"https:\/\/2bmfg.com\/wp-content\/uploads\/2022\/09\/cropped-favicon_2BMFG_arquitectes.png\",\"width\":512,\"height\":512,\"caption\":\"2bmfg\"},\"image\":{\"@id\":\"https:\/\/2bmfg.com\/en\/#\/schema\/logo\/image\/\"},\"sameAs\":[\"https:\/\/www.instagram.com\/2bmfg\/\"]}]}<\/script>\n<!-- \/ Yoast SEO plugin. -->","yoast_head_json":{"title":"Legal Disclaimer - 2bmfg","robots":{"index":"noindex","follow":"nofollow"},"og_locale":"en_US","og_type":"article","og_title":"Legal Disclaimer - 2bmfg","og_description":"[vc_row][vc_column][vc_column_text] Legal Disclaimer Due to legal circumstances and to avoid other interpretations of those described in the document, we are","og_url":"https:\/\/2bmfg.com\/en\/legal-disclaimer\/","og_site_name":"2bmfg","article_modified_time":"2021-12-03T16:54:25+00:00","twitter_card":"summary_large_image","twitter_misc":{"Est. reading time":"6 minutes"},"schema":{"@context":"https:\/\/schema.org","@graph":[{"@type":"WebPage","@id":"https:\/\/2bmfg.com\/en\/legal-disclaimer\/","url":"https:\/\/2bmfg.com\/en\/legal-disclaimer\/","name":"Legal Disclaimer - 2bmfg","isPartOf":{"@id":"https:\/\/2bmfg.com\/en\/#website"},"datePublished":"2021-11-04T10:23:44+00:00","dateModified":"2021-12-03T16:54:25+00:00","breadcrumb":{"@id":"https:\/\/2bmfg.com\/en\/legal-disclaimer\/#breadcrumb"},"inLanguage":"en-US","potentialAction":[{"@type":"ReadAction","target":["https:\/\/2bmfg.com\/en\/legal-disclaimer\/"]}]},{"@type":"BreadcrumbList","@id":"https:\/\/2bmfg.com\/en\/legal-disclaimer\/#breadcrumb","itemListElement":[{"@type":"ListItem","position":1,"name":"Home","item":"https:\/\/2bmfg.com\/en\/"},{"@type":"ListItem","position":2,"name":"Legal Disclaimer"}]},{"@type":"WebSite","@id":"https:\/\/2bmfg.com\/en\/#website","url":"https:\/\/2bmfg.com\/en\/","name":"2bmfg","description":"Just another WordPress site","publisher":{"@id":"https:\/\/2bmfg.com\/en\/#organization"},"potentialAction":[{"@type":"SearchAction","target":{"@type":"EntryPoint","urlTemplate":"https:\/\/2bmfg.com\/en\/?s={search_term_string}"},"query-input":{"@type":"PropertyValueSpecification","valueRequired":true,"valueName":"search_term_string"}}],"inLanguage":"en-US"},{"@type":"Organization","@id":"https:\/\/2bmfg.com\/en\/#organization","name":"2bmfg","url":"https:\/\/2bmfg.com\/en\/","logo":{"@type":"ImageObject","inLanguage":"en-US","@id":"https:\/\/2bmfg.com\/en\/#\/schema\/logo\/image\/","url":"https:\/\/2bmfg.com\/wp-content\/uploads\/2022\/09\/cropped-favicon_2BMFG_arquitectes.png","contentUrl":"https:\/\/2bmfg.com\/wp-content\/uploads\/2022\/09\/cropped-favicon_2BMFG_arquitectes.png","width":512,"height":512,"caption":"2bmfg"},"image":{"@id":"https:\/\/2bmfg.com\/en\/#\/schema\/logo\/image\/"},"sameAs":["https:\/\/www.instagram.com\/2bmfg\/"]}]}},"_links":{"self":[{"href":"https:\/\/2bmfg.com\/en\/wp-json\/wp\/v2\/pages\/14203"}],"collection":[{"href":"https:\/\/2bmfg.com\/en\/wp-json\/wp\/v2\/pages"}],"about":[{"href":"https:\/\/2bmfg.com\/en\/wp-json\/wp\/v2\/types\/page"}],"author":[{"embeddable":true,"href":"https:\/\/2bmfg.com\/en\/wp-json\/wp\/v2\/users\/2"}],"replies":[{"embeddable":true,"href":"https:\/\/2bmfg.com\/en\/wp-json\/wp\/v2\/comments?post=14203"}],"version-history":[{"count":3,"href":"https:\/\/2bmfg.com\/en\/wp-json\/wp\/v2\/pages\/14203\/revisions"}],"predecessor-version":[{"id":14210,"href":"https:\/\/2bmfg.com\/en\/wp-json\/wp\/v2\/pages\/14203\/revisions\/14210"}],"wp:attachment":[{"href":"https:\/\/2bmfg.com\/en\/wp-json\/wp\/v2\/media?parent=14203"}],"curies":[{"name":"wp","href":"https:\/\/api.w.org\/{rel}","templated":true}]}}